{"id":1006976,"date":"2020-11-19T09:47:02","date_gmt":"2020-11-19T08:47:02","guid":{"rendered":"https:\/\/tzosvetanedelja.hr\/?page_id=1006976"},"modified":"2022-03-18T07:50:55","modified_gmt":"2022-03-18T06:50:55","slug":"evisitor","status":"publish","type":"page","link":"https:\/\/tzosvetanedelja.hr\/de\/evisitor\/","title":{"rendered":"eVisitor"},"content":{"rendered":"<div     class=\"vc_row wpb_row section vc_row-fluid without-header grid_section\" style=' text-align:left;'><div class=\"section_inner clearfix\"><div class='section_inner_margin clearfix'><div class=\"wpb_column vc_column_container vc_col-sm-8\"><div class=\"vc_column-inner\"><div class=\"wpb_wrapper\">\n\t<div class=\"wpb_text_column wpb_content_element\">\n\t\t<div class=\"wpb_wrapper\">\n\t\t\t<h1>eVisitor<\/h1>\n<p class=\"lead\">eVisitor &#8211; Informacijski sustav za prijavu i odjavu turista<\/p>\n<p>Informacijski sustav za prijavu i odjavu turista je jedinstveni informacijski sustav koji funkcionalno povezuje sve turisti\u010dke zajednice u Republici Hrvatskoj, a biti \u0107e dostupan putem Interneta bez potrebe za posebnim instaliranjem na ra\u010dunalo. Putem navedenog sustava povezat \u0107e se i me\u0111usobno dijeliti osnovne turisti\u010dke informacije svih turisti\u010dkih zajednica te oko 60.000 pru\u017eatelja usluga smje\u0161taja, a pojedina turisti\u010dka zajednica imat \u0107e uvid u sve prikupljene podatke o pru\u017eateljima usluga smje\u0161taja i njihovim smje\u0161tajnim objektima kao i kretanjima turista na svom podru\u010dju. Za uporabu navedenog informacijskog sustava dovoljan je Internet preglednik i Internet veza, a krajnji korisnici iz sigurnosnih \u0107e razloga dobiti posebne lozinke za pristup sustavu \u010dime se prikupljanje i obrada podataka iz djelokruga rada turisti\u010dkih zajednica uskla\u0111uje s propisima o za\u0161titi osobnih podataka.<\/p>\n<p><strong>\u010cemu \u0107e informacijski sustav za prijavu i odjavu turista slu\u017eiti?<\/strong><\/p>\n<ul>\n<li>Prikupljanju i obradi podataka o pru\u017eateljima usluga smje\u0161taja i njihovim smje\u0161tajnim objektima na podru\u010dju Republike Hrvatske &#8211; u informacijski sustav za prijavu i odjavu turista se unose svi relevantni podaci o pru\u017eateljima usluga smje\u0161taja (ime\/naziv, OIB, adresa) i njihovim smje\u0161tajnim objektima (vrsta, kategorija, lokacija, smje\u0161tajni kapacitet) dostupni iz rje\u0161enja koja izdaju Uredi dr\u017eavne uprave u \u017eupanijama odnosno Ministarstvo turizma. Iz navedenog razloga informacijski sustav za prijavu i odjavu turista mo\u017ee biti upotrijebljen kao jedinstvena i lakopretra\u017eiva baza svih pru\u017eatelja usluga smje\u0161taja odnosno jedinstvena baza svih smje\u0161tajnih objekata koji posluju na teritoriju RH. U tom smislu \u017eelja je da eVisitor zamijeni dosada\u0161nje pojedina\u010dne registre koji se zasebno vode po pojedinim \u017eupanijama odnosno od strane Ministarstva turizma.<\/li>\n<li>Vr\u0161enju prijava i odjava gostiju od strane pru\u017eatelja usluga smje\u0161taja putem Interneta &#8211; krajnji korisnici informacijskog sustava za prijavu i odjavu turista (fizi\u010dke i pravne osobe koje djeluju kao pru\u017eatelji usluga smje\u0161taja) bit \u0107e u mogu\u0107nosti putem informacijskog sustava u svako doba samostalno izvr\u0161iti prijavu i odjavu gostiju koji borave u njihovim objektima, a \u0161to \u0107e rezultirati automatiziranim popisom (knjigom) gostiju na razini svakog pojedinog objekta odnosno pojedinog pru\u017eatelja usluge smje\u0161taja.<\/li>\n<li>Obra\u010dunu i kontroli naplate boravi\u0161ne pristojbe &#8211; na temelju izvr\u0161enih prijava i odjava gostiju te podataka o pojedinom smje\u0161tajnom objektu informacijski sustav za prijavu i odjavu turista \u0107e automatski, uzimaju\u0107i u obzir parametre koji se odnose na kategoriju turisti\u010dkog mjesta, trajanje sezone i druge elemente bitne za obra\u010dun, vr\u0161iti obra\u010dun boravi\u0161ne pristojbe po pojedinom smje\u0161tajnom objektu odnosno pojedinom pru\u017eatelju usluga smje\u0161taja te povezivati izvr\u0161ene uplate sa zadu\u017eenjima i time izra\u010dunavati trenutnu obvezu.<\/li>\n<li>Obradu i analizu podataka te izvje\u0161tavanje u statisti\u010dke svrhe &#8211; navedeno \u0107e omogu\u0107iti pra\u0107enje kretanja turista gotovo u realnom vremenu, s odmakom od najvi\u0161e 24 sata, po jednom ili vi\u0161e kriterija kao \u0161to su duljina posjeta, lokacija, spol, dob, dr\u017eava ili mjesto prebivali\u0161ta i drugo, \u0161to \u0107e sustavu turisti\u010dkih zajednica omogu\u0107iti provo\u0111enje aktivne marketin\u0161ke politike, a javnosti pru\u017eiti aktualne podatke o kretanju turista. S obzirom da \u0107e dio tih podataka biti besplatno dostupan putem internetskih stranica, iste \u0107e mo\u0107i koristiti i svi gospodarski subjekti koji pru\u017eaju turisti\u010dke usluge u svrhu prilagodbe svoje ponude \u010dime \u0107e se postizati sinergijski u\u010dinak svih turisti\u010dkih dionika na promociju hrvatskog turizma i postizanje konkurentnosti ponude. Dodatno, pristupom bazi podataka omogu\u0107it \u0107e se i Dr\u017eavnom zavodu za statistiku te znanstveno-istra\u017eiva\u010dkim institucijama provo\u0111enje daljih i kompleksnijih statisti\u010dkih i drugih analiza vezanih uz turisti\u010dki sektor.<\/li>\n<li>Me\u0111usobnoj suradnji tijela javne vlasti u izvr\u0161avanju zakonskih zada\u0107a &#8211; putem udaljenog pristupa bazi podataka informacijski sustav za prijavu i odjavu turista \u0107e omogu\u0107iti svim zainteresiranim javnim tijelima (Carinska uprava, MINT, MUP, DORH i dr.) da prikupljene podatke koriste za ostvarenje svojih zakonom propisanih zada\u0107a, bez dodatnih administrativnih zahtjeva ili barijera.<\/li>\n<\/ul>\n<p>Za vi\u0161e informacija obratite nam se putem maila: <a href=\"mailto:info@tzosvetanedelja.hr\">info@tzosvetanedelja.hr<\/a>\u00a0\u00a0 ili telefona: +385 (0)99 353 4223.<\/p>\n\n\t\t<\/div> \n\t<\/div> <\/div><\/div><\/div><div class=\"wpb_column vc_column_container vc_col-sm-4\"><div class=\"vc_column-inner\"><div class=\"wpb_wrapper\"><\/div><\/div><\/div><\/div><\/div><\/div>","protected":false},"excerpt":{"rendered":"eVisitor eVisitor - Informacijski sustav za prijavu i odjavu turista Informacijski sustav za prijavu i odjavu turista je jedinstveni informacijski sustav koji funkcionalno povezuje sve turisti\u010dke zajednice u Republici Hrvatskoj, a biti \u0107e dostupan putem Interneta bez potrebe za posebnim instaliranjem na ra\u010dunalo. Putem navedenog...","protected":false},"author":2,"featured_media":0,"parent":0,"menu_order":0,"comment_status":"closed","ping_status":"closed","template":"full_width.php","meta":[],"_links":{"self":[{"href":"https:\/\/tzosvetanedelja.hr\/de\/wp-json\/wp\/v2\/pages\/1006976"}],"collection":[{"href":"https:\/\/tzosvetanedelja.hr\/de\/wp-json\/wp\/v2\/pages"}],"about":[{"href":"https:\/\/tzosvetanedelja.hr\/de\/wp-json\/wp\/v2\/types\/page"}],"author":[{"embeddable":true,"href":"https:\/\/tzosvetanedelja.hr\/de\/wp-json\/wp\/v2\/users\/2"}],"replies":[{"embeddable":true,"href":"https:\/\/tzosvetanedelja.hr\/de\/wp-json\/wp\/v2\/comments?post=1006976"}],"version-history":[{"count":4,"href":"https:\/\/tzosvetanedelja.hr\/de\/wp-json\/wp\/v2\/pages\/1006976\/revisions"}],"predecessor-version":[{"id":1009337,"href":"https:\/\/tzosvetanedelja.hr\/de\/wp-json\/wp\/v2\/pages\/1006976\/revisions\/1009337"}],"wp:attachment":[{"href":"https:\/\/tzosvetanedelja.hr\/de\/wp-json\/wp\/v2\/media?parent=1006976"}],"curies":[{"name":"wp","href":"https:\/\/api.w.org\/{rel}","templated":true}]}}