{"id":1007370,"date":"2022-01-27T09:42:12","date_gmt":"2022-01-27T08:42:12","guid":{"rendered":"https:\/\/tzosvetanedelja.hr\/?page_id=1007370"},"modified":"2022-12-07T10:20:54","modified_gmt":"2022-12-07T09:20:54","slug":"fotogalerija","status":"publish","type":"page","link":"https:\/\/tzosvetanedelja.hr\/de\/fotogalerija\/","title":{"rendered":"Fotogalerija"},"content":{"rendered":"<div     class=\"vc_row wpb_row section vc_row-fluid without-header-forced vc_custom_1648200307775 grid_section\" style=' padding-top:80px; text-align:left;'><div class=\"section_inner clearfix\"><div class='section_inner_margin clearfix'><div class=\"wpb_column vc_column_container vc_col-sm-12\"><div class=\"vc_column-inner\"><div class=\"wpb_wrapper\">\n\t<div class=\"wpb_text_column wpb_content_element\">\n\t\t<div class=\"wpb_wrapper\">\n\t\t\t<h1 style=\"text-align: center;\">Fotogalerija<\/h1>\n\n\t\t<\/div> \n\t<\/div> \n\t<div class=\"wpb_text_column wpb_content_element\">\n\t\t<div class=\"wpb_wrapper\">\n\t\t\t<h3 style=\"text-align: center;\">Galerija naselja<\/h3>\n\n\t\t<\/div> \n\t<\/div> <div class=\"evc-interactive-banner evc-shortcode  evc-ib-bordered evc-ib-custom-image-size\">\n\t<div class=\"evc-ib-image\">\n\t\t<img src=\"https:\/\/tzosvetanedelja.hr\/wp-content\/uploads\/2022\/01\/DUBROVA-18-scaled-750x750.jpg\" alt=\"Park skulptura Dubrova\" width=\"750\" height=\"750\" \/>\t<\/div>\n\t<div class=\"evc-ib-content-wrapper\" >\n\t\t<div class=\"evc-ib-content-inner\">\n\t\t\t<div class=\"evc-ib-content\">\n\t\t\t\t\t<h4 class=\"evc-ib-title\" >\n\t\tDubrova\t<\/h4>\n\t<p class=\"evc-ib-text\" >27 Slika<\/p>\n\t\t\t<\/div>\n\t\t<\/div>\n\t<\/div>\n\t\t\t<a class=\"evc-ib-link\" href=\"https:\/\/tzosvetanedelja.hr\/de\/fotogalerija\/fotogalerija-dubrova\/\" title=\"Fotogalerija \u2013 Dubrova\"><\/a>\n\t<\/div>\n<div class=\"evc-interactive-banner evc-shortcode  evc-ib-bordered evc-ib-custom-image-size\">\n\t<div class=\"evc-ib-image\">\n\t\t<img src=\"https:\/\/tzosvetanedelja.hr\/wp-content\/uploads\/2022\/01\/Nedescina-1-scaled-750x750.jpg\" alt=\"Nede\u0161\u0107ina\" width=\"750\" height=\"750\" \/>\t<\/div>\n\t<div class=\"evc-ib-content-wrapper\" >\n\t\t<div class=\"evc-ib-content-inner\">\n\t\t\t<div class=\"evc-ib-content\">\n\t\t\t\t\t<h4 class=\"evc-ib-title\" >\n\t\tNede\u0161\u0107ina\t<\/h4>\n\t<p class=\"evc-ib-text\" >5 Slika<\/p>\n\t\t\t<\/div>\n\t\t<\/div>\n\t<\/div>\n\t\t\t<a class=\"evc-ib-link\" href=\"https:\/\/tzosvetanedelja.hr\/de\/fotogalerija\/fotogalerija-nedescina\/\" title=\"Fotogalerija \u2013 Nede\u0161\u0107ina\"><\/a>\n\t<\/div>\n<div class=\"evc-interactive-banner evc-shortcode  evc-ib-bordered evc-ib-custom-image-size\">\n\t<div class=\"evc-ib-image\">\n\t\t<img src=\"https:\/\/tzosvetanedelja.hr\/wp-content\/uploads\/2022\/01\/SNASICI-6-scaled-750x750.jpg\" alt=\"Sna\u0161i\u0107i\" width=\"750\" height=\"750\" \/>\t<\/div>\n\t<div class=\"evc-ib-content-wrapper\" >\n\t\t<div class=\"evc-ib-content-inner\">\n\t\t\t<div class=\"evc-ib-content\">\n\t\t\t\t\t<h4 class=\"evc-ib-title\" >\n\t\tSna\u0161i\u0107i\t<\/h4>\n\t<p class=\"evc-ib-text\" >6 Slika<\/p>\n\t\t\t<\/div>\n\t\t<\/div>\n\t<\/div>\n\t\t\t<a class=\"evc-ib-link\" href=\"https:\/\/tzosvetanedelja.hr\/de\/fotogalerija\/fotogalerija-snasici\/\" title=\"Fotogalerija \u2013 Sna\u0161i\u0107i\"><\/a>\n\t<\/div>\n<div class=\"evc-interactive-banner evc-shortcode  evc-ib-bordered evc-ib-custom-image-size\">\n\t<div class=\"evc-ib-image\">\n\t\t<img src=\"https:\/\/tzosvetanedelja.hr\/wp-content\/uploads\/2022\/01\/SVETI-MARTIN-6-scaled-750x750.jpg\" alt=\"Sveti Martin\" width=\"750\" height=\"750\" \/>\t<\/div>\n\t<div class=\"evc-ib-content-wrapper\" >\n\t\t<div class=\"evc-ib-content-inner\">\n\t\t\t<div class=\"evc-ib-content\">\n\t\t\t\t\t<h4 class=\"evc-ib-title\" >\n\t\tSveti Martin\t<\/h4>\n\t<p class=\"evc-ib-text\" >23 Slika<\/p>\n\t\t\t<\/div>\n\t\t<\/div>\n\t<\/div>\n\t\t\t<a class=\"evc-ib-link\" href=\"https:\/\/tzosvetanedelja.hr\/de\/fotogalerija\/fotogalerija-sveti-martin\/\" title=\"Fotogalerija \u2013 Sveti Martin\"><\/a>\n\t<\/div>\n<div class=\"evc-interactive-banner evc-shortcode  evc-ib-bordered evc-ib-custom-image-size\">\n\t<div class=\"evc-ib-image\">\n\t\t<img src=\"https:\/\/tzosvetanedelja.hr\/wp-content\/uploads\/2022\/02\/DJI_0111-scaled-750x750.jpg\" alt=\"\u0160trmac\" width=\"750\" height=\"750\" \/>\t<\/div>\n\t<div class=\"evc-ib-content-wrapper\" >\n\t\t<div class=\"evc-ib-content-inner\">\n\t\t\t<div class=\"evc-ib-content\">\n\t\t\t\t\t<h4 class=\"evc-ib-title\" >\n\t\t\u0160trmac\t<\/h4>\n\t<p class=\"evc-ib-text\" >9 Slika<\/p>\n\t\t\t<\/div>\n\t\t<\/div>\n\t<\/div>\n\t\t\t<a class=\"evc-ib-link\" href=\"https:\/\/tzosvetanedelja.hr\/de\/fotogalerija-strmac\/\" title=\"Fotogalerija \u2013 Dubrova\"><\/a>\n\t<\/div>\n<div class=\"evc-interactive-banner evc-shortcode  evc-ib-bordered evc-ib-custom-image-size\">\n\t<div class=\"evc-ib-image\">\n\t\t<img src=\"https:\/\/tzosvetanedelja.hr\/wp-content\/uploads\/2022\/01\/Crkva-Sv.-Ivana-i-Pavla-u-Sumberu2-scaled-750x750.jpg\" alt=\"Crkva Svetog Ivana i Pavla u \u0160umberu\" width=\"750\" height=\"750\" \/>\t<\/div>\n\t<div class=\"evc-ib-content-wrapper\" >\n\t\t<div class=\"evc-ib-content-inner\">\n\t\t\t<div class=\"evc-ib-content\">\n\t\t\t\t\t<h4 class=\"evc-ib-title\" >\n\t\t\u0160umber\t<\/h4>\n\t<p class=\"evc-ib-text\" >11 Slika<\/p>\n\t\t\t<\/div>\n\t\t<\/div>\n\t<\/div>\n\t\t\t<a class=\"evc-ib-link\" href=\"https:\/\/tzosvetanedelja.hr\/de\/fotogalerija\/fotogalerija-sumber\/\" title=\"Fotogalerija \u2013 \u0160umber\"><\/a>\n\t<\/div>\n<\/div><\/div><\/div><\/div><\/div><\/div><div     class=\"vc_row wpb_row section vc_row-fluid vc_custom_1648145698318 grid_section\" style=' padding-top:80px; text-align:left;'><div class=\"section_inner clearfix\"><div class='section_inner_margin clearfix'><div class=\"wpb_column vc_column_container vc_col-sm-12\"><div class=\"vc_column-inner\"><div class=\"wpb_wrapper\">\n\t<div class=\"wpb_text_column wpb_content_element\">\n\t\t<div class=\"wpb_wrapper\">\n\t\t\t<h3 style=\"text-align: center;\">Galerija sakralnih objekata<\/h3>\n\n\t\t<\/div> \n\t<\/div> <div class=\"evc-interactive-banner evc-shortcode  evc-ib-bordered evc-ib-custom-image-size\">\n\t<div class=\"evc-ib-image\">\n\t\t<img src=\"https:\/\/tzosvetanedelja.hr\/wp-content\/uploads\/2022\/01\/Crkva-Presvetog-Trojstva-u-Nedescini5-scaled-750x750.jpg\" alt=\"Crkva Presvetog Trojstva u Nede\u0161\u0107ini\" width=\"750\" height=\"750\" \/>\t<\/div>\n\t<div class=\"evc-ib-content-wrapper\" >\n\t\t<div class=\"evc-ib-content-inner\">\n\t\t\t<div class=\"evc-ib-content\">\n\t\t\t\t\t<h4 class=\"evc-ib-title\" >\n\t\tCrkva Presvetog Trojstva u Nede\u0161\u0107ini\t<\/h4>\n\t<p class=\"evc-ib-text\" >21 Slika<\/p>\n\t\t\t<\/div>\n\t\t<\/div>\n\t<\/div>\n\t\t\t<a class=\"evc-ib-link\" href=\"https:\/\/tzosvetanedelja.hr\/de\/fotogalerija\/fotogalerija-crkva-presvetog-trojstva-u-nedescini\/\" title=\"Fotogalerija \u2013 Crkva Presvetog Trojstva u Nede\u0161\u0107ini\"><\/a>\n\t<\/div>\n<div class=\"evc-interactive-banner evc-shortcode  evc-ib-bordered evc-ib-custom-image-size\">\n\t<div class=\"evc-ib-image\">\n\t\t<img src=\"https:\/\/tzosvetanedelja.hr\/wp-content\/uploads\/2022\/01\/Zupna-crkva-Svetog-Martina-u-Svetom-Martinu6-1-scaled-750x750.jpg\" alt=\"\u017dupna crkva Svetog Martina u Svetom Martinu\" width=\"750\" height=\"750\" \/>\t<\/div>\n\t<div class=\"evc-ib-content-wrapper\" >\n\t\t<div class=\"evc-ib-content-inner\">\n\t\t\t<div class=\"evc-ib-content\">\n\t\t\t\t\t<h4 class=\"evc-ib-title\" >\n\t\t\u017dupna crkva Svetog Martina u Svetom Martinu\t<\/h4>\n\t<p class=\"evc-ib-text\" >13 Slika<\/p>\n\t\t\t<\/div>\n\t\t<\/div>\n\t<\/div>\n\t\t\t<a class=\"evc-ib-link\" href=\"https:\/\/tzosvetanedelja.hr\/de\/fotogalerija\/fotogalerija-zupna-crkva-svetog-martina-u-svetom-martinu\/\" title=\"Fotogalerija \u2013 \u017dupna crkva Svetog Martina u Svetom Martinu\"><\/a>\n\t<\/div>\n<div class=\"evc-interactive-banner evc-shortcode  evc-ib-bordered evc-ib-custom-image-size\">\n\t<div class=\"evc-ib-image\">\n\t\t<img src=\"https:\/\/tzosvetanedelja.hr\/wp-content\/uploads\/2022\/01\/Crkva-Gospe-od-Zdravlja-u-Svetom-Martinu2-scaled-750x750.jpg\" alt=\"Crkva Gospe od Zdravlja u Svetom Martinu\" width=\"750\" height=\"750\" \/>\t<\/div>\n\t<div class=\"evc-ib-content-wrapper\" >\n\t\t<div class=\"evc-ib-content-inner\">\n\t\t\t<div class=\"evc-ib-content\">\n\t\t\t\t\t<h4 class=\"evc-ib-title\" >\n\t\tCrkva Gospe od Zdravlja u Svetom Martinu\t<\/h4>\n\t<p class=\"evc-ib-text\" >13 Slika<\/p>\n\t\t\t<\/div>\n\t\t<\/div>\n\t<\/div>\n\t\t\t<a class=\"evc-ib-link\" href=\"https:\/\/tzosvetanedelja.hr\/de\/fotogalerija\/fotogalerija-crkva-gospe-od-zdravlja-u-svetom-martinu\/\" title=\"Fotogalerija \u2013 Crkva Gospe od Zdravlja u Svetom Martinu\"><\/a>\n\t<\/div>\n<div class=\"evc-interactive-banner evc-shortcode  evc-ib-bordered evc-ib-custom-image-size\">\n\t<div class=\"evc-ib-image\">\n\t\t<img src=\"https:\/\/tzosvetanedelja.hr\/wp-content\/uploads\/2022\/01\/Crkva-Majke-Bozje-od-Drena-u-Sumberu3-scaled-750x750.jpg\" alt=\"Crkva Majke Bo\u017eje od Drena u \u0160umberu\" width=\"750\" height=\"750\" \/>\t<\/div>\n\t<div class=\"evc-ib-content-wrapper\" >\n\t\t<div class=\"evc-ib-content-inner\">\n\t\t\t<div class=\"evc-ib-content\">\n\t\t\t\t\t<h4 class=\"evc-ib-title\" >\n\t\tCrkva Majke Bo\u017eje od Drena u \u0160umberu\t<\/h4>\n\t<p class=\"evc-ib-text\" >17 Slika<\/p>\n\t\t\t<\/div>\n\t\t<\/div>\n\t<\/div>\n\t\t\t<a class=\"evc-ib-link\" href=\"https:\/\/tzosvetanedelja.hr\/de\/fotogalerija\/fotogalerija-crkva-majke-bozje-od-drena-u-sumberu\/\" title=\"Fotogalerija \u2013 Crkva Majke Bo\u017eje od Drena u \u0160umberu\"><\/a>\n\t<\/div>\n<div class=\"evc-interactive-banner evc-shortcode  evc-ib-bordered evc-ib-custom-image-size\">\n\t<div class=\"evc-ib-image\">\n\t\t<img src=\"https:\/\/tzosvetanedelja.hr\/wp-content\/uploads\/2022\/01\/Crkva-Svetog-Kvirina-u-Sumberu-8-scaled-750x750.jpg\" alt=\"Crkva Svetog Kvirina u \u0160umberu\" width=\"750\" height=\"750\" \/>\t<\/div>\n\t<div class=\"evc-ib-content-wrapper\" >\n\t\t<div class=\"evc-ib-content-inner\">\n\t\t\t<div class=\"evc-ib-content\">\n\t\t\t\t\t<h4 class=\"evc-ib-title\" >\n\t\tCrkva Svetog Kvirina u \u0160umberu\t<\/h4>\n\t<p class=\"evc-ib-text\" >12 Slika<\/p>\n\t\t\t<\/div>\n\t\t<\/div>\n\t<\/div>\n\t\t\t<a class=\"evc-ib-link\" href=\"https:\/\/tzosvetanedelja.hr\/de\/fotogalerija\/fotogalerija-crkva-svetog-kvirina-u-sumberu\/\" title=\"Fotogalerija \u2013 Crkva Svetog Kvirina u \u0160umberu\"><\/a>\n\t<\/div>\n<div class=\"evc-interactive-banner evc-shortcode  evc-ib-bordered evc-ib-custom-image-size\">\n\t<div class=\"evc-ib-image\">\n\t\t<img src=\"https:\/\/tzosvetanedelja.hr\/wp-content\/uploads\/2022\/01\/Crkva-Sv.-Ivana-i-Pavla-u-Sumberu9-scaled-750x750.jpg\" alt=\"Crkva Svetog Ivana i Pavla u \u0160umberu\" width=\"750\" height=\"750\" \/>\t<\/div>\n\t<div class=\"evc-ib-content-wrapper\" >\n\t\t<div class=\"evc-ib-content-inner\">\n\t\t\t<div class=\"evc-ib-content\">\n\t\t\t\t\t<h4 class=\"evc-ib-title\" >\n\t\tCrkva Svetog Ivana i Pavla u \u0160umberu\t<\/h4>\n\t<p class=\"evc-ib-text\" >13 Slika<\/p>\n\t\t\t<\/div>\n\t\t<\/div>\n\t<\/div>\n\t\t\t<a class=\"evc-ib-link\" href=\"https:\/\/tzosvetanedelja.hr\/de\/fotogalerija\/fotogalerija-crkva-svetog-ivana-i-pavla-u-sumberu\/\" title=\"Fotogalerija \u2013 Crkva Svetog Ivana i Pavla u \u0160umberu\"><\/a>\n\t<\/div>\n<div class=\"evc-interactive-banner evc-shortcode  evc-ib-bordered evc-ib-custom-image-size\">\n\t<div class=\"evc-ib-image\">\n\t\t<img src=\"https:\/\/tzosvetanedelja.hr\/wp-content\/uploads\/2022\/01\/Crkva-Navjestenja-Blazene-Djevice-Marije-Marcenica-u-Snasicima-3-scaled-750x750.jpg\" alt=\"Crkva Navje\u0161tenja Bla\u017eene Djevice Marije \u2013 Mar\u010denica u Sna\u0161i\u0107ima\" width=\"750\" height=\"750\" \/>\t<\/div>\n\t<div class=\"evc-ib-content-wrapper\" >\n\t\t<div class=\"evc-ib-content-inner\">\n\t\t\t<div class=\"evc-ib-content\">\n\t\t\t\t\t<h4 class=\"evc-ib-title\" >\n\t\tCrkva Navje\u0161tenja Bla\u017eene Djevice Marije \u2013 Mar\u010denica u Sna\u0161i\u0107ima\t<\/h4>\n\t<p class=\"evc-ib-text\" >5 Slika<\/p>\n\t\t\t<\/div>\n\t\t<\/div>\n\t<\/div>\n\t\t\t<a class=\"evc-ib-link\" href=\"https:\/\/tzosvetanedelja.hr\/de\/fotogalerija\/fotogalerija-crkva-navjestenja-blazene-djevice-marije-marcenica-u-snasicima\/\" title=\"Fotogalerija \u2013 Crkva Navje\u0161tenja Bla\u017eene Djevice Marije \u2013 Mar\u010denica u Sna\u0161i\u0107ima\"><\/a>\n\t<\/div>\n<\/div><\/div><\/div><\/div><\/div><\/div><div     class=\"vc_row wpb_row section vc_row-fluid  grid_section\" style=' padding-top:80px; text-align:left;'><div class=\"section_inner clearfix\"><div class='section_inner_margin clearfix'><div class=\"wpb_column vc_column_container vc_col-sm-12\"><div class=\"vc_column-inner\"><div class=\"wpb_wrapper\">\n\t<div class=\"wpb_text_column wpb_content_element\">\n\t\t<div class=\"wpb_wrapper\">\n\t\t\t<h3 style=\"text-align: center;\">Galerija manifestacija<\/h3>\n\n\t\t<\/div> \n\t<\/div> <div class=\"evc-interactive-banner evc-shortcode  evc-ib-bordered evc-ib-custom-image-size\">\n\t<div class=\"evc-ib-image\">\n\t\t<img src=\"https:\/\/tzosvetanedelja.hr\/wp-content\/uploads\/2022\/02\/1Z5A7184-750x750.jpg\" alt=\"\" width=\"750\" height=\"750\" \/>\t<\/div>\n\t<div class=\"evc-ib-content-wrapper\" >\n\t\t<div class=\"evc-ib-content-inner\">\n\t\t\t<div class=\"evc-ib-content\">\n\t\t\t\t\t<h4 class=\"evc-ib-title\" >\n\t\tBalinjerada\t<\/h4>\n\t<p class=\"evc-ib-text\" >6 Slika<\/p>\n\t\t\t<\/div>\n\t\t<\/div>\n\t<\/div>\n\t\t\t<a class=\"evc-ib-link\" href=\"https:\/\/tzosvetanedelja.hr\/de\/fotogalerija\/fotogalerija-balinjerada-strmac-02-02-2020\/\" title=\"Fotogalerija \u2013 Crkva Presvetog Trojstva u Nede\u0161\u0107ini\"><\/a>\n\t<\/div>\n<div class=\"evc-interactive-banner evc-shortcode  evc-ib-bordered evc-ib-custom-image-size\">\n\t<div class=\"evc-ib-image\">\n\t\t<img src=\"https:\/\/tzosvetanedelja.hr\/wp-content\/uploads\/2022\/06\/DSC_5266-750x750.jpg\" alt=\"\" width=\"750\" height=\"750\" \/>\t<\/div>\n\t<div class=\"evc-ib-content-wrapper\" >\n\t\t<div class=\"evc-ib-content-inner\">\n\t\t\t<div class=\"evc-ib-content\">\n\t\t\t\t\t<h4 class=\"evc-ib-title\" >\n\t\tWine &amp; Gourmet day\t<\/h4>\n\t<p class=\"evc-ib-text\" >83 Slika<\/p>\n\t\t\t<\/div>\n\t\t<\/div>\n\t<\/div>\n\t\t\t<a class=\"evc-ib-link\" href=\"https:\/\/tzosvetanedelja.hr\/de\/fotogalerija\/otvaranjesezone\/\" title=\"Fotogalerija \u2013 Wine &amp; Gourmet day 18.06.2022.\"><\/a>\n\t<\/div>\n<div class=\"evc-interactive-banner evc-shortcode  evc-ib-bordered\">\n\t<div class=\"evc-ib-image\">\n\t\t\t<\/div>\n\t<div class=\"evc-ib-content-wrapper\" >\n\t\t<div class=\"evc-ib-content-inner\">\n\t\t\t<div class=\"evc-ib-content\">\n\t\t\t\t<img width=\"2560\" height=\"1707\" src=\"https:\/\/tzosvetanedelja.hr\/wp-content\/uploads\/2022\/12\/1Z5A9069-scaled.jpg\" class=\"evc-ib-custom-icon\" alt=\"\" loading=\"lazy\" srcset=\"https:\/\/tzosvetanedelja.hr\/wp-content\/uploads\/2022\/12\/1Z5A9069-scaled.jpg 2560w, https:\/\/tzosvetanedelja.hr\/wp-content\/uploads\/2022\/12\/1Z5A9069-1000x667.jpg 1000w, https:\/\/tzosvetanedelja.hr\/wp-content\/uploads\/2022\/12\/1Z5A9069-2000x1333.jpg 2000w, https:\/\/tzosvetanedelja.hr\/wp-content\/uploads\/2022\/12\/1Z5A9069-768x512.jpg 768w, https:\/\/tzosvetanedelja.hr\/wp-content\/uploads\/2022\/12\/1Z5A9069-1536x1024.jpg 1536w, https:\/\/tzosvetanedelja.hr\/wp-content\/uploads\/2022\/12\/1Z5A9069-2048x1365.jpg 2048w, https:\/\/tzosvetanedelja.hr\/wp-content\/uploads\/2022\/12\/1Z5A9069-700x467.jpg 700w, https:\/\/tzosvetanedelja.hr\/wp-content\/uploads\/2022\/12\/1Z5A9069-1100x733.jpg 1100w\" sizes=\"(max-width: 2560px) 100vw, 2560px\" \/>\t<h4 class=\"evc-ib-title\" >\n\t\tFe\u0161ta vina i turizma\t<\/h4>\n\t<p class=\"evc-ib-text\" >115 Slika<\/p>\n\t\t\t<\/div>\n\t\t<\/div>\n\t<\/div>\n\t\t\t<a class=\"evc-ib-link\" href=\"https:\/\/tzosvetanedelja.hr\/de\/festa-vina-i-turizma-2022\/\" title=\"Fotogalerija \u2013 Fe\u0161ta vina i turizma\"><\/a>\n\t<\/div>\n<\/div><\/div><\/div><\/div><\/div><\/div>","protected":false},"excerpt":{"rendered":"Fotogalerija Galerija naselja Dubrova 27 Slika Nede\u0161\u0107ina 5 Slika Sna\u0161i\u0107i 6 Slika Sveti Martin 23 Slika \u0160trmac 9 Slika \u0160umber 11 Slika Galerija sakralnih objekata Crkva Presvetog Trojstva u Nede\u0161\u0107ini 21 Slika \u017dupna crkva Svetog Martina u Svetom Martinu 13 Slika Crkva Gospe od Zdravlja...","protected":false},"author":2,"featured_media":0,"parent":0,"menu_order":0,"comment_status":"open","ping_status":"closed","template":"full_width.php","meta":[],"_links":{"self":[{"href":"https:\/\/tzosvetanedelja.hr\/de\/wp-json\/wp\/v2\/pages\/1007370"}],"collection":[{"href":"https:\/\/tzosvetanedelja.hr\/de\/wp-json\/wp\/v2\/pages"}],"about":[{"href":"https:\/\/tzosvetanedelja.hr\/de\/wp-json\/wp\/v2\/types\/page"}],"author":[{"embeddable":true,"href":"https:\/\/tzosvetanedelja.hr\/de\/wp-json\/wp\/v2\/users\/2"}],"replies":[{"embeddable":true,"href":"https:\/\/tzosvetanedelja.hr\/de\/wp-json\/wp\/v2\/comments?post=1007370"}],"version-history":[{"count":122,"href":"https:\/\/tzosvetanedelja.hr\/de\/wp-json\/wp\/v2\/pages\/1007370\/revisions"}],"predecessor-version":[{"id":1011320,"href":"https:\/\/tzosvetanedelja.hr\/de\/wp-json\/wp\/v2\/pages\/1007370\/revisions\/1011320"}],"wp:attachment":[{"href":"https:\/\/tzosvetanedelja.hr\/de\/wp-json\/wp\/v2\/media?parent=1007370"}],"curies":[{"name":"wp","href":"https:\/\/api.w.org\/{rel}","templated":true}]}}