{"id":1008347,"date":"2022-02-07T05:57:35","date_gmt":"2022-02-07T04:57:35","guid":{"rendered":"https:\/\/tzosvetanedelja.hr\/?page_id=1008347"},"modified":"2022-03-28T07:34:51","modified_gmt":"2022-03-28T05:34:51","slug":"fotogalerija-crkva-navjestenja-blazene-djevice-marije-marcenica-u-snasicima","status":"publish","type":"page","link":"https:\/\/tzosvetanedelja.hr\/de\/fotogalerija\/fotogalerija-crkva-navjestenja-blazene-djevice-marije-marcenica-u-snasicima\/","title":{"rendered":"Fotogalerija &#8211; Crkva Navje\u0161tenja Bla\u017eene Djevice Marije \u2013 Mar\u010denica u Sna\u0161i\u0107ima"},"content":{"rendered":"<div     class=\"vc_row wpb_row section vc_row-fluid without-header-forced grid_section\" style=' padding-top:80px; text-align:left;'><div class=\"section_inner clearfix\"><div class='section_inner_margin clearfix'><div class=\"wpb_column vc_column_container vc_col-sm-12\"><div class=\"vc_column-inner\"><div class=\"wpb_wrapper\">\n\t<div class=\"wpb_text_column wpb_content_element\">\n\t\t<div class=\"wpb_wrapper\">\n\t\t\t<h1 style=\"text-align: center;\">Crkva Navje\u0161tenja Bla\u017eene Djevice Marije \u2013 Mar\u010denica u Sna\u0161i\u0107ima<\/h1>\n\n\t\t<\/div> \n\t<\/div> <\/div><\/div><\/div><\/div><\/div><\/div><div     class=\"vc_row wpb_row section vc_row-fluid vc_custom_1648445646961\" style=' text-align:left;'><div class=\"full_section_inner clearfix\"><div class=\"CRKVA GOSPE OD ZDRAVLJA U SVETOM MARTINU wpb_column vc_column_container vc_col-sm-12\" id=\"CRKVA GOSPE OD ZDRAVLJA U SVETOM MARTINU\"><div class=\"vc_column-inner\"><div class=\"wpb_wrapper\">\n<div class=\"vc_grid-container-wrapper vc_clearfix\">\n\t<div class=\"vc_grid-container vc_clearfix wpb_content_element vc_masonry_media_grid\" data-initial-loading-animation=\"zoomIn\" data-vc-grid-settings=\"{&quot;page_id&quot;:1008347,&quot;style&quot;:&quot;all-masonry&quot;,&quot;action&quot;:&quot;vc_get_vc_grid_data&quot;,&quot;shortcode_id&quot;:&quot;1648445624462-85490215-3c2a-10&quot;,&quot;tag&quot;:&quot;vc_masonry_media_grid&quot;}\" data-vc-request=\"https:\/\/tzosvetanedelja.hr\/wp-admin\/admin-ajax.php\" data-vc-post-id=\"1008347\" data-vc-public-nonce=\"3e57414199\">\n\t\t\n\t<\/div>\n<\/div><\/div><\/div><\/div><\/div><\/div>","protected":false},"excerpt":{"rendered":"Crkva Navje\u0161tenja Bla\u017eene Djevice Marije \u2013 Mar\u010denica u Sna\u0161i\u0107ima","protected":false},"author":2,"featured_media":0,"parent":1007370,"menu_order":0,"comment_status":"open","ping_status":"closed","template":"full_width.php","meta":[],"_links":{"self":[{"href":"https:\/\/tzosvetanedelja.hr\/de\/wp-json\/wp\/v2\/pages\/1008347"}],"collection":[{"href":"https:\/\/tzosvetanedelja.hr\/de\/wp-json\/wp\/v2\/pages"}],"about":[{"href":"https:\/\/tzosvetanedelja.hr\/de\/wp-json\/wp\/v2\/types\/page"}],"author":[{"embeddable":true,"href":"https:\/\/tzosvetanedelja.hr\/de\/wp-json\/wp\/v2\/users\/2"}],"replies":[{"embeddable":true,"href":"https:\/\/tzosvetanedelja.hr\/de\/wp-json\/wp\/v2\/comments?post=1008347"}],"version-history":[{"count":11,"href":"https:\/\/tzosvetanedelja.hr\/de\/wp-json\/wp\/v2\/pages\/1008347\/revisions"}],"predecessor-version":[{"id":1009859,"href":"https:\/\/tzosvetanedelja.hr\/de\/wp-json\/wp\/v2\/pages\/1008347\/revisions\/1009859"}],"up":[{"embeddable":true,"href":"https:\/\/tzosvetanedelja.hr\/de\/wp-json\/wp\/v2\/pages\/1007370"}],"wp:attachment":[{"href":"https:\/\/tzosvetanedelja.hr\/de\/wp-json\/wp\/v2\/media?parent=1008347"}],"curies":[{"name":"wp","href":"https:\/\/api.w.org\/{rel}","templated":true}]}}