{"id":1008932,"date":"2022-03-15T12:11:21","date_gmt":"2022-03-15T11:11:21","guid":{"rendered":"https:\/\/tzosvetanedelja.hr\/?page_id=1008932"},"modified":"2022-03-15T12:30:25","modified_gmt":"2022-03-15T11:30:25","slug":"kultura","status":"publish","type":"page","link":"https:\/\/tzosvetanedelja.hr\/de\/kultur\/","title":{"rendered":"Kultur"},"content":{"rendered":"<div     class=\"vc_row wpb_row section vc_row-fluid header-image-logo vc_custom_1647343170297\" style='background-image:url(https:\/\/tzosvetanedelja.hr\/wp-content\/uploads\/2020\/03\/tzo-slider.jpg); text-align:left;'><div class=\"full_section_inner clearfix\"><div class=\"wpb_column vc_column_container vc_col-sm-12\"><div class=\"vc_column-inner\"><div class=\"wpb_wrapper\">\n\t<div class=\"wpb_raw_code wpb_content_element wpb_raw_html\" >\n\t\t<div class=\"wpb_wrapper\">\n\t\t\t<!-- header place holder -->\n\t\t<\/div>\n\t<\/div>\n<\/div><\/div><\/div><\/div><\/div><div     class=\"vc_row wpb_row section vc_row-fluid header-location grid_section\" style=' text-align:left;'><div class=\"section_inner clearfix\"><div class='section_inner_margin clearfix'><div class=\"wpb_column vc_column_container vc_col-sm-12\"><div class=\"vc_column-inner\"><div class=\"wpb_wrapper\">\n\t<div class=\"wpb_text_column wpb_content_element\">\n\t\t<div class=\"wpb_wrapper\">\n\t\t\t<p><i class=\"fas fa-map-marker-alt\"><\/i>\u00a0\u00a0\u00a0Park skulptura Duborva<\/p>\n\n\t\t<\/div> \n\t<\/div> <\/div><\/div><\/div><\/div><\/div><\/div><div     class=\"vc_row wpb_row section vc_row-fluid  grid_section\" style=' padding-top:80px; text-align:left;'><div class=\"section_inner clearfix\"><div class='section_inner_margin clearfix'><div class=\"wpb_column vc_column_container vc_col-sm-8\"><div class=\"vc_column-inner\"><div class=\"wpb_wrapper\">\n\t<div class=\"wpb_text_column wpb_content_element\">\n\t\t<div class=\"wpb_wrapper\">\n\t\t\t<h1>Kultur<\/h1>\n<p><span class=\"lead\">Das gesamte Gebiet von Labin\u0161tina, einschlie\u00dflich der Gemeinde Sveta Nedelja, scheint eine K\u00fcnstlerseele zu haben. Es ist leicht nachvollziehbar, warum das so ist \u2013 die Landschaft ist \u00e4u\u00dferst inspirierend und es f\u00e4llt schwer, diese F\u00fclle an Sinnesreizen nicht in ein Kunstwerk zu verwandeln.<\/span><\/p>\n<p>Der Skulpturenpark Dubrova befindet sich in der N\u00e4he des Gutshofs Dubrova, entlang der Hauptstra\u00dfe Pula \u2013 Rijeka. Im Inneren des Parks befindet sich der Barockpalast Frankovi\u0107-Lazzarini.<\/p>\n<p>Der Park beherbergt insgesamt 68 Skulpturen, 16 Abschnitte der Wei\u00dfen Stra\u00dfe sowie zwei Autorenwerke, n\u00e4mlich das Amphitheater Dolac und das Informationszentrum. Au\u00dferhalb des Parks gibt es zudem 16 weitere Skulpturen zu entdecken.<\/p>\n<p>Der Park erfreut sich gro\u00dfer Beliebtheit bei Einheimischen und Besuchern von Labin\u0161tina. Er bietet einen idealen Ort zum Spazierengehen, Treffen mit Freunden, Spielen f\u00fcr Kinder oder f\u00fcr ein entspanntes Picknick im Freien.<\/p>\n<p>Einer der sch\u00f6nsten kroatischen Skulpturenparks l\u00e4dt zu einzigartigen Momenten voller Kunst und Natur ein.\nDie offene Galerie erstreckt sich \u00fcber eine Fl\u00e4che von 33 Hektar und ist teilweise von Trockensteinmauern umgeben. Der Park beeindruckt mit nat\u00fcrlichen T\u00e4lern und einer reichen, vielf\u00e4ltigen Flora, die typisch f\u00fcr die mediterrane Region ist.<\/p>\n<p>Der Park entstand durch die aktive Beteiligung von K\u00fcnstlern am Mediterranen Bildhauersymposium, einer bedeutenden Veranstaltung von internationalem Rang. Seit den 1970er Jahren wird durch das Symposium die beeindruckende Sammlung von Skulpturen aus istrischem Stein im Park erweitert. Der Stein, als eines der widerstandsf\u00e4higsten Materialien und ein allgegenw\u00e4rtiges Element des Mediterranen Bildhauersymposiums, ist zu einem Symbol von Labin\u0161tina, dem \u00f6stlichen Teil Istriens, geworden. Seit den 1970er Jahren haben fast hundert renommierte Bildhauer aus der ganzen Welt an dem Symposium teilgenommen und dabei ihre kreativen Ideen in konkreten Werken hinterlassen.<\/p>\n<p>Der Skulpturenpark Dubrova beherbergt das umfangreichste Ensemble von Freiluftkunstwerken, geschaffen von f\u00fchrenden Bildhauern aus Kroatien, Italien, \u00d6sterreich, Slowenien, Serbien, Bosnien und Herzegowina, Mazedonien, den USA, Japan, Frankreich, Spanien, den Niederlanden, der Schweiz, Kanada, Gro\u00dfbritannien, S\u00fcdkorea, der Slowakei und Ungarn. Diese Werke sind an verschiedenen Orten in Kroatien zu finden, darunter Labin, Rabac, Pi\u0107an, Sv. Nedelja, Pazin, Zagreb, Vukovar und Ilok.<\/p>\n<p>Ein besonderes Merkmal des Parks ist die Wei\u00dfe Stra\u00dfe, ein Weg bestehend aus 16 Abschnitten, von denen jeder 25 Meter lang ist. Diese Abschnitte wurden von renommierten kroatischen K\u00fcnstlern wie Edo Murti\u0107, Julije Knifer und Du\u0161an D\u017eamonja gestaltet. Besucher k\u00f6nnen entlang der Wei\u00dfen Stra\u00dfe spazieren und die beeindruckenden Kunstwerke genie\u00dfen.<\/p>\n<p>Im Park befindet sich auch das Amphitheater Dolac, das von dem Bildhauer Josip Dimini\u0107 entworfen wurde, der zusammen mit dem Maler Quintin Bassani eine der treibenden Kr\u00e4fte hinter dieser kulturellen Veranstaltung ist. Das Amphitheater dient als Veranstaltungsort f\u00fcr k\u00fcnstlerische Auff\u00fchrungen, Konzerte, Theaterst\u00fccke und verschiedene Veranstaltungen f\u00fcr Besucher.<\/p>\n<p>Der Skulpturenpark Dubrova ist das ganze Jahr \u00fcber rund um die Uhr f\u00fcr Besucher ge\u00f6ffnet. Der Eintritt ist frei. F\u00fcr Gruppen werden F\u00fchrungen angeboten, die im Voraus vereinbart werden k\u00f6nnen.<\/p>\n<p>Die Verwaltung des Skulpturenparks Dubrova liegt in den H\u00e4nden der Non-Profit-Organisation Mediteranski kiparski simpozij (Mediterranes Bildhauersymposium). Der Park erstreckt sich \u00fcber das Gebiet der Gemeinde Sv. Nedelja und der Stadt Labin.<\/p>\n<p><strong>Kontakt:<\/strong><br \/>\nRenata Kir\u0161i\u0107, Pr\u00e4sidentin des MKS-Verbandes T. +385 92 2989595<br \/>\nE. <a href=\"mailto:mediteranskikiparskisimpozij@gmail.com\" target=\"_parent\" rel=\"noopener noreferrer\">mediteranskikiparskisimpozij@gmail.com<\/a><br \/>\nW. <a href=\"http:\/\/www.parkdubrova.eu\/\" target=\"_blank\" rel=\"noopener noreferrer\">www.parkdubrova.eu<\/a><br \/>\nFB. <a href=\"https:\/\/www.facebook.com\/ParkSkulpturaDubrova\/\" target=\"_blank\" rel=\"noopener noreferrer\">ParkSkulpturaDubrova<\/a><br \/>\nGPS. 45\u00b06\u2019 N, 14\u00b06\u2019 E<\/p>\n<p><strong>Das KASTELL \u0160UMBER<\/strong> mit seiner Vorstadt ist ein gesch\u00fctztes Kulturgut von nationaler Bedeutung. Es wurde an der Stelle einer ehemaligen pr\u00e4historischen Festung im Weiler von Stari Grad in \u0160umber errichtet. Im Jahr 1260 gelangte das Kastell in den Besitz der \u00f6sterreichischen Adelsfamilie Sch\u00f6nberg, nach der \u0160umber benannt wurde. Ab 1367 geh\u00f6rte es zum Herzogtum Pazin und diente als Grenzfestung zwischen dem \u00f6sterreichischen und venezianischen Teil Istriens. Nach dem Aussterben der Familie Sch\u00f6nberg im sp\u00e4ten 14. Jahrhundert wurde \u0160umber dem Adelsbesitz Ko\u017eljak angegliedert.<br \/>\nDas Kastell \u0160umber besitzt einen polygonalen Grundriss und ist von Mauern umgeben. Es wird von zwei runden Halbt\u00fcrmen im S\u00fcdosten und S\u00fcdwesten verteidigt. Die Mauern umschlie\u00dfen den Innenhof, und der Haupteingang zum Kastell befindet sich im \u00f6stlichen Teil der Mauer. An der Innenseite der s\u00fcdlichen Festungsmauer sind \u00dcberreste eines langen und schmalen eingeschossigen Palastes zu finden, w\u00e4hrend sich in der nord\u00f6stlichen Ecke des Kastells ein weiteres kleineres Geb\u00e4ude befindet.<\/p>\n<p><strong>GUTSHERRLICHER KOMPLEX DER GUTSH\u00d6FE RANKOVI\u0106-LAZZARINI<\/strong> in Dubrova bei \u0160trmac \nDer Gutsherrliche Komplex der Gutsh\u00f6fe Rankovi\u0107-Lazzarini in Dubrova bei \u0160trmac ist ein Ensemble von Wohn- und Wirtschaftsgeb\u00e4uden mit Festungselementen. Er wurde im Jahr 1654 auf dem Land der Labiner Adelsfamilie Frankovi\u0107-Vla\u010di\u0107 erbaut. Auf einem gro\u00dfen rechteckigen Gel\u00e4nde, das von einer hohen Steinmauer umgeben ist, erstreckt sich ein Park mit einer Allee, die zum Eingang in den Hof f\u00fchrt. Der Hof selbst ist ein vierfl\u00fcgeliger Komplex mit barocken Geb\u00e4uden, die um einen Innenhof mit einem schmalen, quadratischen Uhrenturm angeordnet sind. An den beiden \u00e4u\u00dferen Ecken des Komplexes sind halbrunde T\u00fcrme erhalten geblieben. Im Hof sind Teile des urspr\u00fcnglichen Steinpflasters erhalten geblieben, w\u00e4hrend das Schloss (Wohngeb\u00e4ude) und andere Nebengeb\u00e4ude teilweise rekonstruiert wurden. Die meisten von ihnen sind verlassen und befinden sich sogar in Ruinen (insbesondere der Ostfl\u00fcgel), aber das barocke Ambiente und die grundlegenden Merkmale dieses Geb\u00e4udekomplexes sind erhalten geblieben.<\/p>\n<p><strong><span style='font-weight: normal'>Unter den Kulturg\u00fctern von regionaler Bedeutung zeichnet sich die<\/span> ARCH\u00c4OLOGISCHE ST\u00c4TTE KO\u010cUR<\/strong> besonders aus. Sie liegt westlich der heutigen Ortschaft \u010camparovica, auf dem Plateau oberhalb des Tals des Flusses Ra\u0161a. Ko\u010dur (Cozur) war eines der Besitzt\u00fcmer des Patriarchen von Aquileia entlang des Flusses Ra\u0161a. An diesem Ort befinden sich die Ruinen einer einschiffigen Kapelle des Heiligen Kreuzes. An dieser Stelle oberhalb der Schlucht des Flusses Ra\u0161a befand sich eine pr\u00e4historische Burg, die auch in der Antike genutzt wurde.<\/p>\n<p><strong>DER ARCHITEKTONISCHE HERRENHAUSKOMPLEX IN SVETI MARTIN<\/strong> ist ein Kulturdenkmal, das unter dem Schutz des Ministeriums f\u00fcr Kultur der Republik Kroatien steht. Der Komplex besitzt einen U-f\u00f6rmigen Grundriss mit einem rechteckigen Innenhof in der Mitte, einem Wohnpalast an der Ostseite und Wirtschaftsgeb\u00e4uden an der Nord- und Westseite. Der Palast Lazzarini-Battiala ist ein Geb\u00e4ude innerhalb des barocken Landschlosses des letzten gro\u00dfen Gutsbesitzers von Labin, Baron Lazzarini, und wurde im Jahr 1797 erbaut.<br \/>\nHeute bietet der Palast Lazzarini-Battiala 6 komfortable Ferienwohnungen, konoba oder einen Weinkeller und einen istrischen Kamin. Hier haben Besucher die M\u00f6glichkeit, die lokale Geschichte und Kultur, Kunst und Gastronomie n\u00e4her kennenzulernen.<br \/>\nDer Agrotourismus Ka\u0161tel Pineta bietet Ihnen eine einzigartige M\u00f6glichkeit, das gastronomische Angebot auf traditionelle Weise zu genie\u00dfen. Der Komplex wurde vollst\u00e4ndig renoviert und bietet komfortable Ferienwohnungen sowie ein Restaurant, das ausschlie\u00dflich lokale Spezialit\u00e4ten aus eigener Produktion serviert. Sie haben die M\u00f6glichkeit, hausgemachte Weine, einheimische Schn\u00e4pse und verschiedene Honigsorten zu probieren. Dar\u00fcber hinaus verf\u00fcgt Ka\u0161tel Pineta \u00fcber einen gro\u00dfz\u00fcgigen Innenpool, der von einer traumhaften Naturkulisse umgeben ist.<br \/>\nWestlich des Komplexes befindet sich die Barockkapelle der Heiligen Maria der Gesundheit aus dem Jahr 1630. Im Laufe der Zeit entstand rund um den Komplex die Ortschaft Martinski mit der Pfarrkirche des Heiligen Martin aus dem Jahr 1907.<\/p>\n<p><strong>Zu den Kulturg\u00fctern von regionaler Bedeutung geh\u00f6ren auch die folgenden Bauwerke:<\/strong> Sakralbau in Paradi\u017e \u2013 die Kapelle des Heiligen Paulus;<br \/>\nSakralbau in Sna\u0161i\u0107i \u2013 die Kirche der Verk\u00fcndigung der Heiligen Jungfrau Maria, auch Mar\u010denica genannt;<br \/>\n\u0160umber \u2013 die Pfarrkirche der Heiligen Johannes und Paulus;<br \/>\n\u0160umber \u2013 die Kirche des Heiligen Quirinus am Friedhof;<br \/>\n\u0160umber \u2013 die Kirche der Heiligen Maria des Hartriegels.<\/p>\n<p>Um die historische Integrit\u00e4t der Denkm\u00e4ler zu bewahren, ist es in ihrer unmittelbaren Umgebung nicht gestattet, neue Bauwerke zu errichten. Bei jeglichen Bauma\u00dfnahmen ist es erforderlich, den urspr\u00fcnglichen Zustand der Objekte zu erhalten. Zus\u00e4tzliche konservatorische und arch\u00e4ologische Untersuchungen werden bei zuk\u00fcnftigen Renovierungen und regelm\u00e4\u00dfigen Instandhaltungsarbeiten, insbesondere bei gr\u00f6\u00dferen Sanierungsma\u00dfnahmen, durchgef\u00fchrt. F\u00fcr jegliche bauliche Eingriffe an den genannten Geb\u00e4uden m\u00fcssen spezielle Gestaltungsbedingungen bei der zust\u00e4ndigen Beh\u00f6rde, der Denkmalschutzabteilung in Pula, eingehalten werden.<\/p>\n<p>Im Zentrum der Gemeinde Sveta Nedelja befindet sich die Kirche der Allerheiligsten Dreifaltigkeit. Gem\u00e4\u00df Istarski razvod oder der Istrischen Abgrenzung, einem historischen Rechtsdokument \u00fcber die Grenzziehung zwischen benachbarten Gemeinden in Istrien, genauer gesagt zwischen dem Besitz des Patriarchen von Aquileia, dem F\u00fcrsten von G\u00f6rz und Pazin und dem Vertreter der Republik Venedig, lag die Grenze der drei Gemeinden, \u0160umber, Labin und Plomin, genau an der Ecke der Kirche der Allerheiligsten Dreifaltigkeit.<\/p>\n\n\t\t<\/div> \n\t<\/div> <\/div><\/div><\/div><div class=\"wpb_column vc_column_container vc_col-sm-4\"><div class=\"vc_column-inner\"><div class=\"wpb_wrapper\"><\/div><\/div><\/div><\/div><\/div><\/div>","protected":false},"excerpt":{"rendered":"\u00a0\u00a0\u00a0Park skulptura Duborva Kultura Cijela labin\u0161tina pa tako i op\u0107ina Sveta Nedelja kao da imaju umjetni\u010dku du\u0161u, a nije ni te\u0161ko shvatiti za\u0161to; krajolik je tako inspirativan da je te\u0161ko ovu gozbu za osjetila ne preto\u010diti u umjetni\u010dko djelo. Park skulptura Dubrova se nalazi uz...","protected":false},"author":2,"featured_media":0,"parent":0,"menu_order":0,"comment_status":"open","ping_status":"closed","template":"full_width.php","meta":[],"_links":{"self":[{"href":"https:\/\/tzosvetanedelja.hr\/de\/wp-json\/wp\/v2\/pages\/1008932"}],"collection":[{"href":"https:\/\/tzosvetanedelja.hr\/de\/wp-json\/wp\/v2\/pages"}],"about":[{"href":"https:\/\/tzosvetanedelja.hr\/de\/wp-json\/wp\/v2\/types\/page"}],"author":[{"embeddable":true,"href":"https:\/\/tzosvetanedelja.hr\/de\/wp-json\/wp\/v2\/users\/2"}],"replies":[{"embeddable":true,"href":"https:\/\/tzosvetanedelja.hr\/de\/wp-json\/wp\/v2\/comments?post=1008932"}],"version-history":[{"count":3,"href":"https:\/\/tzosvetanedelja.hr\/de\/wp-json\/wp\/v2\/pages\/1008932\/revisions"}],"predecessor-version":[{"id":1008936,"href":"https:\/\/tzosvetanedelja.hr\/de\/wp-json\/wp\/v2\/pages\/1008932\/revisions\/1008936"}],"wp:attachment":[{"href":"https:\/\/tzosvetanedelja.hr\/de\/wp-json\/wp\/v2\/media?parent=1008932"}],"curies":[{"name":"wp","href":"https:\/\/api.w.org\/{rel}","templated":true}]}}