{"id":1009756,"date":"2022-03-23T13:26:41","date_gmt":"2022-03-23T12:26:41","guid":{"rendered":"https:\/\/tzosvetanedelja.hr\/?page_id=1009756"},"modified":"2022-07-06T15:04:14","modified_gmt":"2022-07-06T13:04:14","slug":"video-galerija","status":"publish","type":"page","link":"https:\/\/tzosvetanedelja.hr\/de\/video-galerija\/","title":{"rendered":"Video galerija"},"content":{"rendered":"<div     class=\"vc_row wpb_row section vc_row-fluid without-header grid_section\" style=' text-align:left;'><div class=\"section_inner clearfix\"><div class='section_inner_margin clearfix'><div class=\"wpb_column vc_column_container vc_col-sm-2\"><div class=\"vc_column-inner\"><div class=\"wpb_wrapper\"><\/div><\/div><\/div><div class=\"wpb_column vc_column_container vc_col-sm-8\"><div class=\"vc_column-inner\"><div class=\"wpb_wrapper\">\n\t<div class=\"wpb_text_column wpb_content_element\">\n\t\t<div class=\"wpb_wrapper\">\n\t\t\t<h1 style=\"text-align: center;\">Video galerija<\/h1>\n\n\t\t<\/div> \n\t<\/div> <\/div><\/div><\/div><div class=\"wpb_column vc_column_container vc_col-sm-2\"><div class=\"vc_column-inner\"><div class=\"wpb_wrapper\"><\/div><\/div><\/div><\/div><\/div><\/div><div     class=\"vc_row wpb_row section vc_row-fluid without-header vc_custom_1648038708203 grid_section\" style=' text-align:left;'><div class=\"section_inner clearfix\"><div class='section_inner_margin clearfix'><div class=\"wpb_column vc_column_container vc_col-sm-2\"><div class=\"vc_column-inner\"><div class=\"wpb_wrapper\"><\/div><\/div><\/div><div class=\"wpb_column vc_column_container vc_col-sm-8\"><div class=\"vc_column-inner\"><div class=\"wpb_wrapper\">\n\t<div class=\"wpb_raw_code wpb_content_element wpb_raw_html vc_custom_1648120110832\" >\n\t\t<div class=\"wpb_wrapper\">\n\t\t\t<div class='youtube_codegena second' id='UflE2viOVeo' data-params='?&theme=dark&autoplay=1&autohide=2&modestbranding=1' src='https:\/\/tzosvetanedelja.hr\/wp-content\/uploads\/2022\/03\/Cari-i-ljepote-opcine-Sveta-Nedelja.jpg'style='width:100%; height:409px'>\n\n<h4>\u010cari i ljepote na\u0161e op\u0107ine<\/h4>\n\n<\/div><script src='https:\/\/rawgit.com\/shaneapen\/Async-Youtube-Player\/master\/async_youtube_player.js'><\/script><div style='font-size: 0.8em'><\/div>\n\t\t<\/div>\n\t<\/div>\n\n\t<div class=\"wpb_raw_code wpb_content_element wpb_raw_html vc_custom_1648120103701\" >\n\t\t<div class=\"wpb_wrapper\">\n\t\t\t<div class='youtube_codegena first' id='UmsssWZmDPw' data-params='?&theme=dark&autoplay=1&autohide=2&modestbranding=1' src='https:\/\/tzosvetanedelja.hr\/wp-content\/uploads\/2022\/03\/Dan-Opcine-Sveta-Nedelja-2019-1.jpg'style='width:100%; height:409px'>\n\n<h4>Dan Op\u0107ine Sveta Nedelja 2019.<\/h4>\n\n<\/div><script src='https:\/\/rawgit.com\/shaneapen\/Async-Youtube-Player\/master\/async_youtube_player.js'><\/script><div style='font-size: 0.8em'><\/div>\n\t\t<\/div>\n\t<\/div>\n\n\t<div class=\"wpb_raw_code wpb_content_element wpb_raw_html vc_custom_1648120119697\" >\n\t\t<div class=\"wpb_wrapper\">\n\t\t\t<div class='youtube_codegena second' id='dJxFMIsvufM' data-params='?&theme=dark&autoplay=1&autohide=2&modestbranding=1' src='https:\/\/tzosvetanedelja.hr\/wp-content\/uploads\/2022\/03\/Park-skulptura-Dubrova-Edukativna-setnja.jpg'style='width:100%; height:409px'>\n\n<h4>Park skulptura Dubrova<br>Edukativna \u0161etnja<\/h4>\n\n<\/div><script src='https:\/\/rawgit.com\/shaneapen\/Async-Youtube-Player\/master\/async_youtube_player.js'><\/script><div style='font-size: 0.8em'><\/div>\n\t\t<\/div>\n\t<\/div>\n\n\t<div class=\"wpb_raw_code wpb_content_element wpb_raw_html vc_custom_1657112649609\" >\n\t\t<div class=\"wpb_wrapper\">\n\t\t\t<div class='youtube_codegena second' id='lNnKibt36Z4' data-params='?&theme=dark&autoplay=1&autohide=2&modestbranding=1' src='https:\/\/tzosvetanedelja.hr\/wp-content\/uploads\/2022\/03\/Wine&Gourmet Day.jpg'style='width:100%; height:409px'>\n\n<h4>Wine&Gourmet Day<br>18.06.2022.<\/h4>\n\n<\/div><script src='https:\/\/rawgit.com\/shaneapen\/Async-Youtube-Player\/master\/async_youtube_player.js'><\/script><div style='font-size: 0.8em'><\/div>\n\t\t<\/div>\n\t<\/div>\n<\/div><\/div><\/div><div class=\"wpb_column vc_column_container vc_col-sm-2\"><div class=\"vc_column-inner\"><div class=\"wpb_wrapper\"><\/div><\/div><\/div><\/div><\/div><\/div>","protected":false},"excerpt":{"rendered":"Video galerija \u010cari i ljepote na\u0161e op\u0107ine Dan Op\u0107ine Sveta Nedelja 2019. Park skulptura DubrovaEdukativna \u0161etnja Wine&Gourmet Day18.06.2022.","protected":false},"author":2,"featured_media":0,"parent":0,"menu_order":0,"comment_status":"closed","ping_status":"closed","template":"full_width.php","meta":[],"_links":{"self":[{"href":"https:\/\/tzosvetanedelja.hr\/de\/wp-json\/wp\/v2\/pages\/1009756"}],"collection":[{"href":"https:\/\/tzosvetanedelja.hr\/de\/wp-json\/wp\/v2\/pages"}],"about":[{"href":"https:\/\/tzosvetanedelja.hr\/de\/wp-json\/wp\/v2\/types\/page"}],"author":[{"embeddable":true,"href":"https:\/\/tzosvetanedelja.hr\/de\/wp-json\/wp\/v2\/users\/2"}],"replies":[{"embeddable":true,"href":"https:\/\/tzosvetanedelja.hr\/de\/wp-json\/wp\/v2\/comments?post=1009756"}],"version-history":[{"count":23,"href":"https:\/\/tzosvetanedelja.hr\/de\/wp-json\/wp\/v2\/pages\/1009756\/revisions"}],"predecessor-version":[{"id":1010527,"href":"https:\/\/tzosvetanedelja.hr\/de\/wp-json\/wp\/v2\/pages\/1009756\/revisions\/1010527"}],"wp:attachment":[{"href":"https:\/\/tzosvetanedelja.hr\/de\/wp-json\/wp\/v2\/media?parent=1009756"}],"curies":[{"name":"wp","href":"https:\/\/api.w.org\/{rel}","templated":true}]}}