{"id":18626,"date":"2014-05-30T14:08:09","date_gmt":"2014-05-30T14:08:09","guid":{"rendered":"http:\/\/demo.select-themes.com\/stockholm8\/?page_id=18626"},"modified":"2022-03-30T13:15:08","modified_gmt":"2022-03-30T11:15:08","slug":"opcina-sveta-nedelja","status":"publish","type":"page","link":"https:\/\/tzosvetanedelja.hr\/de\/gemeinde-sveta-nedelja\/","title":{"rendered":"Gemeinde Sveta Nedelja"},"content":{"rendered":"<div     class=\"vc_row wpb_row section vc_row-fluid header-image-logo\" style='background-image:url(https:\/\/tzosvetanedelja.hr\/wp-content\/uploads\/2020\/03\/tzo-slider.jpg); text-align:left;'><div class=\"full_section_inner clearfix\"><div class=\"wpb_column vc_column_container vc_col-sm-12\"><div class=\"vc_column-inner\"><div class=\"wpb_wrapper\">\n\t<div class=\"wpb_raw_code wpb_content_element wpb_raw_html\" >\n\t\t<div class=\"wpb_wrapper\">\n\t\t\t<!-- header place holder -->\n\t\t<\/div>\n\t<\/div>\n<\/div><\/div><\/div><\/div><\/div><div     class=\"vc_row wpb_row section vc_row-fluid header-location grid_section\" style=' text-align:left;'><div class=\"section_inner clearfix\"><div class='section_inner_margin clearfix'><div class=\"wpb_column vc_column_container vc_col-sm-12\"><div class=\"vc_column-inner\"><div class=\"wpb_wrapper\">\n\t<div class=\"wpb_text_column wpb_content_element\">\n\t\t<div class=\"wpb_wrapper\">\n\t\t\t<p><i class=\"fas fa-map-marker-alt\"><\/i>\u00a0\u00a0\u00a0Nede\u0161\u0107ina<\/p>\n\n\t\t<\/div> \n\t<\/div> <\/div><\/div><\/div><\/div><\/div><\/div><div     class=\"vc_row wpb_row section vc_row-fluid  grid_section\" style=' padding-top:80px; text-align:left;'><div class=\"section_inner clearfix\"><div class='section_inner_margin clearfix'><div class=\"wpb_column vc_column_container vc_col-sm-2\"><div class=\"vc_column-inner\"><div class=\"wpb_wrapper\"><\/div><\/div><\/div><div class=\"wpb_column vc_column_container vc_col-sm-8\"><div class=\"vc_column-inner\"><div class=\"wpb_wrapper\">\n\t<div class=\"wpb_text_column wpb_content_element\">\n\t\t<div class=\"wpb_wrapper\">\n\t\t\t<h1 style=\"text-align: center;\">Gemeinde Sveta Nedelja<\/h1>\n<p class=\"lead\" style=\"text-align: center;\">Im \u00f6stlichen Teil Zentralistriens, auf einem Hochplateau \u00fcber dem Tal des Flusses Ra\u0161a und im Hinterland der Stadt Labin, liegt eine ganz besondere Gemeinde \u2013 Sveta Nedelja.<br \/>\nDurch ihre einzigartige Lage, die sowohl die N\u00e4he zum Meer als auch zu \u00fcppigen W\u00e4ldern einschlie\u00dft, wird eine holistische Verquickung von Gr\u00fcn und Blau erm\u00f6glicht. Diese Besonderheit birgt ein enormes Potenzial f\u00fcr die Weiterentwicklung der Gemeinde sowie f\u00fcr die Schaffung einer h\u00f6heren Lebensqualit\u00e4t sowohl f\u00fcr Einheimische als auch f\u00fcr zahlreiche Besucher.<\/p>\n<p style=\"text-align: center;\">Dieses Gebiet ist reich an architektonischen \u00dcberresten, die von der langen und interessanten Geschichte dieser Gegend erz\u00e4hlen. Sie laden Besucher dazu ein, die Gemeinde zu erkunden und herauszufinden, warum wohlhabende Menschen in der Vergangenheit gerade hier ihre Herrenh\u00e4user gebaut haben.<\/p>\n\n\t\t<\/div> \n\t<\/div> <\/div><\/div><\/div><div class=\"wpb_column vc_column_container vc_col-sm-2\"><div class=\"vc_column-inner\"><div class=\"wpb_wrapper\"><\/div><\/div><\/div><\/div><\/div><\/div><div     class=\"vc_row wpb_row section vc_row-fluid  grid_section\" style=' padding-top:80px; text-align:left;'><div class=\"section_inner clearfix\"><div class='section_inner_margin clearfix'><div class=\"box-holder box-holder-grey wpb_column vc_column_container vc_col-sm-6\"><div class=\"vc_column-inner\"><div class=\"wpb_wrapper\">\n\t<div class=\"wpb_single_image wpb_content_element vc_align_left   same-height\">\n\t\t<div class=\"wpb_wrapper\">\n\t\t\t\n\t\t\t<div class=\"vc_single_image-wrapper   vc_box_border_grey\"><img width=\"1060\" height=\"706\" src=\"https:\/\/tzosvetanedelja.hr\/wp-content\/uploads\/2022\/01\/SVETI-MARTIN-13-2000x1332.jpg\" class=\"vc_single_image-img attachment-large\" alt=\"Sveti Martin\" loading=\"lazy\" srcset=\"https:\/\/tzosvetanedelja.hr\/wp-content\/uploads\/2022\/01\/SVETI-MARTIN-13-2000x1332.jpg 2000w, https:\/\/tzosvetanedelja.hr\/wp-content\/uploads\/2022\/01\/SVETI-MARTIN-13-1000x666.jpg 1000w, https:\/\/tzosvetanedelja.hr\/wp-content\/uploads\/2022\/01\/SVETI-MARTIN-13-768x512.jpg 768w, https:\/\/tzosvetanedelja.hr\/wp-content\/uploads\/2022\/01\/SVETI-MARTIN-13-1536x1023.jpg 1536w, https:\/\/tzosvetanedelja.hr\/wp-content\/uploads\/2022\/01\/SVETI-MARTIN-13-2048x1364.jpg 2048w, https:\/\/tzosvetanedelja.hr\/wp-content\/uploads\/2022\/01\/SVETI-MARTIN-13-700x466.jpg 700w, https:\/\/tzosvetanedelja.hr\/wp-content\/uploads\/2022\/01\/SVETI-MARTIN-13-1100x733.jpg 1100w\" sizes=\"(max-width: 1060px) 100vw, 1060px\" \/><\/div>\n\t\t<\/div>\n\t<\/div>\n<\/div><\/div><\/div><div class=\"box-holder box-holder-grey wpb_column vc_column_container vc_col-sm-6\"><div class=\"vc_column-inner\"><div class=\"wpb_wrapper\">\n\t<div class=\"wpb_text_column wpb_content_element  same-height\">\n\t\t<div class=\"wpb_wrapper\">\n\t\t\t<h4>Ortschaften<\/h4>\n<p>Zur Gemeinde Sveta Nedelja geh\u00f6ren 21 Ortschaften, und zwar: Cere, Er\u017ei\u0161\u0107e, Fran\u010di\u0107i, Jurazini, Kraj Draga, Mali Golji, Mali Turini, Mari\u0107i, Markoci, Nede\u0161\u0107ina, Paradi\u017e, Ru\u017ei\u0107i, Santalezi, Sna\u0161i\u0107i, Sveti Martin, \u0160trmac, \u0160umber, Veli Golji, Veli Turini, Vre\u0107ari und \u017dupani\u0107i.<\/p>\n<p>Zu den gr\u00f6\u00dferen Ortschaften in der Gemeinde Sveta Nedelja z\u00e4hlen: Nede\u0161\u0107ina (Gemeindezentrum), \u0160trmac, \u0160umber und Sveti Martin.<\/p>\n\n\t\t<\/div> \n\t<\/div> <\/div><\/div><\/div><\/div><\/div><\/div><div     class=\"vc_row wpb_row section vc_row-fluid  grid_section\" style=' padding-top:80px; text-align:left;'><div class=\"section_inner clearfix\"><div class='section_inner_margin clearfix'><div class=\"box-holder box-holder-grey wpb_column vc_column_container vc_col-sm-6\"><div class=\"vc_column-inner\"><div class=\"wpb_wrapper\">\n\t<div class=\"wpb_text_column wpb_content_element\">\n\t\t<div class=\"wpb_wrapper\">\n\t\t\t<h4>Bev\u00f6lkerung<\/h4>\n<p>Laut der Volksz\u00e4hlung von 2011 hat die Gemeinde Sveta Nedelja 3.158 Einwohner. Die statistischen Daten von 2019 zeigen, dass in der Gemeinde Sveta Nedelja 12.067 Ank\u00fcnfte und 110.266 \u00dcbernachtungen verzeichnet wurden. Diese Zahlen belegen eindeutig, dass Sveta Nedelja zu einem attraktiven Reiseziel geworden ist.<\/p>\n\n\t\t<\/div> \n\t<\/div> <\/div><\/div><\/div><div class=\"box-holder box-holder-grey wpb_column vc_column_container vc_col-sm-6\"><div class=\"vc_column-inner\"><div class=\"wpb_wrapper\">\n\t<div class=\"wpb_text_column wpb_content_element\">\n\t\t<div class=\"wpb_wrapper\">\n\t\t\t<h4>Geografische Lage<\/h4>\n<p>Die Gemeinde Sveta Nedelja liegt auf einem Plateau auf einer H\u00f6he von 250 bis 300 Metern \u00fcber dem Meeresspiegel und erstreckt sich vom Fluss Ra\u0161a bis zur Adriak\u00fcste im Hinterland der Stadt Labin. Der Fluss Ra\u0161a entspringt an der westlichen Grenze der Gemeinde und bildet eine nat\u00fcrliche Trennlinie zwischen dem mittleren und \u00f6stlichen Teil Istriens. Das Meer ist nur zehn Kilometer entfernt in Rabac, wodurch dieses besondere Gebiet gewisserma\u00dfen eine Verbindung zwischen dem gr\u00fcnen und blauen Istrien darstellt.<\/p>\n\n\t\t<\/div> \n\t<\/div> <\/div><\/div><\/div><div class=\"box-holder box-holder-grey wpb_column vc_column_container vc_col-sm-6\"><div class=\"vc_column-inner\"><div class=\"wpb_wrapper\">\n\t<div class=\"wpb_text_column wpb_content_element\">\n\t\t<div class=\"wpb_wrapper\">\n\t\t\t<h4>Klima<\/h4>\n<p>Die Gemeinde Sveta Nedelja profitiert von den faszinierenden klimatischen Einfl\u00fcssen des Tals des Flusses Ra\u0161a und der Bucht von Plomin, obwohl die Ortschaften geografisch im Landesinneren liegen. An der Kreuzung von mediterranem und kontinentalem Klima gelegen, herrscht in den Siedlungen, die stark von diesen Gew\u00e4ssern beeinflusst werden, ein mediterranes Klima mit g\u00fcnstigen Bedingungen f\u00fcr eine reiche Vegetation. Allerdings sind die Wintermonate zu kalt f\u00fcr typisch mediterrane Pflanzen wie Oliven. Die h\u00f6her gelegenen oder im Schatten liegenden Orte weisen hingegen ausgepr\u00e4gte Merkmale des submediterranen Klimas auf. Dies bedeutet, dass die Winter dort etwas k\u00e4lter und die Sommer milder sind als in K\u00fcstenn\u00e4he. Daher bietet dieser au\u00dfergew\u00f6hnliche Ort die M\u00f6glichkeit, das Meer zu genie\u00dfen und sich am Ende des Tages ins k\u00fchlere Landesinnere zur\u00fcckzuziehen. Dort erwarten Sie sanfte Winde, k\u00fchlere N\u00e4chte und h\u00e4ufiger erfrischender Sommerregen.<\/p>\n<p>Im Winter sinken die Temperaturen unter Null, jedoch ist Schnee sehr selten. Im sp\u00e4ten Fr\u00fchjahr kann es zu Frost kommen. Im sp\u00e4ten Fr\u00fchjahr kann es zu Frost kommen. Die Region ist im Winter oft von der Bora betroffen, einem kalten und trockenen Nordwind, der von den Bergen und dem Landesinneren in Richtung Meer bl\u00e4st. Im Fr\u00fchjahr und Herbst gibt es h\u00e4ufiger Regen, mit gelegentlichen l\u00e4ngeren Perioden stabileren Wetters. Es kann auch stellenweise Nebel geben. Im Herbst tritt jugo auf, ein S\u00fcdwind, der Nebel, w\u00e4rmeres und feuchteres Wetter sowie einen tr\u00fcben Himmel mit sich bringt. Die Sommer sind warm, sonnig und meist trocken. Die Niederschl\u00e4ge nehmen zu, je weiter man sich vom Meer ins Landesinnere bewegt.<\/p>\n\n\t\t<\/div> \n\t<\/div> <\/div><\/div><\/div><div class=\"box-holder box-holder-grey wpb_column vc_column_container vc_col-sm-6\"><div class=\"vc_column-inner\"><div class=\"wpb_wrapper\">\n\t<div class=\"wpb_text_column wpb_content_element\">\n\t\t<div class=\"wpb_wrapper\">\n\t\t\t<h4>Vegetation<\/h4>\n<p>Die Vegetation in der Gemeinde Sveta Nedelja ist von submediterranem Klima und vielf\u00e4ltigen Bodenbedingungen gepr\u00e4gt. Die Landschaft besteht aus Ackerland, Gr\u00fcnland und Waldvegetation, die je nach Boden- und Klimabedingungen variieren. Die W\u00e4lder sind haupts\u00e4chlich aus Laubb\u00e4umen wie Eichen, Eschen und Edelkastanien zusammengesetzt. An den R\u00e4ndern der Abbaustellen gibt es Ruderalvegetation, die f\u00fcr Steinbr\u00fcche typisch ist, wie das Rosmarin-Weidenr\u00f6schen (Epilobium dodonaei) und der Breitwegerich (Plantago major). Die W\u00e4lder an den H\u00e4ngen der Schlucht des Flusses Ra\u0161a sind durch mittelhohe Vegetation, B\u00fcsche und niedrige B\u00e4ume gekennzeichnet.<\/p>\n<p>Der Park in Nede\u0161\u0107ina, der sich um die ehemalige Villa Furlani und das heutige Seniorenheim Sv. Nedelja erstreckt, ist in der Tat bemerkenswert. Der Park zeichnet sich durch einen einzigartigen Pflanzenbestand aus und wurde bereits 1974 zum Denkmal der Parkarchitektur erkl\u00e4rt.<\/p>\n<p>Obwohl der Park heute ziemlich verlassen ist, beherbergt er immer noch interessante Pflanzenarten, darunter: Lorbeerbaum (Laurus nobilis), Libanonzeder (Cedrus libani), Blauglockenbaum (Paulownia tomentosa), Mittelmeer-Zypresse (Cupressus sempervirens), Gew\u00f6hnliche Robinie (Robinia pseudacacia), Gew\u00f6hnliche Rosskastanie (Aesculus hippocastanum), Schwarzkiefer (Pinus nigra), Gew\u00f6hnlicher Judasbaum (Cercis siliquastrum), Ulme (Ulmus), Griechische Tanne (Abies pinsapo), Europ\u00e4ische Eibe (Taxus baccata), Wei\u00df-Pappel (Populus alba), Orientalische Hainbuche (Carpinus orientalis), Europ\u00e4ische Hopfenbuche (Ostrya carpinifolia), Morgenl\u00e4ndische Platane (Platanus orientalis) und Flaumeiche (Quercus pubescens).<\/p>\n\n\t\t<\/div> \n\t<\/div> <\/div><\/div><\/div><div class=\"box-holder box-holder-grey wpb_column vc_column_container vc_col-sm-12\"><div class=\"vc_column-inner\"><div class=\"wpb_wrapper\">\n\t<div class=\"wpb_text_column wpb_content_element\">\n\t\t<div class=\"wpb_wrapper\">\n\t\t\t<h4>Geschichte<\/h4>\n<p><span class=\"lead\">Die Geschichte Istriens und damit auch dieser Region ist lang und turbulent. Dies ist leicht nachvollziehbar, wenn man die geografische Lage bedenkt, die sich am Schnittpunkt m\u00e4chtiger Einflussbereiche \u00f6stlich und westlich von Istrien befindet. Die N\u00e4he zum Meer und die Bedeutung der Kontrolle der Seewege haben zudem Handelsinteressen geweckt.<\/span><\/p>\n<p>Das Gebiet von Sveta Nedelja wurde erstmals in der Bronzezeit besiedelt, als illyrisch-keltische St\u00e4mme auf den H\u00fcgeln dieser Region Kastelle oder pr\u00e4historische Festungen bauten. Im 4. Jahrhundert v. Chr. gr\u00fcndeten die Kelten das heutige Labin (Alvona oder Albona) sowie das nahe gelegene Plomin (Flanona). Etwa ein paar hundert Jahre sp\u00e4ter, im Jahr 177 v. Chr., als die R\u00f6mer die Kontrolle \u00fcber Istrien erlangten, wurde der Fluss Ra\u0161a zur Grenze zwischen dem Gebiet der Liburner (einem illyrischen Stamm) und den R\u00f6mern. Albona war ein bedeutendes antikes Zentrum in einem gr\u00f6\u00dferen Gebiet. Im 8. Jahrhundert gr\u00fcndete Karl der Gro\u00dfe die Furlaner Mark und trennte Labin von Liburnia.<\/p>\n<p>Die Entwicklung der Orte im Hinterland von Labin oberhalb der Schlucht des Flusses Ra\u0161a ist eng mit den Besitzt\u00fcmern der Patriarchen von Aquileia und sp\u00e4ter des deutschen Adels in dieser Region verbunden. Mit der St\u00e4rkung des Feudalismus wurde die Autonomie der St\u00e4dte eingeschr\u00e4nkt, was dazu f\u00fchrte, dass im 9. und 10. Jahrhundert verschiedene deutsche Adelsfamilien die umliegenden L\u00e4ndereien erwarben. Von 1207 bis 1420 kehrten die Patriarchen von Aquileia nach Labin zur\u00fcck und die Stadt entwickelte sich zu einer freien Stadt. In dieser Zeit entstanden im Hinterland von Labin feudale Besitzt\u00fcmer wie das Kastell in \u0160umber.<\/p>\n<p>Nach dem Jahr 1420 und dem Fall von Aquileia kamen Labin und Plomin unter die Verwaltung der Republik Venedig. Die Wirtschaft dieser Region war eng mit den gro\u00dfen Feudalherrschaften in der Umgebung verbunden, die von den adligen Familien von Labin verwaltet wurden. Im 16. und 17. Jahrhundert entstanden Pal\u00e4ste in der Altstadt von Labin sowie Schl\u00f6sser mit umliegenden Geb\u00e4uden im Hinterland. In dieser Zeit wurden auch neue Gemeinden mit kleineren Siedlungen gegr\u00fcndet, darunter die heutigen Gemeinden Nede\u0161\u0107ina, Sveta Nedelja und Sveti Martin.<\/p>\n<p>Die eigentliche Entwicklung dieses Gebiets begann im 19. Jahrhundert mit dem Bergbau, der unter franz\u00f6sischer und sp\u00e4ter \u00f6sterreichischer Verwaltung stattfand. In der Umgebung von Sveta Nedelja wurde in \u0160trmac ein Bergbauschacht er\u00f6ffnet, der mit einer neuen kleinen Bergbausiedlung einherging. Im Laufe des 19. Jahrhunderts wuchs und entwickelte sich das Zentrum der Gemeinde, wo Messen und andere Veranstaltungen abgehalten wurden \u2013 Sveta Nedelja. Dieser Ort befand sich neben der mittelalterlichen Benediktinerabtei der Heiligen Dreifaltigkeit, von der heute keine Spuren mehr vorhanden sind. In jener Zeit wurde eine gro\u00dfe neue Kirche errichtet, die zusammen mit einem ger\u00e4umigen Platz das Zentrum des Ortes bildete. Bis zum 20. Jahrhundert erlebte die gesamte Region einen Aufschwung, der durch industrielle Produktion und Bergbau vorangetrieben wurde. Jedoch \u00e4nderte sich mit dem massiven R\u00fcckgang des Bergbaus in den 1970er und 1980er Jahren auch der Lebensstil der Menschen in dieser Region, die sich anderen Wirtschaftszweigen zuwenden mussten.<\/p>\n\n\t\t<\/div> \n\t<\/div> <\/div><\/div><\/div><\/div><\/div><\/div>","protected":false},"excerpt":{"rendered":"\u00a0\u00a0\u00a0Nede\u0161\u0107ina Op\u0107ina Sveta Nedelja U isto\u010dnom dijelu sredi\u0161nje Istre, na visokom platou iznad doline rijeke Ra\u0161e i u zale\u0111u grada Labina nalazi se posebna op\u0107ina Sveta Nedelja. Osebujna lokacija, blizina mora, ali i bujnih \u0161uma ozna\u010dava holisti\u010dki spoj zelenog i plavog, koji predstavlja velik potencijal...","protected":false},"author":2,"featured_media":5,"parent":0,"menu_order":0,"comment_status":"open","ping_status":"closed","template":"full_width.php","meta":[],"_links":{"self":[{"href":"https:\/\/tzosvetanedelja.hr\/de\/wp-json\/wp\/v2\/pages\/18626"}],"collection":[{"href":"https:\/\/tzosvetanedelja.hr\/de\/wp-json\/wp\/v2\/pages"}],"about":[{"href":"https:\/\/tzosvetanedelja.hr\/de\/wp-json\/wp\/v2\/types\/page"}],"author":[{"embeddable":true,"href":"https:\/\/tzosvetanedelja.hr\/de\/wp-json\/wp\/v2\/users\/2"}],"replies":[{"embeddable":true,"href":"https:\/\/tzosvetanedelja.hr\/de\/wp-json\/wp\/v2\/comments?post=18626"}],"version-history":[{"count":78,"href":"https:\/\/tzosvetanedelja.hr\/de\/wp-json\/wp\/v2\/pages\/18626\/revisions"}],"predecessor-version":[{"id":1009902,"href":"https:\/\/tzosvetanedelja.hr\/de\/wp-json\/wp\/v2\/pages\/18626\/revisions\/1009902"}],"wp:featuredmedia":[{"embeddable":true,"href":"https:\/\/tzosvetanedelja.hr\/de\/wp-json\/wp\/v2\/media\/5"}],"wp:attachment":[{"href":"https:\/\/tzosvetanedelja.hr\/de\/wp-json\/wp\/v2\/media?parent=18626"}],"curies":[{"name":"wp","href":"https:\/\/api.w.org\/{rel}","templated":true}]}}