{"id":1006606,"date":"2020-11-11T11:38:57","date_gmt":"2020-11-11T11:38:57","guid":{"rendered":"https:\/\/tzosvetanedelja.hr\/?page_id=1006606"},"modified":"2026-01-16T14:59:17","modified_gmt":"2026-01-16T13:59:17","slug":"dokumentacija","status":"publish","type":"page","link":"https:\/\/tzosvetanedelja.hr\/en\/dokumentacija\/","title":{"rendered":"Documents"},"content":{"rendered":"<div     class=\"vc_row wpb_row section vc_row-fluid without-header grid_section\" style=' text-align:left;'><div class=\"section_inner clearfix\"><div class='section_inner_margin clearfix'><div class=\"wpb_column vc_column_container vc_col-sm-12\"><div class=\"vc_column-inner\"><div class=\"wpb_wrapper\">\n\t<div class=\"wpb_text_column wpb_content_element\">\n\t\t<div class=\"wpb_wrapper\">\n\t\t\t<h1>Javni dokumenti turisti\u010dke zajednice Op\u0107ine Sveta Nedelja<\/h1>\n\n\t\t<\/div> \n\t<\/div> <\/div><\/div><\/div><\/div><\/div><\/div><div     class=\"vc_row wpb_row section vc_row-fluid vc_custom_1647513972980 grid_section\" style=' text-align:left;'><div class=\"section_inner clearfix\"><div class='section_inner_margin clearfix'><div class=\"wpb_column vc_column_container vc_col-sm-8\"><div class=\"vc_column-inner\"><div class=\"wpb_wrapper\">\n\t<div class=\"wpb_text_column wpb_content_element  links-docs\">\n\t\t<div class=\"wpb_wrapper\">\n\t\t\t<h3><strong>Dokumenti za preuzimanje<\/strong><\/h3>\n<p>PROGRAM RADA<\/p>\n<h6><a href=\"https:\/\/tzosvetanedelja.hr\/wp-content\/uploads\/2025\/12\/Odluka-Program-rada-2026..pdf\">Program rada i financijski plan 2026.<\/a><\/h6>\n<h6><a href=\"https:\/\/tzosvetanedelja.hr\/wp-content\/uploads\/2025\/12\/Odluka-I-Rebalans.pdf\">Prve izmjene i dopune Godi\u0161njeg plana rada i financijskog plana za 2025. godinu<\/a><\/h6>\n<h6><a href=\"https:\/\/tzosvetanedelja.hr\/wp-content\/uploads\/2024\/12\/Program-rada-i-financijski-plan-TZO-Sv.-Nedelja-za-2025..pdf\">Program rada i financijski plan 2025.<\/a><\/h6>\n<h6><a href=\"https:\/\/tzosvetanedelja.hr\/wp-content\/uploads\/2024\/12\/2.-Izmjene-i-dopune-Programa-rada.pdf\">Druge izmjene i dopune Godi\u0161njeg plana rada i financijskog plana za 2024. godinu<\/a><\/h6>\n<h6><a href=\"https:\/\/tzosvetanedelja.hr\/wp-content\/uploads\/2024\/07\/3_ODLUKA-O-PRIHVACANJU-IZMJENA-I-DOPUNA-PROGRAMA-RADA.pdf\">Izmjene i dopune Godi\u0161njeg plana rada i financijskog plana za 2024. godinu<\/a><\/h6>\n<h6><a href=\"https:\/\/tzosvetanedelja.hr\/wp-content\/uploads\/2024\/01\/Odluka-Program-rada-i-financijski-plan-2024..pdf\">Program rada i financijski plan 2024.<\/a><\/h6>\n<h6><a href=\"https:\/\/tzosvetanedelja.hr\/wp-content\/uploads\/2024\/02\/ODLUKA-REBALANS.pdf\">Izmjene i dopune Godi\u0161njeg plana rada i financijskog plana za 2023. godinu<\/a><\/h6>\n<h6><a href=\"https:\/\/tzosvetanedelja.hr\/wp-content\/uploads\/2022\/12\/Program-rada-i-financijski-plan-2023..pdf\">Program rada i financijski plan 2023.<\/a><\/h6>\n<h6><a href=\"https:\/\/tzosvetanedelja.hr\/wp-content\/uploads\/2021\/12\/Godisnji-program-rada-TZO-Sveta-Nedelja-za-2022.godinu.pdf\" target=\"_blank\" rel=\"noopener noreferrer\">Godisnji program rada TZO Sveta Nedelja za 2022.godinu (17,2 MB)<\/a><\/h6>\n<h6>\u00a0<a href=\"https:\/\/tzosvetanedelja.hr\/wp-content\/uploads\/2021\/01\/Program-rada-i-financijski-plan-turisti\u010dke-zajednice-Op\u0107ine-Sveta-Nedelja-za-2021.-godinu.pdf\" target=\"_blank\" rel=\"noopener noreferrer\">Program rada i financijski plan turisti\u010dke zajednice Op\u0107ine Sveta Nedelja za 2021. godinu (11,7 MB)<\/a><\/h6>\n<h6><i class=\"fa-solid fa-file-pdf\"><\/i>\u00a0<a href=\"https:\/\/tzosvetanedelja.hr\/wp-content\/uploads\/2022\/03\/Program-rada-i-financijski-plan-Opcine-Sveta-Nedelja-za-2020.-godinu.pdf\" target=\"_blank\" rel=\"noopener noreferrer\">Program rada i financijski plan Op\u0107ine Sveta Nedelja za 2020. godinu (3,2 MB)<\/a><\/h6>\n<p>IZVJE\u0160TAJI<\/p>\n<h6><a href=\"https:\/\/tzosvetanedelja.hr\/wp-content\/uploads\/2025\/04\/5-Odluka-Izvjesce-Direktora.pdf\">Izvje\u0161\u0107e o radu Direktora 2024.<\/a><\/h6>\n<h6><a href=\"https:\/\/tzosvetanedelja.hr\/wp-content\/uploads\/2025\/04\/3-Odluka-Izvjesce-o-izvrsenju-programa-i-financ-izvjesce-2024.pdf\">Izvje\u0161\u0107e o izvr\u0161enju programa rada i financijskom poslovanju za 2024. godinu<\/a><\/h6>\n<h6><a href=\"https:\/\/tzosvetanedelja.hr\/wp-content\/uploads\/2024\/04\/3-Odluka-o-izvrsenju-programa.pdf\">Izvje\u0161\u0107e o izvr\u0161enju programa rada i financijskom poslovanju za 2023. godinu<\/a><\/h6>\n<h6><a href=\"https:\/\/tzosvetanedelja.hr\/wp-content\/uploads\/2023\/04\/Odluka-2-Izvrsenje-programa.pdf\">Izvje\u0161\u0107e o izvr\u0161enju programa rada i financijskom poslovanju za 2022. godinu<\/a><\/h6>\n<h6><a href=\"https:\/\/tzosvetanedelja.hr\/wp-content\/uploads\/2023\/04\/Zakljucak-i-misljenje-o-provedenom-strucnom-nadzoru.pdf\">Zaklju\u010dak i mi\u0161ljenje o provedenom stru\u010dnom nadzoru za 2022. godinu<\/a><\/h6>\n<h6><a href=\"https:\/\/tzosvetanedelja.hr\/wp-content\/uploads\/2023\/04\/Odluka-3-Financijsko-izvjesce.pdf\">\u00a0Financijsko izvje\u0161\u0107e za 2022. godinu<\/a><\/h6>\n<h6><a href=\"https:\/\/tzosvetanedelja.hr\/wp-content\/uploads\/2022\/03\/Odluka-Skupstine-i-Izvjesce-o-izvrsenju-programa-rada-i-aktivnostima-te-financijskom-poslovanju-Turisticke-zajednice-Opcine-Sveta-Nedelja-za-2021.-godinu.pdf\">Odluka Skup\u0161tine i Izvje\u0161\u0107e o izvr\u0161enju programa rada i aktivnostima te\u00a0 financijskom poslovanju Turisti\u010dke zajednice Op\u0107ine Sveta Nedelja za 2021. godinu<\/a><\/h6>\n<h6><\/h6>\n<p>PLAN NABAVE<\/p>\n<h6><a href=\"https:\/\/tzosvetanedelja.hr\/wp-content\/uploads\/2026\/01\/plan_nabave_2025.pdf\">Plan nabave 2025.<\/a><\/h6>\n<h6><a href=\"https:\/\/tzosvetanedelja.hr\/wp-content\/uploads\/2024\/12\/Plan-nabave-2024.pdf\">Plan nabave 2024.<\/a><\/h6>\n<h6><a href=\"https:\/\/tzosvetanedelja.hr\/wp-content\/uploads\/2024\/01\/PLAN-NABAVE-2023-1.pdf\">Plan nabave 2023.<\/a><\/h6>\n<p>STATUT<\/p>\n<h6><a href=\"https:\/\/tzosvetanedelja.hr\/wp-content\/uploads\/2025\/12\/24_2025.pdf\">IZMJENE I DOPUNE STATUTA TZ &#8211; OSN<\/a><\/h6>\n<h6><a href=\"https:\/\/svnedelja.blob.core.windows.net\/glasilo\/08_2020.pdf\" target=\"_blank\" rel=\"noopener\">Statut TZO SVETA NEDELJA 08_2020 (6,2 MB)<\/a><\/h6>\n<p>PRAVO NA PRISTUP INFORMACIJA<\/p>\n<h6><a href=\"https:\/\/tzosvetanedelja.hr\/wp-content\/uploads\/2026\/01\/Godisnje_izvjesce.pdf\">Godi\u0161nje izvje\u0161\u0107e o provedbi Zakona o pravu na pristup informacijama za 2025. godinu<\/a><\/h6>\n<h6><a href=\"https:\/\/tzosvetanedelja.hr\/wp-content\/uploads\/2025\/01\/Godisnje_izvjesce.pdf\">Godi\u0161nje izvje\u0161\u0107e o provedbi Zakona o pravu na pristup informacijama za 2024. godinu<\/a><\/h6>\n<h6><a href=\"https:\/\/tzosvetanedelja.hr\/wp-content\/uploads\/2024\/01\/Godisnje_izvjesce-povjerenik.pdf\">Godi\u0161nje izvje\u0161\u0107e o provedbi Zakona o pravu na pristup informacijama za 2023. godinu<\/a><\/h6>\n<h6><a href=\"https:\/\/tzosvetanedelja.hr\/wp-content\/uploads\/2023\/01\/Godisnje_izvjesce-2.pdf\">Godi\u0161nje izvje\u0161\u0107e o provedbi Zakona o pravu na pristup informacijama za 2022. godinu<\/a><\/h6>\n<h6><a href=\"https:\/\/tzosvetanedelja.hr\/wp-content\/uploads\/2022\/01\/Godisnje_izvjesce-TZO-Sv.-Nedelja-2021..pdf\" target=\"_blank\" rel=\"noopener\">Godi\u0161nje izvje\u0161\u0107e o provedbi Zakona o pravu na pristup informacijama za 2021. godinu<\/a><\/h6>\n<h6><i class=\"fa-solid fa-file-pdf\"><\/i><a href=\"https:\/\/tzosvetanedelja.hr\/wp-content\/uploads\/2021\/02\/godisnje-izvjesce-tzo-sv-nedelja-2020.pdf\" target=\"_blank\" rel=\"noopener noreferrer\">Godi\u0161nje izvje\u0161\u0107e o provedbi Zakona o pravu na pristup informacijama za 2020. godinu<\/a><\/h6>\n<h6>\u00a0 \u00a0<a href=\"https:\/\/tzosvetanedelja.hr\/wp-content\/uploads\/2022\/03\/1.-Izjava-o-zastiti-osobnih-podataka.doc\" target=\"_blank\" rel=\"noopener noreferrer\">1. Izjava o za\u0161titi osobnih podataka (0,6 MB)<\/a><\/h6>\n<h6><i class=\"fa-solid fa-file-word\"><\/i>\u00a0 \u00a0<a href=\"https:\/\/tzosvetanedelja.hr\/wp-content\/uploads\/2022\/03\/2.-Obrazac-zahtjeva-za-pristup-informacijama.doc\" target=\"_blank\" rel=\"noopener noreferrer\">2. Obrazac zahtjeva za pristup informacijama (0,2 MB)<\/a><\/h6>\n<h6><i class=\"fa-solid fa-file-word\"><\/i>\u00a0 \u00a0<a href=\"https:\/\/tzosvetanedelja.hr\/wp-content\/uploads\/2022\/03\/3.-Obrazac-zahtjeva-za-dopunu-ili-ispravak-informacije.doc\" target=\"_blank\" rel=\"noopener noreferrer\">3. Obrazac zahtjeva za dopunu ili ispravak informacije (0,4 MB)<\/a><\/h6>\n<h6><i class=\"fa-solid fa-file-word\"><\/i>\u00a0 \u00a0<a href=\"https:\/\/tzosvetanedelja.hr\/wp-content\/uploads\/2022\/03\/4.-Obrazac-zahtjeva-za-ponovnu-uporabu-informacija.doc\" target=\"_blank\" rel=\"noopener noreferrer\">4. Obrazac zahtjeva za ponovnu uporabu informacija (0,3 MB)<\/a><\/h6>\n<h6><i class=\"fa-solid fa-file-word\"><\/i>\u00a0 \u00a0<a href=\"https:\/\/tzosvetanedelja.hr\/wp-content\/uploads\/2022\/03\/5.-Odluka-o-odredivanju-sluzbene-osobe-za-informiranje.docx\" target=\"_blank\" rel=\"noopener noreferrer\">5. Odluka o odre\u0111ivanju slu\u017ebene osobe za informiranje (0,2 MB)<\/a><\/h6>\n<p>OSTALI DOKUMENTI<\/p>\n<h6><a href=\"https:\/\/tzosvetanedelja.hr\/wp-content\/uploads\/2024\/09\/Odluka-o-raspisivanju-izbora.pdf\">Odluka o raspisivanju izbora Skup\u0161tine TZO Sveta Nedelja za mandatno razdoblje 2024.-2028.<\/a><\/h6>\n<h6><a href=\"https:\/\/tzosvetanedelja.hr\/wp-content\/uploads\/2023\/04\/Odluka-Pravilnik-o-provodenju-jednostavne-nabave.pdf\">Pravilnik o provo\u0111enju jednostavne nabave<\/a><\/h6>\n<h6><a href=\"https:\/\/tzosvetanedelja.hr\/wp-content\/uploads\/2024\/03\/8-Odluka-novi-Pravilnik.pdf\">Pravilnik o radu i sistematizaciji radnih mjesta TZO Sveta Nedelja<\/a><\/h6>\n<h6><a href=\"https:\/\/tzosvetanedelja.hr\/wp-content\/uploads\/2025\/10\/Odluka-Izmjene-i-dopune-Poslovnika-Turistickog-vijeca.pdf\">Odluka Izmjene i dopune Poslovnika Turisti\u010dkog vije\u0107a<\/a><\/h6>\n<h6><a href=\"https:\/\/tzosvetanedelja.hr\/wp-content\/uploads\/2025\/04\/Upitnik-samoprocjena-2024..pdf\">Upitnik samoprocjena TJVP 2024.<\/a><\/h6>\n<h6><a href=\"https:\/\/tzosvetanedelja.hr\/wp-content\/uploads\/2023\/08\/Upitnik-za-samoprocjenu-TZO-Sveta-Nedelja.pdf\">Upitnik samoprocjena TJVP 2023.<\/a><\/h6>\n<h6><a href=\"https:\/\/tzosvetanedelja.hr\/wp-content\/uploads\/2023\/04\/Samoprocjena-neprofitne.pdf\">Upitnik samoprocjena TJVP 2022.<\/a><\/h6>\n<h6><a href=\"https:\/\/tzosvetanedelja.hr\/wp-content\/uploads\/2022\/06\/Odluka-o-izboru-i-imenovanju-direktorice-TZO-Sv.-Nedelja-Biance-Dagostin.pdf\">Odluka o izboru i imenovanju direktorice TZO Sv. Nedelja<\/a><\/h6>\n<h6><\/h6>\n\n\t\t<\/div> \n\t<\/div> <\/div><\/div><\/div><div class=\"wpb_column vc_column_container vc_col-sm-4\"><div class=\"vc_column-inner\"><div class=\"wpb_wrapper\"><\/div><\/div><\/div><\/div><\/div><\/div>","protected":false},"excerpt":{"rendered":"Javni dokumenti turisti\u010dke zajednice Op\u0107ine Sveta Nedelja Dokumenti za preuzimanje PROGRAM RADA Program rada i financijski plan 2026. Prve izmjene i dopune Godi\u0161njeg plana rada i financijskog plana za 2025. godinu Program rada i financijski plan 2025. Druge izmjene i dopune Godi\u0161njeg plana rada i...","protected":false},"author":2,"featured_media":0,"parent":0,"menu_order":0,"comment_status":"closed","ping_status":"closed","template":"","meta":[],"_links":{"self":[{"href":"https:\/\/tzosvetanedelja.hr\/en\/wp-json\/wp\/v2\/pages\/1006606"}],"collection":[{"href":"https:\/\/tzosvetanedelja.hr\/en\/wp-json\/wp\/v2\/pages"}],"about":[{"href":"https:\/\/tzosvetanedelja.hr\/en\/wp-json\/wp\/v2\/types\/page"}],"author":[{"embeddable":true,"href":"https:\/\/tzosvetanedelja.hr\/en\/wp-json\/wp\/v2\/users\/2"}],"replies":[{"embeddable":true,"href":"https:\/\/tzosvetanedelja.hr\/en\/wp-json\/wp\/v2\/comments?post=1006606"}],"version-history":[{"count":60,"href":"https:\/\/tzosvetanedelja.hr\/en\/wp-json\/wp\/v2\/pages\/1006606\/revisions"}],"predecessor-version":[{"id":1012787,"href":"https:\/\/tzosvetanedelja.hr\/en\/wp-json\/wp\/v2\/pages\/1006606\/revisions\/1012787"}],"wp:attachment":[{"href":"https:\/\/tzosvetanedelja.hr\/en\/wp-json\/wp\/v2\/media?parent=1006606"}],"curies":[{"name":"wp","href":"https:\/\/api.w.org\/{rel}","templated":true}]}}