{"id":1006613,"date":"2020-11-11T11:43:24","date_gmt":"2020-11-11T11:43:24","guid":{"rendered":"https:\/\/tzosvetanedelja.hr\/?page_id=1006613"},"modified":"2025-05-13T13:07:18","modified_gmt":"2025-05-13T11:07:18","slug":"kontakt","status":"publish","type":"page","link":"https:\/\/tzosvetanedelja.hr\/en\/contact\/","title":{"rendered":"Contact"},"content":{"rendered":"<div     class=\"vc_row wpb_row section vc_row-fluid without-header grid_section\" style=' text-align:left;'><div class=\"section_inner clearfix\"><div class='section_inner_margin clearfix'><div class=\"wpb_column vc_column_container vc_col-sm-12\"><div class=\"vc_column-inner\"><div class=\"wpb_wrapper\">\n\t<div class=\"wpb_text_column wpb_content_element\">\n\t\t<div class=\"wpb_wrapper\">\n\t\t\t<h1 style=\"text-align: center;\">Get in touch with us<\/h1>\n\n\t\t<\/div> \n\t<\/div> <\/div><\/div><\/div><\/div><\/div><\/div><div     class=\"vc_row wpb_row section vc_row-fluid  grid_section\" style=' text-align:left;'><div class=\"section_inner clearfix\"><div class='section_inner_margin clearfix'><div class=\"wpb_column vc_column_container vc_col-sm-6\"><div class=\"vc_column-inner\"><div class=\"wpb_wrapper\">\n\t<div class=\"wpb_text_column wpb_content_element\">\n\t\t<div class=\"wpb_wrapper\">\n\t\t\t<h5>Tourist Association of the Municipality of Sveta Nedelja<\/h5>\n<p>Nede\u0161\u0107ina 103<br \/>\n52231 Nede\u0161\u0107ina<br \/>\nHrvatska<\/p>\n<p>M: +385 (0)99 353 4223<\/p>\n<p>T: +385 (0)52 685 068<\/p>\n<p>E: <a href=\"mailto:info@tzosvetanedelja.hr\" target=\"_parent\" rel=\"noopener noreferrer\">info@tzosvetanedelja.hr<\/a><br \/>\nE: <a href=\"mailto:tzo.svetanedelja@gmail.com\">tzo.svetanedelja@gmail.com<\/a><\/p>\n<p>OIB: 97652628494<\/p>\n<p>&nbsp;<\/p>\n<p><strong>Office of Tourist Association<\/strong><\/p>\n<p>\u0160trmac 85<\/p>\n<p>52220 Nede\u0161\u0107ina<\/p>\n<p>&nbsp;<\/p>\n<p>&nbsp;<\/p>\n<p><strong>WORKING HOURS<\/strong><br \/>\nMonday \u2013 Friday from 7:00am to 3:00pm<br \/>\nClosed on Saturdays, Sundays and holidays<br \/>\nBreak from 10:30am to 11:00am<\/p>\n<p>&nbsp;<\/p>\n<p><a href=\"https:\/\/www.facebook.com\/sveta.nedelja.municipality.tourist.board\/\" target=\"_blank\" rel=\"noopener noreferrer\">Follow us on Facebook!<\/a><br \/>\n<a href=\"https:\/\/www.instagram.com\/visitsvetanedeljaistra\/?hl=hr\" target=\"_blank\" rel=\"noopener noreferrer\">Follow us on Instagram!<\/a><\/p>\n\n\t\t<\/div> \n\t<\/div> <\/div><\/div><\/div><div class=\"wpb_column vc_column_container vc_col-sm-6\"><div class=\"vc_column-inner\"><div class=\"wpb_wrapper\"><div class=\"wpb_gmaps_widget wpb_content_element\"><div class=\"wpb_wrapper\"><div class=\"wpb_map_wraper\"><iframe src=\"https:\/\/www.google.com\/maps\/embed?pb=!1m18!1m12!1m3!1d2914.513021868026!2d14.115816411757775!3d45.1156036565096!2m3!1f0!2f0!3f0!3m2!1i1024!2i768!4f13.1!3m3!1m2!1s0x47634f6d0f03d1b9%3A0xece0d549bb2f758b!2sTuristi%C4%8Dka%20zajednica%20Op%C4%87ine%20Sveta%20Nedelja!5e1!3m2!1shr!2shr!4v1747134404417!5m2!1shr!2shr\" width=\"600\" height=\"710\" style=\"border:0;\" allowfullscreen=\"\" loading=\"lazy\" referrerpolicy=\"no-referrer-when-downgrade\"><\/iframe><\/div><\/div><\/div><\/div><\/div><\/div><\/div><\/div><\/div>","protected":false},"excerpt":{"rendered":"Stupite u kontakt s nama Turisti\u010dka zajednica Op\u0107ine Sveta Nedelja Nede\u0161\u0107ina 103 52231 Nede\u0161\u0107ina Hrvatska M: +385 (0)99 353 4223 T: +385 (0)52 685 068 E: info@tzosvetanedelja.hr E: tzo.svetanedelja@gmail.com OIB: 97652628494 &nbsp; Ured Turisti\u010dke zajednice \u0160trmac 85 52220 Nede\u0161\u0107ina &nbsp; &nbsp; RADNO VRIJEME Ponedjeljak \u2013...","protected":false},"author":2,"featured_media":0,"parent":0,"menu_order":0,"comment_status":"closed","ping_status":"closed","template":"full_width.php","meta":[],"_links":{"self":[{"href":"https:\/\/tzosvetanedelja.hr\/en\/wp-json\/wp\/v2\/pages\/1006613"}],"collection":[{"href":"https:\/\/tzosvetanedelja.hr\/en\/wp-json\/wp\/v2\/pages"}],"about":[{"href":"https:\/\/tzosvetanedelja.hr\/en\/wp-json\/wp\/v2\/types\/page"}],"author":[{"embeddable":true,"href":"https:\/\/tzosvetanedelja.hr\/en\/wp-json\/wp\/v2\/users\/2"}],"replies":[{"embeddable":true,"href":"https:\/\/tzosvetanedelja.hr\/en\/wp-json\/wp\/v2\/comments?post=1006613"}],"version-history":[{"count":37,"href":"https:\/\/tzosvetanedelja.hr\/en\/wp-json\/wp\/v2\/pages\/1006613\/revisions"}],"predecessor-version":[{"id":1012551,"href":"https:\/\/tzosvetanedelja.hr\/en\/wp-json\/wp\/v2\/pages\/1006613\/revisions\/1012551"}],"wp:attachment":[{"href":"https:\/\/tzosvetanedelja.hr\/en\/wp-json\/wp\/v2\/media?parent=1006613"}],"curies":[{"name":"wp","href":"https:\/\/api.w.org\/{rel}","templated":true}]}}