{"id":1006811,"date":"2020-11-16T08:39:22","date_gmt":"2020-11-16T07:39:22","guid":{"rendered":"https:\/\/tzosvetanedelja.hr\/?page_id=1006811"},"modified":"2026-01-07T13:03:28","modified_gmt":"2026-01-07T12:03:28","slug":"novosti-za-iznajmljivace","status":"publish","type":"page","link":"https:\/\/tzosvetanedelja.hr\/en\/novosti-za-iznajmljivace\/","title":{"rendered":"Novosti za iznajmljiva\u010de"},"content":{"rendered":"<div     class=\"vc_row wpb_row section vc_row-fluid without-header grid_section\" style=' text-align:left;'><div class=\"section_inner clearfix\"><div class='section_inner_margin clearfix'><div class=\"wpb_column vc_column_container vc_col-sm-12\"><div class=\"vc_column-inner\"><div class=\"wpb_wrapper\">\n\t<div class=\"wpb_text_column wpb_content_element\">\n\t\t<div class=\"wpb_wrapper\">\n\t\t\t<h1>Novosti za iznajmljiva\u010de<\/h1>\n\n\t\t<\/div> \n\t<\/div> <\/div><\/div><\/div><\/div><\/div><\/div><div     class=\"vc_row wpb_row section vc_row-fluid vc_custom_1647518683448 grid_section\" style=' text-align:left;'><div class=\"section_inner clearfix\"><div class='section_inner_margin clearfix'><div class=\"grey-opensans-title wpb_column vc_column_container vc_col-sm-8\"><div class=\"vc_column-inner\"><div class=\"wpb_wrapper\">\n\t<div class=\"wpb_text_column wpb_content_element  links-docs\">\n\t\t<div class=\"wpb_wrapper\">\n\t\t\t<h5>2026.<\/h5>\n<p><a href=\"https:\/\/tzosvetanedelja.hr\/wp-content\/uploads\/2026\/01\/4Z937UG7G1RDQB1HAHZFDDB8LZREIK.pdf\">Odluka o privremenoj zabrani izvo\u0111enja radova tijekom turist. sezone u 2026. godini<\/a><\/p>\n<p><a href=\"https:\/\/tzosvetanedelja.hr\/wp-content\/uploads\/2026\/01\/01-SIZ_Odluka_o_visini_turisticke_pristojbe_za_2026._godinu.pdf\">Iznosi turisti\u010dke pristojbe na podru\u010dju Istarske \u017eupanije za 2026. godinu<\/a><\/p>\n<p><a href=\"https:\/\/tzosvetanedelja.hr\/wp-content\/uploads\/2023\/01\/TZ-2-NOVI.pdf\">TZ 2 obrazac u eurima<\/a><\/p>\n<p><a href=\"https:\/\/tzosvetanedelja.hr\/wp-content\/uploads\/2026\/01\/PRIMJER-ISPUNJENOG-OBRASCA-2026..pdf\">Primjer ispunjenog obrasca TZ2 2026.<\/a><\/p>\n<p><a href=\"https:\/\/tzosvetanedelja.hr\/wp-content\/uploads\/2026\/01\/01-SIZ_Odluka_o_visini_turisticke_pristojbe_za_2026._godinu.pdf\" target=\"_blank\" rel=\"noopener\">S\u030cifrarnik gradova i opc\u0301ina<\/a><\/p>\n<h5>2025.<\/h5>\n<p><a href=\"https:\/\/tzosvetanedelja.hr\/wp-content\/uploads\/2025\/02\/Odluka-pausal.pdf\">Odluka o visini pau\u0161alnog poreza<\/a><\/p>\n<p><a href=\"https:\/\/tzosvetanedelja.hr\/wp-content\/uploads\/2025\/02\/Odluka-o-privremenoj-zabrani-izvodenja-radova-tijekom-turist.-sezone-u-2025.-godinina-podrucju-OSN.pdf\">Odluka o privremenoj zabrani izvo\u0111enja radova tijekom turist. sezone u 2025. godini<\/a><\/p>\n<p><a href=\"https:\/\/tzosvetanedelja.hr\/wp-content\/uploads\/2024\/12\/odluka_turisticka_pristojba_2025.pdf\">Iznosi turisti\u010dke pristojbe na podru\u010dju Istarske \u017eupanije za 2025. godinu<\/a><\/p>\n<p><a href=\"https:\/\/tzosvetanedelja.hr\/wp-content\/uploads\/2023\/01\/TZ-2-NOVI.pdf\">TZ 2 obrazac u eurima<\/a><\/p>\n<p><a href=\"https:\/\/tzosvetanedelja.hr\/wp-content\/uploads\/2024\/12\/PRIMJER-ISPUNJENOG-OBRASCA-2025..pdf\">Primjer ispunjenog obrasca TZ2 2025.<\/a><\/p>\n<p><a href=\"https:\/\/tzosvetanedelja.hr\/wp-content\/uploads\/2026\/01\/01-SIZ_Odluka_o_visini_turisticke_pristojbe_za_2026._godinu.pdf\" target=\"_blank\" rel=\"noopener\">S\u030cifrarnik gradova i opc\u0301ina<\/a><\/p>\n\n\t\t<\/div> \n\t<\/div> <\/div><\/div><\/div><div class=\"wpb_column vc_column_container vc_col-sm-4\"><div class=\"vc_column-inner\"><div class=\"wpb_wrapper\"><\/div><\/div><\/div><\/div><\/div><\/div><div     class=\"vc_row wpb_row section vc_row-fluid vc_custom_1647518683448 grid_section\" style=' text-align:left;'><div class=\"section_inner clearfix\"><div class='section_inner_margin clearfix'><div class=\"grey-opensans-title wpb_column vc_column_container vc_col-sm-8\"><div class=\"vc_column-inner\"><div class=\"wpb_wrapper\">\n\t<div class=\"wpb_text_column wpb_content_element  links-docs\">\n\t\t<div class=\"wpb_wrapper\">\n\t\t\t<h5>2024.<\/h5>\n<p><a href=\"https:\/\/tzosvetanedelja.hr\/wp-content\/uploads\/2023\/12\/13_40_Odluka_turisticka-pristojba_2024.pdf\">Iznosi turisti\u010dke pristojbe na podru\u010dju Istarske \u017eupanije za 2024. godinu<\/a><\/p>\n<p><a href=\"https:\/\/tzosvetanedelja.hr\/wp-content\/uploads\/2023\/01\/TZ-2-NOVI.pdf\">TZ 2 obrazac u eurima<\/a><\/p>\n<p><a href=\"https:\/\/tzosvetanedelja.hr\/wp-content\/uploads\/2024\/01\/PRIMJER-TZ-2-2024.pdf\">Primjer ispunjenog obrasca TZ2 <\/a><\/p>\n<p><a href=\"https:\/\/tzosvetanedelja.hr\/wp-content\/uploads\/2022\/01\/S\u030cifrarnik-gradova-i-opc\u0301ina.pdf\" target=\"_blank\" rel=\"noopener\">S\u030cifrarnik gradova i opc\u0301ina<\/a><\/p>\n\n\t\t<\/div> \n\t<\/div> <\/div><\/div><\/div><div class=\"wpb_column vc_column_container vc_col-sm-4\"><div class=\"vc_column-inner\"><div class=\"wpb_wrapper\"><\/div><\/div><\/div><\/div><\/div><\/div><div     class=\"vc_row wpb_row section vc_row-fluid vc_custom_1647518683448 grid_section\" style=' text-align:left;'><div class=\"section_inner clearfix\"><div class='section_inner_margin clearfix'><div class=\"grey-opensans-title wpb_column vc_column_container vc_col-sm-8\"><div class=\"vc_column-inner\"><div class=\"wpb_wrapper\">\n\t<div class=\"wpb_text_column wpb_content_element  links-docs\">\n\t\t<div class=\"wpb_wrapper\">\n\t\t\t<h5>2023.<\/h5>\n<p><a href=\"https:\/\/tzosvetanedelja.hr\/wp-content\/uploads\/2023\/01\/TZ-2-NOVI.pdf\">TZ 2 obrazac u eurima<\/a><\/p>\n<p><a href=\"https:\/\/tzosvetanedelja.hr\/wp-content\/uploads\/2023\/01\/PRIMJER-ISPUNJENOG-TZ2.pdf\">Primjer ispunjenog obrasca TZ2<\/a><\/p>\n<p><a href=\"https:\/\/tzosvetanedelja.hr\/wp-content\/uploads\/2022\/01\/S\u030cifrarnik-gradova-i-opc\u0301ina.pdf\" target=\"_blank\" rel=\"noopener\">S\u030cifrarnik gradova i opc\u0301ina<\/a><\/p>\n<p><a href=\"https:\/\/tzosvetanedelja.hr\/wp-content\/uploads\/2023\/01\/odluka_turisticka_pristojba_-_2023.pdf\">Iznosi turisti\u010dke pristojbe na podru\u010dju Istarske \u017eupanije za 2023. godine<\/a><\/p>\n\n\t\t<\/div> \n\t<\/div> <\/div><\/div><\/div><div class=\"wpb_column vc_column_container vc_col-sm-4\"><div class=\"vc_column-inner\"><div class=\"wpb_wrapper\"><\/div><\/div><\/div><\/div><\/div><\/div><div     class=\"vc_row wpb_row section vc_row-fluid vc_custom_1647518683448 grid_section\" style=' text-align:left;'><div class=\"section_inner clearfix\"><div class='section_inner_margin clearfix'><div class=\"grey-opensans-title wpb_column vc_column_container vc_col-sm-8\"><div class=\"vc_column-inner\"><div class=\"wpb_wrapper\">\n\t<div class=\"wpb_text_column wpb_content_element  links-docs\">\n\t\t<div class=\"wpb_wrapper\">\n\t\t\t<h5><\/h5>\n<h5>2022.<\/h5>\n<p><a href=\"https:\/\/tzosvetanedelja.hr\/wp-content\/uploads\/2022\/04\/MINT-prijava-i-boravak-raseljenih-osoba-iz-Ukrajine.pdf\" target=\"_blank\" rel=\"noopener\">Prijava i boravak raseljenih osoba iz Ukrajine u Republici Hrvatskoj &#8211; Na slijede\u0107em linku Vam dostavljamo obavijest Ministarstva turizma Republike Hrvatske vezano za prijavu i boravak raseljenih osoba iz Ukrajine u Republici Hrvatskoj u smje\u0161tajnim objektima ugostitelja i iznajmljiva\u010da. <\/a><\/p>\n<p><i class=\"fa-solid fa-file-pdf\"><\/i>\u00a0 \u00a0<a href=\"https:\/\/tzosvetanedelja.hr\/wp-content\/uploads\/2022\/01\/Iznosi-turisti\u010dke-pristojbe-na-podru\u010dju-Istarske-\u017eupanije_2022.pdf\" target=\"_blank\" rel=\"noopener\">Iznosi turisti\u010dke pristojbe na podru\u010dju Istarske \u017eupanije_2022 (0,4 MB)<\/a><\/p>\n<p><i class=\"fa-solid fa-file-pdf\"><\/i>\u00a0 \u00a0<a href=\"https:\/\/tzosvetanedelja.hr\/wp-content\/uploads\/2022\/01\/Obrazac-TZ-2.pdf\" target=\"_blank\" rel=\"noopener\">Obrazac TZ 2 (0,1 MB)<\/a><\/p>\n<p><i class=\"fa-solid fa-file-pdf\"><\/i>\u00a0 \u00a0<a href=\"https:\/\/tzosvetanedelja.hr\/wp-content\/uploads\/2022\/01\/S\u030cifrarnik-gradova-i-opc\u0301ina.pdf\" target=\"_blank\" rel=\"noopener\">S\u030cifrarnik-gradova-i-opc\u0301ina (0,3 MB)<\/a><\/p>\n\n\t\t<\/div> \n\t<\/div> <\/div><\/div><\/div><div class=\"wpb_column vc_column_container vc_col-sm-4\"><div class=\"vc_column-inner\"><div class=\"wpb_wrapper\"><\/div><\/div><\/div><\/div><\/div><\/div><div     class=\"vc_row wpb_row section vc_row-fluid vc_custom_1647515199828 grid_section\" style=' text-align:left;'><div class=\"section_inner clearfix\"><div class='section_inner_margin clearfix'><div class=\"grey-opensans-title wpb_column vc_column_container vc_col-sm-8\"><div class=\"vc_column-inner\"><div class=\"wpb_wrapper\">\n\t<div class=\"wpb_text_column wpb_content_element  links-docs\">\n\t\t<div class=\"wpb_wrapper\">\n\t\t\t<h3>2020. i 2021.<\/h3>\n<p><i class=\"fa-solid fa-arrow-up-right-from-square\"><\/i>\u00a0 \u00a0<a href=\"https:\/\/narodne-novine.nn.hr\/clanci\/sluzbeni\/full\/2020_09_105_1964.html\" target=\"_blank\" rel=\"noopener noreferrer\">Pravilnik o dopunama Pravilnika o odgodi ili osloba\u0111anju od pla\u0107anja turisti\u010dke pristojbe za osobe koje pru\u017eaju ugostiteljske usluge u doma\u0107instvu ili na obiteljskom poljoprivrednom gospodarstvu<\/a><\/p>\n<p>Srpanj 2021. &#8211; Obzirom na pove\u0107ani broj upita inozemnih turista gdje je mogu\u0107e obaviti testiranje na Covid-19 u nastavku vam \u0161aljemo link koji vodi na popis destinacija gdje je i pod kojim uvjetima mogu\u0107e obaviti testiranje<br \/>\n<i class=\"fa-solid fa-file-pdf\"><\/i>\u00a0 \u00a0<a href=\"https:\/\/tzosvetanedelja.hr\/wp-content\/uploads\/2022\/03\/covid-19-kontakti-hr.pdf\" target=\"_blank\" rel=\"noopener noreferrer\">Hrvatski jezik (0,2 MB)<\/a>\u00a0 \u00a0|\u00a0 \u00a0<i class=\"fa-solid fa-file-pdf\"><\/i>\u00a0 \u00a0<a href=\"https:\/\/tzosvetanedelja.hr\/wp-content\/uploads\/2022\/03\/covid-19-contacts-eng.pdf\" target=\"_blank\" rel=\"noopener noreferrer\">Engleski jezik (0,1 MB)<\/a><\/p>\n<p><i class=\"fa-solid fa-file-pdf\"><\/i>\u00a0 \u00a0<a href=\"https:\/\/tzosvetanedelja.hr\/wp-content\/uploads\/2022\/03\/obveze-iznajmljivaca-za-web.pdf\" target=\"_blank\" rel=\"noopener noreferrer\">Obveze iznajmljiva\u010da 2020. (0,7 MB)<\/a><\/p>\n<p><i class=\"fa-solid fa-file-pdf\"><\/i>\u00a0 \u00a0<a href=\"https:\/\/tzosvetanedelja.hr\/wp-content\/uploads\/2022\/03\/1.obrazac-tz2.pdf\" target=\"_blank\" rel=\"noopener noreferrer\">Obrazac TZ 2 (0,1 MB)<\/a><\/p>\n<p>Letak s osnovnim informacijama za Covid-19: Mjere za\u0161tite i Postupak kod sumnje na Covid-19:<br \/>\n<i class=\"fa-solid fa-file-pdf\"><\/i>\u00a0 \u00a0<a href=\"https:\/\/rabac-labin.us4.list-manage.com\/track\/click?u=e5742b9b1870517780910c9e9&amp;id=25b1189a47&amp;e=c728adcfac\" target=\"_blank\" rel=\"noopener noreferrer\">Hrvatski jezik<\/a>\u00a0 \u00a0|\u00a0 \u00a0<i class=\"fa-solid fa-file-pdf\"><\/i>\u00a0 \u00a0<a href=\"https:\/\/rabac-labin.us4.list-manage.com\/track\/click?u=e5742b9b1870517780910c9e9&amp;id=787f31d023&amp;e=c728adcfac\" target=\"_blank\" rel=\"noopener noreferrer\">Engleski jezik<\/a>\u00a0 \u00a0|\u00a0 \u00a0<i class=\"fa-solid fa-file-pdf\"><\/i>\u00a0 \u00a0<a href=\"https:\/\/rabac-labin.us4.list-manage.com\/track\/click?u=e5742b9b1870517780910c9e9&amp;id=58030cfa40&amp;e=c728adcfac\" target=\"_blank\" rel=\"noopener noreferrer\">Njema\u010dki jezik<\/a>\u00a0 \u00a0|\u00a0 \u00a0<i class=\"fa-solid fa-file-pdf\"><\/i>\u00a0 \u00a0<a href=\"https:\/\/rabac-labin.us4.list-manage.com\/track\/click?u=e5742b9b1870517780910c9e9&amp;id=c575bbc73f&amp;e=c728adcfac\" target=\"_blank\" rel=\"noopener noreferrer\">Talijanski jezik<\/a><\/p>\n<p><i class=\"fa-solid fa-file-pdf\"><\/i>\u00a0 \u00a0<a href=\"https:\/\/tzosvetanedelja.hr\/wp-content\/uploads\/2022\/03\/informacije-za-privatne-iznajmljivace-novo-04-06-2020.pdf\">Informacije za privatne iznajmljiva\u010de &#8211; NOVO 04.06.2020 (0,8 MB)<\/a><\/p>\n<p><i class=\"fa-solid fa-arrow-up-right-from-square\"><\/i>\u00a0 \u00a0<a href=\"https:\/\/narodne-novine.nn.hr\/clanci\/sluzbeni\/full\/2020_03_36_764.html?fbclid=IwAR23dF5XPLG7HOEYyIZh3h0qhkkOvw9xo9iVYBiNxGCl3_u7s9bxztEJo5o\" target=\"_blank\" rel=\"noopener\">\u200b\u200bPravilnik o odgodi ili osloba\u0111anju od pla\u0107anja turisti\u010dke pristojbe za osobe koje pru\u017eaju ugostiteljske usluge u doma\u0107instvu ili na obiteljskom poljoprivrednom gospodarstvu<\/a><\/p>\n<p><i class=\"fa-solid fa-arrow-up-right-from-square\"><\/i>\u00a0 \u00a0<a href=\"http:\/\/www.porezna-uprava.hr\/Stranice\/COVID_19_informacije.aspx\" target=\"_blank\" rel=\"noopener\">Iz Porezne uprave: Obavijest poduzetnicima o mjerama pla\u0107anja poreza za vrijeme trajanja posebnih okolnosti<\/a><\/p>\n<p><i class=\"fa-solid fa-arrow-up-right-from-square\"><\/i>\u00a0 \u00a0<a href=\"https:\/\/rabac-labin.com\/hr\/269-upute-evisitor-sustav\" target=\"_blank\" rel=\"noopener\">Upute za vlasnike ku\u0107a za odmor i stanovnike op\u0107ina i gradova u vezi prijave gostiju u eVisitor sustav<\/a><\/p>\n<p><i class=\"fa-solid fa-file-word\"><\/i>\u00a0 \u00a0<a href=\"https:\/\/tzosvetanedelja.hr\/wp-content\/uploads\/2022\/03\/IZMJENE-ZAKONA-O-CLANARINAMA-U-TURISTICKIM-ZAJEDNICAMA.docx\" target=\"_blank\" rel=\"noopener\">Izmjene zakona o \u010dlanarinama u turisti\u010dkim zajednicama (0,2 MB)<\/a><\/p>\n<p><i class=\"fa-solid fa-file-word\"><\/i>\u00a0 \u00a0<a href=\"https:\/\/tzosvetanedelja.hr\/wp-content\/uploads\/2022\/03\/1.-Novosti-za-iznajmljivace-i-ostale-obveznike-u-2020.-godini.docx\" target=\"_blank\" rel=\"noopener\">Novosti za iznajmljiva\u010de i ostale obveznike u 2020. godini (0,2 MB)<\/a><\/p>\n<p><i class=\"fa-solid fa-file-pdf\"><\/i>\u00a0 \u00a0<a href=\"https:\/\/tzosvetanedelja.hr\/wp-content\/uploads\/2022\/03\/2.-Ocitovanje-Ministarstva-turizma-vezano-za-pomocne-lezajeve.pdf\" target=\"_blank\" rel=\"noopener\">O\u010ditovanje Ministarstva turizma vezano za pomo\u0107ne le\u017eajeve (0,1 MB)<\/a><\/p>\n<p><i class=\"fa-solid fa-file-pdf\"><\/i>\u00a0 \u00a0<a href=\"https:\/\/tzosvetanedelja.hr\/wp-content\/uploads\/2022\/03\/3.-Prijave-za-Turisticki-cvijet-Kvaliteta-za-Hrvatsku-2019-Obiteljski-turizam-1.pdf\" target=\"_blank\" rel=\"noopener\">Prijave za Turisti\u010dki cvijet &#8211; Kvaliteta za Hrvatsku 2019- Obiteljski turizam (0,2 MB)<\/a><\/p>\n<p><i class=\"fa-solid fa-file-pdf\"><\/i>\u00a0 \u00a0<a href=\"https:\/\/tzosvetanedelja.hr\/wp-content\/uploads\/2022\/03\/4.-Tjedan-odmora-vrijedan-NL.pdf\" target=\"_blank\" rel=\"noopener\">Tjedan odmora vrijedan NL (0,7 MB)<\/a><\/p>\n<p><i class=\"fa-solid fa-file-pdf\"><\/i>\u00a0 \u00a0<a href=\"https:\/\/tzosvetanedelja.hr\/wp-content\/uploads\/2022\/03\/Odluka-Skupstine-IZ-o-visini-turisticke-pristojbe-za-2020.-godinu.pdf\" target=\"_blank\" rel=\"noopener\">Odluka skup\u0161tine I\u017d o visini turisti\u010dke pristojbe za 2020. godinu (0,4 MB)<\/a><\/p>\n\n\t\t<\/div> \n\t<\/div> <\/div><\/div><\/div><div class=\"wpb_column vc_column_container vc_col-sm-4\"><div class=\"vc_column-inner\"><div class=\"wpb_wrapper\"><\/div><\/div><\/div><\/div><\/div><\/div><div     class=\"vc_row wpb_row section vc_row-fluid vc_custom_1647515299979 grid_section\" style=' text-align:left;'><div class=\"section_inner clearfix\"><div class='section_inner_margin clearfix'><div class=\"grey-opensans-title wpb_column vc_column_container vc_col-sm-8\"><div class=\"vc_column-inner\"><div class=\"wpb_wrapper\">\n\t<div class=\"wpb_text_column wpb_content_element  links-docs\">\n\t\t<div class=\"wpb_wrapper\">\n\t\t\t<h3>2019.<\/h3>\n<p><i class=\"fa-solid fa-file-word\"><\/i>\u00a0 \u00a0<a href=\"https:\/\/tzosvetanedelja.hr\/wp-content\/uploads\/2022\/03\/Obveze-iznajmljivaca-Sv.-Nedelja-2019.docx\" target=\"_blank\" rel=\"noopener\">Obveze iznajmljiva\u010da &#8211; Sv. Nedelja 2019. (0,1 MB)<\/a><\/p>\n<p><i class=\"fa-solid fa-file-word\"><\/i>\u00a0 \u00a0<a href=\"https:\/\/tzosvetanedelja.hr\/wp-content\/uploads\/2022\/03\/OBAVIJEST-O-NACINU-PODNOSENJA-PISANOG-hrv-i-eng.doc\" target=\"_blank\" rel=\"noopener\">Obavijest o na\u010dinu podno\u0161enja pisanog (0,1 MB)<\/a><\/p>\n<p><i class=\"fa-solid fa-file-pdf\"><\/i>\u00a0 \u00a0<a href=\"https:\/\/tzosvetanedelja.hr\/wp-content\/uploads\/2022\/03\/Obrazac-EP-evidencija-o-prometu.pdf\" target=\"_blank\" rel=\"noopener\">Obrazac EP &#8211; Evidencija o prometu (0,1 MB)<\/a><\/p>\n<p><i class=\"fa-solid fa-file-word\"><\/i>\u00a0 \u00a0<a href=\"https:\/\/tzosvetanedelja.hr\/wp-content\/uploads\/2022\/03\/Obrazac-TZ-prazan-razred-C.doc\" target=\"_blank\" rel=\"noopener\">Obrazac TZ &#8211; Prazan razred C (0,1 MB)<\/a><\/p>\n<p><i class=\"fa-solid fa-file-word\"><\/i>\u00a0 \u00a0<a href=\"https:\/\/tzosvetanedelja.hr\/wp-content\/uploads\/2022\/03\/Obrazac-TZ-prazan-razred-D.doc\" target=\"_blank\" rel=\"noopener\">Obrazac TZ &#8211; Prazan razred D (0,1 MB)<\/a><\/p>\n\n\t\t<\/div> \n\t<\/div> <\/div><\/div><\/div><div class=\"wpb_column vc_column_container vc_col-sm-4\"><div class=\"vc_column-inner\"><div class=\"wpb_wrapper\"><\/div><\/div><\/div><\/div><\/div><\/div>","protected":false},"excerpt":{"rendered":"Novosti za iznajmljiva\u010de 2026. Odluka o privremenoj zabrani izvo\u0111enja radova tijekom turist. sezone u 2026. godini Iznosi turisti\u010dke pristojbe na podru\u010dju Istarske \u017eupanije za 2026. godinu TZ 2 obrazac u eurima Primjer ispunjenog obrasca TZ2 2026. S\u030cifrarnik gradova i opc\u0301ina 2025. Odluka o visini pau\u0161alnog...","protected":false},"author":2,"featured_media":0,"parent":0,"menu_order":0,"comment_status":"closed","ping_status":"closed","template":"full_width.php","meta":[],"_links":{"self":[{"href":"https:\/\/tzosvetanedelja.hr\/en\/wp-json\/wp\/v2\/pages\/1006811"}],"collection":[{"href":"https:\/\/tzosvetanedelja.hr\/en\/wp-json\/wp\/v2\/pages"}],"about":[{"href":"https:\/\/tzosvetanedelja.hr\/en\/wp-json\/wp\/v2\/types\/page"}],"author":[{"embeddable":true,"href":"https:\/\/tzosvetanedelja.hr\/en\/wp-json\/wp\/v2\/users\/2"}],"replies":[{"embeddable":true,"href":"https:\/\/tzosvetanedelja.hr\/en\/wp-json\/wp\/v2\/comments?post=1006811"}],"version-history":[{"count":84,"href":"https:\/\/tzosvetanedelja.hr\/en\/wp-json\/wp\/v2\/pages\/1006811\/revisions"}],"predecessor-version":[{"id":1012781,"href":"https:\/\/tzosvetanedelja.hr\/en\/wp-json\/wp\/v2\/pages\/1006811\/revisions\/1012781"}],"wp:attachment":[{"href":"https:\/\/tzosvetanedelja.hr\/en\/wp-json\/wp\/v2\/media?parent=1006811"}],"curies":[{"name":"wp","href":"https:\/\/api.w.org\/{rel}","templated":true}]}}