{"id":1006953,"date":"2020-11-19T06:26:50","date_gmt":"2020-11-19T05:26:50","guid":{"rendered":"https:\/\/tzosvetanedelja.hr\/?page_id=1006953"},"modified":"2025-08-13T13:26:08","modified_gmt":"2025-08-13T11:26:08","slug":"upute-za-iznajmljivace","status":"publish","type":"page","link":"https:\/\/tzosvetanedelja.hr\/en\/upute-za-iznajmljivace\/","title":{"rendered":"Upute za iznajmljiva\u010de"},"content":{"rendered":"<div     class=\"vc_row wpb_row section vc_row-fluid without-header grid_section\" style=' text-align:left;'><div class=\"section_inner clearfix\"><div class='section_inner_margin clearfix'><div class=\"wpb_column vc_column_container vc_col-sm-8\"><div class=\"vc_column-inner\"><div class=\"wpb_wrapper\">\n\t<div class=\"wpb_text_column wpb_content_element\">\n\t\t<div class=\"wpb_wrapper\">\n\t\t\t<h1>Upute za iznajmljiva\u010de<\/h1>\n<p class=\"lead\">Obveze iznajmljiva\u010da na podru\u010dju op\u0107ine Sveta Nedelja u 2025. godini<\/p>\n<h3>1. Rje\u0161enje o odobrenju pru\u017eanja ugostiteljskih usluga u doma\u0107instvu<\/h3>\n<p>Posjedovati va\u017ee\u0107e Rje\u0161enje o odobrenju pru\u017eanja ugostiteljskih usluga u doma\u0107instvu.<br \/>\nZahtjev za izdavanjem Rje\u0161enja podnosi se Upravni odjel za turizam I\u017d, izdvojeno mjesto rada u Labinu, Titov trg 11.<\/p>\n<p><a href=\"https:\/\/www.istra-istria.hr\/hr\/ustrojstvo\/zupanijski-ustroj\/upravna-tijela\/upravni-odjel-za-turizam\/upravni-i-drugi-strucni-poslovi-iz-podrucja-turizma-kategorizacija\/\" target=\"_blank\" rel=\"noopener\">Upravni odjel za turizam I\u017d web stranica<\/a><br \/>\nAddresa: Titov trg 11, Labin<br \/>\nTel: 052 \/ 866-800, 866-651<br \/>\nFax: 052 \/ 866-657<\/p>\n<p>Nakon prijave u Upravni odjel za turizam I\u017d, Izdvojeno mjesto rada u Labinu, Titov trg 11,\u00a0potrebno je oti\u0107i s kopijom Rje\u0161enja u nadle\u017enu Poreznu upravu (radi daljnjih uputa u vezi pau\u0161alnog pla\u0107anja poreza na dohodak te upisa u registar poreznih obveznika) i nadle\u017enu Turisti\u010dku zajednicu (radi uputa prijave i odjave gostiju). Iznajmljiva\u010d je du\u017ean prijaviti se u registar poreznih obveznika (Porezna uprava) u roku od 8 dana od dana izdavanja rje\u0161enja \u2013 obrazac RPO-1 (ispunjeni obrazac odnijeti u Poreznu upravu).<\/p>\n<p>&nbsp;<\/p>\n<h3>2. Standardizirana plo\u010da za ozna\u010davanje vrste i kategorije objekta<\/h3>\n<p>Na ulazu objekta istaknuti natpis s oznakom vrste i kategorije objekta (standardizirana plo\u010da). Standardiziranu plo\u010du, temeljem rje\u0161enja o razvrstavanju i\/ili kategorizaciji, ugostitelj naru\u010duje izravno od proizvo\u0111a\u010da te snosi tro\u0161kove izrade i dostave naru\u010dene plo\u010de.<br \/>\nProizvo\u0111a\u010du je potrebno poslati:<\/p>\n<ul>\n<li>Kopiju uplatnice,<\/li>\n<li>Kopiju rje\u0161enja o kategorizaciji,<\/li>\n<li>To\u010dnu adresu na koju treba isporu\u010diti plo\u010du.<\/li>\n<\/ul>\n<p>III.<br \/>\nProizvo\u0111a\u010di koji imaju suglasnost Ministarstva:<\/p>\n<ul>\n<li><strong>Kordun &#8211; marketing d.o.o.<\/strong>\u00a0(Matka Laginje 10, 47000 Karlovac; tel: 047 645 561 ; e-mail: prodaja-lav@kordun.hr)<\/li>\n<li><strong>Jaguar d.o.o.<\/strong>\u00a0(Hrvojeva 6, 21000 Split; tel: 021 343 888 ; e-mail: jaguarst6@gmail.com) za plo\u010de: 1. Hotel; 2. Depandansa hotela; 3. Integralni hotel &#8211; Udru\u017eeni; 4. Difuzni hotel; 5. Soba u doma\u0107instvu; 6. Apartman u doma\u0107instvu; 7. Studio apartman u doma\u0107instvu; 8. Ku\u0107a za odmor u doma\u0107instvu; 9. Kamp u doma\u0107instvu; 10. Kamp (Republika Hrvatska Ministarstvo turizma); 11. Sobe\u00a0(Republika Hrvatska Ministarstvo turizma)\u00a012. Turisti\u010dko naselje; 13. Pansion komfor; 14. Apartman (Republika Hrvatska Ministarstvo turizma); 15. Studio apartman (Republika Hrvatska Ministarstvo turizma);\u00a016. Kamp odmori\u0161te (Republika Hrvatska Ministarstvo turizma); 17. Ku\u0107a za odmor (Republika Hrvatska Ministarstvo turizma); 18. Spa; 19. Kamp naselje; 20. Kampirali\u0161te;\u00a021. Turisti\u010dki apartmani; 22. Bike; 23. Congress; 24. Meetings<\/li>\n<li><strong>Binar d.o.o.<\/strong>\u00a0(Livanjska 12, 21000 Split; tel: 021 344 442 ; e-mail: binar@st.htnet.hr za plo\u010de: 1. Apartman u doma\u0107instvu; 2. Studio apartman u doma\u0107instvu; 3. Sobe u doma\u0107instvu; 4. Ku\u0107a za odmor u doma\u0107instvu; 5. Apartman (Republika Hrvatska Ministarstvo turizma); 6. Studio apartman (Republika Hrvatska Ministarstvo turizma)<\/li>\n<li><strong>Robi, obrt<\/strong>\u00a0za usluge reklamiranja i pranje automobila, vl. Vesela Miki\u0107 (Put Nina 129a, 23000 Zadar; tel: 023 220 655 ; e-mail: reklame.mikic@gmail.com\u00a0za plo\u010de: 1. Apartman u doma\u0107instvu; 2. Soba u doma\u0107instvu; 3. Kamp u doma\u0107instvu; \u00a04. Sobe (Republika Hrvatska Ministarstvo turizma); 5. Ku\u0107a za odmor (Republika Hrvatska Ministarstvo turizma); \u00a06. Apartman (Republika Hrvatska Ministarstvo turizma); 7. Studio apartman (Republika Hrvatska Ministarstvo turizma)<\/li>\n<li><strong>Negras\u00a0d.o.o.<\/strong>\u00a0(\u017dupani\u0107eva 6, 52440 Pore\u010d; tel: 052\/431-046; 091\/1904 965; 091\/5230 380; e-mail: info.negras@gmail.com): za plo\u010de za smje\u0161tajne objekte u doma\u0107instvu: 1. Apartman, 2. Studio apartman, 3. Soba 4. Ku\u0107a za odmor;\u00a0za plo\u010de za ostale ugostiteljske objekte za smje\u0161taj: 1. Apartman, 2. Studio apartman, 3. Ku\u0107a za odmor<\/li>\n<li><strong>Tramax d.o.o.<\/strong>\u00a0(Ma\u017eurani\u0107evo \u0161etali\u0161te 26, 21000 Split; tel: 021\/548-808; e-mail: info@tramax.hr): za plo\u010de za smje\u0161tajne objekte u doma\u0107instvu: 1. Sobe, 2. Apartman, 3. Studio apartman, 4. Ku\u0107a za odmor<\/li>\n<li><strong>Skripta tisak d.o.o.\u00a0<\/strong>(Ulica \u010dempresa 1, 31000 Osijek; tel: 031\/203-900, fax: 031\/215-960; e-mail:\u00a0<a href=\"mailto:info@skriptatisak.hr\">info@skriptatisak.hr<\/a>) za plo\u010de &#8211;\u00a0za objekte u kojima se pru\u017eaju usluge u doma\u0107instvu: 1. Apartman<\/li>\n<li><strong>Condor B&amp;B d.o.o.<\/strong>\u00a0(Kri\u017eine 8, 21000 Split; tel: 021\/460-143, e-mail: condor.split@gmail.com) za plo\u010de &#8211; za objekte u kojima se pru\u017eaju usluge u doma\u0107instvu: 1. Apartman, 2. Studio apartman, 3. Sobe, 4. Ku\u0107a za odmor<\/li>\n<li><strong>Signoprom\u00a0d.o.o.<\/strong>\u00a0(Ra\u0161eni\u010dki put 10\/5, 10000 Zagreb, telefon +01\/3890688, e-mail signoprom@signoprom.hr) za plo\u010de: 1. studio apartman u doma\u0107instvu, 2. ku\u0107a za odmor u doma\u0107instvu, 3. studio apartman iz skupine \u201eOstali objekti za smje\u0161taj\u201c, 4. ku\u0107a za odmor iz skupine \u201eOstali objekti za smje\u0161taj\u201c, 5. apartman iz skupine \u201eOstali objekti za smje\u0161taj\u201c i 6. sobe iz skupine \u201eOstali objekti za smje\u0161taj\u201c<\/li>\n<\/ul>\n<p>Na ulazu u smje\u0161tajnu jedinicu postaviti broj\u010danu oznaku, ukoliko ih u objektu ima vi\u0161e.<\/p>\n<p>&nbsp;<\/p>\n<h3>3. eVisitor<\/h3>\n<p>Prijavljivati i odjavljivati sve goste putem sustava eVisitor. Korisni\u010dko ime,\u00a0 lozinku i TAN listu mo\u017eete preuzeti u Turisti\u010dkoj zajednici Op\u0107ine Sveta Nedelja, gdje \u0107ete dobiti sve potrebne informacije. Potrebne podatke mo\u017eete preuzeti osobno (uz predo\u010denje osobne iskaznice), a temeljem punomo\u0107i mo\u017ee i opunomo\u0107enik u ime nosioca rje\u0161enja. Uz punomo\u0107, opunomo\u0107enik mora uz sebe imati i vlastitu osobnu iskaznicu te kopiju osobne iskaznice vlasnika objekta. Prijava turista obvezna je u roku od 24 sata.<\/p>\n<p>&nbsp;<\/p>\n<h3>4. Cjenik<\/h3>\n<p>Istaknuti cjenik u svakoj smje\u0161tajnoj jedinici. Cjenik mora biti u kunama te na njemu moraju biti nazna\u010dene sve usluge koje se nude te informacija o pla\u0107anju boravi\u0161ne pristojbe.<\/p>\n<p>&nbsp;<\/p>\n<h3>5. Ra\u010duni<\/h3>\n<p>Izdavati ra\u010dune gostima za izvr\u0161enu uslugu, i nazna\u010denim popustom ukoliko se popust daje.<\/p>\n<p>&nbsp;<\/p>\n<h3>6. Obrazac EP<\/h3>\n<p>Voditi evidenciju o prometu.<\/p>\n<p>&nbsp;<\/p>\n<h3>7. Turisti\u010dka pristojba<\/h3>\n<p>Pla\u0107ati turisti\u010dku pristojbu, prema uplatnicama koje je mogu\u0107e preuzeti iz sustava eVisitor. IBAN za uplatu turisti\u010dke pristojbe je: HR0310010051743204740, model: HR67, poziv na broj odobrenja: OIB iznajmljiva\u010da \u2013 oznaka objekta iz sustava eVisitor.<\/p>\n<p>Uz napomenu da od 2020. vi\u0161e nema podjele po turisti\u010dkim razredima, za podru\u010dje Op\u0107ine Sveta Nedelja od 01.01.2024. primjenjivati \u0107e se sljede\u0107i iznosi kod naplate turisti\u010dke pristojbe:<\/p>\n<ol>\n<li>Turisti\u010dka pristojba za osobe koje koriste uslugu no\u0107enja u smje\u0161tajnom objektu u kojem se obavlja ugostiteljska djelatnost \/ PO OSOBI:\n<ul>\n<li>za razdoblje 1.4.-30.9. 1,60 eura po no\u0107enju<\/li>\n<li>za ostalo razdoblje 1,10 eura po no\u0107enju<\/li>\n<\/ul>\n<\/li>\n<li>Turisti\u010dka pristojba za osobe koje pru\u017eaju ugostiteljske usluge u doma\u0107instvu ili naobiteljskom poljoprivrednom gospodarstvu u godi\u0161njem PAU\u0160ALNOM IZNOSU:\n<ul>\n<li>smje\u0161taj u doma\u0107instvu 70,00 eura po krevetu godi\u0161nje<\/li>\n<li>smje\u0161taj na obiteljskom poljoprivrednom gospodarstvu 60,00 eura po krevetu godi\u0161nje<\/li>\n<\/ul>\n<\/li>\n<\/ol>\n<h3>8. Turisti\u010dka \u010dlanarina<\/h3>\n<p>Turisti\u010dka \u010dlanarina se od 2020. godine vi\u0161e ne obra\u010dunava prema ukupnim godi\u0161njim primicima, ve\u0107 prema broju svih kreveta koji su navedeni u rje\u0161enju o kategorizaciji obveznika.<\/p>\n<p>Godi\u0161nji pau\u0161alni iznos \u010dlanarine osobe koje pru\u017eaju ugostiteljske usluge u doma\u0107instvu ili na obiteljskom poljoprivrednom gospodarstvu mogu platiti jednokratno do 31. srpnja teku\u0107e godine ili u tri jednaka obroka, s time da prvi obrok dospijeva 31. srpnja, drugi 31. kolovoza, a tre\u0107i 30. rujna teku\u0107e godine, a podnose nadle\u017enoj ispostavi Porezne uprave posebni Obrazac TZ 2 do 15. sije\u010dnja teku\u0107e godine za prethodnu godinu u kojoj je u obvezi obra\u010dunati i uplatiti \u010dlanarinu turisti\u010dkoj zajednici.<\/p>\n<p>IBAN za uplatu Turisti\u010dke \u010dlanarine TZO Sveta Nedelja HR1910010051743227150,\u00a0 model HR67; Poziv na broj primatelja: OIB iznajmljiva\u010da \u2013 nosioca rje\u0161enja.<\/p>\n<p>Visina godi\u0161njeg pau\u0161alnog iznosa \u010dlanarine:<\/p>\n<ul>\n<li>za svaki krevet iznosi 5,97 eura (smje\u0161taj u doma\u0107instvu)<\/li>\n<li>za svaki krevet iznosi 3,98 eura (smje\u0161taj na OPG-u).<\/li>\n<\/ul>\n<p>Godi\u0161nji pau\u0161alni iznos \u010dlanarine za pomo\u0107ne le\u017eajeve umanjuje se za 50%.<\/p>\n<p>&nbsp;<\/p>\n<p>&nbsp;<\/p>\n<p>Osobe koje pru\u017eaju ugostiteljske usluge u doma\u0107instvu ili na OPG-u dostavljaju nadle\u017enoj Poreznoj upravi posebni Obrazac TZ2 do 15. sije\u010dnja teku\u0107e godine, a prema podacima o broju kreveta iz prethodne godine.<\/p>\n<p>U to\u010dki 17. obrasca TZ2 upisuje se ukupan iznos primitaka iz evidencije prometa iz prethodne godine.<\/p>\n<p>Obrazac TZ2 koji se predaje do 15. sije\u010dnja 2025. godine odnosi se na razdoblje od 01.01.2025. do 31.12.2025.<\/p>\n<p>Godi\u0161nji pau\u0161alni iznos \u010dlanarine mo\u017ee se platiti jednokratno do 31. srpnja teku\u0107e godine ili u tri jednaka obroka, s time da prvi obrok dospijeva 31. srpnja, drugi 31. kolovoza, a tre\u0107i 30. rujna teku\u0107e godine.<\/p>\n<p>Iznimno, osobe koje \u0107e rje\u0161enje o odobrenju za pru\u017eanje ugostiteljskih usluga u doma\u0107instvu ili na OPG-u prvi put ishoditi u teku\u0107oj godini (2023.) podnose Obrazac TZ 2 u roku od 15 dana od izvr\u0161nosti rje\u0161enja o odobrenju za pru\u017eanje ugostiteljskih usluga, a godi\u0161nji pau\u0161alni iznos \u010dlanarine pla\u0107aju jednokratno do 31. prosinca teku\u0107e godine.<\/p>\n<p>Godi\u0161nji pau\u0161alni iznos \u010dlanarine za osobe koje pru\u017eaju ugostiteljske usluge u doma\u0107instvu ili na OPG-u je umno\u017eak najve\u0107eg broja kreveta u sobi, apartmanu i ku\u0107i za odmor odnosno najve\u0107eg broja smje\u0161tajnih jedinica u kampu i kamp-odmori\u0161tu odnosno kapaciteta u objektu za robinzonski smje\u0161taj u prethodnoj godini, koji su utvr\u0111eni rje\u0161enjem o odobrenju za pru\u017eanje ugostiteljskih usluga u doma\u0107instvu ili na obiteljskom poljoprivrednom gospodarstvu, i iznosa \u010dlanarine za svaki krevet odnosno smje\u0161tajnu jedinicu u kampu i kamp-odmori\u0161tu odnosno kapacitet u objektu za robinzonski smje\u0161taj.<\/p>\n<p>Broj kreveta, broj smje\u0161tajnih jedinica te kapacitet za objekte za robinzonski za osobe koje pru\u017eaju ugostiteljske usluge u doma\u0107instvu ili na OPG-u odre\u0111uje se prema podacima iz sustava eVisitor.<\/p>\n<p>Iznajmljiva\u010di \u2013 nerezidenti obrazac TZ2 podnose Poreznoj upravi, Ispostavi za nerezidente, Avenija Dubrovnik 32, 10000 Zagreb.<\/p>\n<p>Napominjemo da iznajmljiva\u010di koji su ishodili rje\u0161enje o odjavi pru\u017eanja ugostiteljskih usluga u doma\u0107instvu do 31. prosinca , nisu du\u017eni podnositi obrazac TZ2.<\/p>\n<p>Obveznici iz \u010dlanka 10. Zakona o \u010dlanarinama turisti\u010dkim zajednicama i nadalje podnose obrazac TZ1 do kraja velja\u010de, odnosno travnja.<\/p>\n<h3>9. Pla\u0107ati porez u pau\u0161alnom iznosu<\/h3>\n<p>Zakonom o porezu na dohodak i Pravilnikom o djelatnostima iznajmljivanja stanova, soba i postelja putnicima i turistima te organiziranja kampova koje \u0107e pau\u0161alno oporezivati, o visini pau\u0161alnog poreza i na\u010dinu pla\u0107anja pau\u0161alnog poreza, propisano je da iznajmljiva\u010di koji nisu u sustavu PDV-a pla\u0107aju porez na dohodak od iznajmljivanja u godi\u0161njem pau\u0161alnom iznosu po svakom registriranom krevetu, odnosno kamp jedinici.<\/p>\n<p>Na dodatne (pomo\u0107ne) krevete pau\u0161alni porez se ne pla\u0107a.<\/p>\n<p>Godi\u0161nji pau\u0161alni porez na dohodak i prirez porezu na dohodak utvr\u0111uje se poreznim rje\u0161enjem koje donosi nadle\u017ena ispostava podru\u010dnog ureda Porezne uprave prema prebivali\u0161tu ili uobi\u010dajenom boravi\u0161tu poreznog obveznika, a vrijedi i za sljede\u0107e godine sve do dono\u0161enja novog rje\u0161enja. U rje\u0161enju je detaljno naveden i na\u010din pla\u0107anja pau\u0161alnog poreza.<\/p>\n<p>Iznajmljiva\u010d je du\u017ean prijaviti se u registar poreznih obveznika (obrazac RPO-1) ispostavi podru\u010dnog ureda Porezne uprave nadle\u017enoj prema mjestu prebivali\u0161ta ili uobi\u010dajenog boravi\u0161ta.<\/p>\n<p>Radi evidencije u registru poreznih obveznika (dalje u tekstu: registar) poreznoj upravi du\u017eni su se prijaviti:<\/p>\n<ul>\n<li>gra\u0111ani koji po\u010dinju s iznajmljivanjem i to u roku od 8 dana od dana izdavanja odobrenja za obavljanje djelatnosti radi upisa u registar,<\/li>\n<li>iznajmljiva\u010di kod kojih je do\u0161lo do promjene u broju osnovnih kreveta ili kamp-jedinica i to u roku od 8 dana od dana izdavanja novog odobrenja kojim se utvr\u0111uje nastala promjena radi evidencije iste promjene u registru,<\/li>\n<li>gra\u0111ani koji prestanu s iznajmljivanjem i to u roku od 8 dana od dana izdavanja rje\u0161enja o prestanku obavljanja djelatnosti radi brisanja iz registra.<\/li>\n<\/ul>\n<p>Visina godi\u0161njeg pau\u0161alnog poreza utvr\u0111ena je Odlukom op\u0107inskog vije\u0107a Op\u0107ine Sveta Nedelja dana 24.02.2025. godine i to:<\/p>\n<ul>\n<li>Visina godi\u0161njeg pau\u0161alnog poreza na dohodak po jednom krevetu u sobama, apartmanima i ku\u0107ama za odmor odre\u0111uje se u iznosu od 50,00 eura.<\/li>\n<\/ul>\n<p>&nbsp;<\/p>\n<h3>10. Prigovori<\/h3>\n<p>Omogu\u0107iti gostu podno\u0161enje pisanog prigovora u objektu i bez odga\u0111anja pisanim putem potvrditi njegov primitak te omogu\u0107iti gostu podno\u0161enje pisanog prigovora putem po\u0161te, telefaksa ili elektroni\u010dke po\u0161te, u objektu vidljivo istaknuti obavijest o na\u010dinu podno\u0161enja pisanog prigovora, u pisanom obliku odgovoriti na prigovor u roku od 15 dana od dana zaprimljenog prigovora te voditi i \u010duvati evidenciju prigovora gostiju godinu dana od dana primitka pisanog prigovora,<\/p>\n<p>&nbsp;<\/p>\n<h3>11. Usluga pansiona<\/h3>\n<p>Ako iznjamljiva\u010d pru\u017ea usluge pansiona ili polupansiona, ispunjavati uvjete propisane posebnim propisima o hrani, osim postupka upisa u upisnik registriranih objekata u poslovanju s hranom.<\/p>\n<p>&nbsp;<\/p>\n<h3>12. Ugostiteljske usluge<\/h3>\n<p>Pru\u017eati ugostiteljske usluge koje su utvr\u0111ene rje\u0161enjem nadle\u017enog ureda.<\/p>\n<p>&nbsp;<\/p>\n<h3>13. Ogla\u0161avanje<\/h3>\n<p>Prilikom ogla\u0161avanja i reklamiranja usluga i isticanja poruka u promid\u017ebenim materijalima, iznajmljiva\u010d smije koristiti samo oznaku propisane vrste i kategoriju objekta koja je utvr\u0111ena rje\u0161enjem nadle\u017enog ureda,<\/p>\n<p>&nbsp;<\/p>\n<h3>14. Oznaka o zabrani alkohola<\/h3>\n<p>Na vidljivom mjestu u objektu istaknuti oznaku o zabrani uslu\u017eivanja, odnosno konzumiranja alkoholnih pi\u0107a osobama mla\u0111im od 18 godina.<\/p>\n<p>&nbsp;<\/p>\n<h3>15. Evakuacijski plan<\/h3>\n<p>U svakoj smje\u0161tajnoj jedinici imati plan evakuacije koji mora biti izlo\u017een na unutarnjoj strani ulaznih vrata ili u neposrednoj blizini (to mo\u017ee biti i samo znak EXIT),<\/p>\n<p>&nbsp;<\/p>\n<h3>16. Kutija prve pomo\u0107i i vatrogasni aparat<\/h3>\n<p>Imati kutiju prve pomo\u0107i i vatrogasni aparat u objektu (op.a. Obveza postavljanja aparata za ga\u0161enje po\u017eara se ne odnosi na iznajmljiva\u010de fizi\u010dke osobe, ve\u0107 na obrtnike i tvrtke).<\/p>\n<p>&nbsp;<\/p>\n<h3>17. Istaknuti ku\u0107ni red<\/h3>\n\n\t\t<\/div> \n\t<\/div> \n\t<div class=\"wpb_single_image wpb_content_element vc_align_left\">\n\t\t<div class=\"wpb_wrapper\">\n\t\t\t\n\t\t\t<a href=\"https:\/\/share.google\/dA4KFmkL5texxA6BU\" target=\"_self\"><div class=\"vc_single_image-wrapper   vc_box_border_grey\"><img width=\"500\" height=\"500\" src=\"https:\/\/tzosvetanedelja.hr\/wp-content\/uploads\/2025\/08\/Izrezak2-500x500.png\" class=\"vc_single_image-img attachment-thumbnail\" alt=\"\" loading=\"lazy\" srcset=\"https:\/\/tzosvetanedelja.hr\/wp-content\/uploads\/2025\/08\/Izrezak2-500x500.png 500w, https:\/\/tzosvetanedelja.hr\/wp-content\/uploads\/2025\/08\/Izrezak2-550x550.png 550w, https:\/\/tzosvetanedelja.hr\/wp-content\/uploads\/2025\/08\/Izrezak2-1000x1000.png 1000w\" sizes=\"(max-width: 500px) 100vw, 500px\" \/><\/div><\/a>\n\t\t<\/div>\n\t<\/div>\n<\/div><\/div><\/div><div class=\"wpb_column vc_column_container vc_col-sm-4\"><div class=\"vc_column-inner\"><div class=\"wpb_wrapper\"><\/div><\/div><\/div><\/div><\/div><\/div>","protected":false},"excerpt":{"rendered":"Upute za iznajmljiva\u010de Obveze iznajmljiva\u010da na podru\u010dju op\u0107ine Sveta Nedelja u 2025. godini 1. Rje\u0161enje o odobrenju pru\u017eanja ugostiteljskih usluga u doma\u0107instvu Posjedovati va\u017ee\u0107e Rje\u0161enje o odobrenju pru\u017eanja ugostiteljskih usluga u doma\u0107instvu. Zahtjev za izdavanjem Rje\u0161enja podnosi se Upravni odjel za turizam I\u017d, izdvojeno mjesto...","protected":false},"author":2,"featured_media":0,"parent":0,"menu_order":0,"comment_status":"closed","ping_status":"closed","template":"full_width.php","meta":[],"_links":{"self":[{"href":"https:\/\/tzosvetanedelja.hr\/en\/wp-json\/wp\/v2\/pages\/1006953"}],"collection":[{"href":"https:\/\/tzosvetanedelja.hr\/en\/wp-json\/wp\/v2\/pages"}],"about":[{"href":"https:\/\/tzosvetanedelja.hr\/en\/wp-json\/wp\/v2\/types\/page"}],"author":[{"embeddable":true,"href":"https:\/\/tzosvetanedelja.hr\/en\/wp-json\/wp\/v2\/users\/2"}],"replies":[{"embeddable":true,"href":"https:\/\/tzosvetanedelja.hr\/en\/wp-json\/wp\/v2\/comments?post=1006953"}],"version-history":[{"count":39,"href":"https:\/\/tzosvetanedelja.hr\/en\/wp-json\/wp\/v2\/pages\/1006953\/revisions"}],"predecessor-version":[{"id":1012657,"href":"https:\/\/tzosvetanedelja.hr\/en\/wp-json\/wp\/v2\/pages\/1006953\/revisions\/1012657"}],"wp:attachment":[{"href":"https:\/\/tzosvetanedelja.hr\/en\/wp-json\/wp\/v2\/media?parent=1006953"}],"curies":[{"name":"wp","href":"https:\/\/api.w.org\/{rel}","templated":true}]}}