{"id":1006972,"date":"2020-11-19T09:42:33","date_gmt":"2020-11-19T08:42:33","guid":{"rendered":"https:\/\/tzosvetanedelja.hr\/?page_id=1006972"},"modified":"2022-03-18T07:46:49","modified_gmt":"2022-03-18T06:46:49","slug":"obavijest-za-vikendase","status":"publish","type":"page","link":"https:\/\/tzosvetanedelja.hr\/en\/obavijest-za-vikendase\/","title":{"rendered":"Obavijest za vikenda\u0161e"},"content":{"rendered":"<div     class=\"vc_row wpb_row section vc_row-fluid without-header grid_section\" style=' text-align:left;'><div class=\"section_inner clearfix\"><div class='section_inner_margin clearfix'><div class=\"wpb_column vc_column_container vc_col-sm-8\"><div class=\"vc_column-inner\"><div class=\"wpb_wrapper\">\n\t<div class=\"wpb_text_column wpb_content_element\">\n\t\t<div class=\"wpb_wrapper\">\n\t\t\t<h1>Obavijest za vikenda\u0161e<\/h1>\n<p class=\"lead\">Poja\u0161njenja vezana za evidenciju vlasnika ku\u0107e ili stana za odmor u sustavu eVisitor<\/p>\n<h3>1\u00a0Vlasnici ku\u0107e ili stana za odmor (vikenda\u0161i)<\/h3>\n<h4>1.1 Tko su vlasnici ku\u0107e ili stana za odmor<\/h4>\n<p>Vlasnik ku\u0107e ili stana za odmor mo\u017ee biti fizi\u010dka ili pravna osoba koja ku\u0107u ili stan za odmor koristi za ostvarivanje no\u0107enja u nekomercijalne svrhe (bez naplate usluge smje\u0161taja), za sebe i sve osobe koje borave u toj ku\u0107i ili stanu za odmor.<br \/>\nVlasnici ku\u0107e ili stana za odmor prijavu i odjavu osoba koje borave u ku\u0107i ili stanu za odmor obavljaju putem sustava eVisitor koji se nalazi na sljede\u0107oj adresi: <a href=\"https:\/\/www.evisitor.hr\/eVisitor\/hr-HR\/Account\/Login?ReturnUrl=%2FeVisitor%2Fen-US\" target=\"_blank\" rel=\"noopener noreferrer\">http:\/\/evisitor.hr<\/a>.<\/p>\n<h5>1.1.1 Evidencija ku\u0107e ili stana za odmor u sustavu eVisitor<\/h5>\n<p>Vlasnike ku\u0107e ili stana za odmor (vikenda\u0161e) te njihove objekte potrebno je evidentirati unutar sustava eVisitor na jednak na\u010din kao i sve druge obveznike prijave i odjave. Unosom podataka o vlasniku ku\u0107e ili stana za odmor te podataka o njihovim objektima turisti\u010dka zajednica otvara novog obveznika prijave i odjave turista te pla\u0107anja boravi\u0161ne pristojbe u kategoriji nekomercijalnih obveznika. Nakon evidencije navedenog obveznika unutar sustava eVisitor, turisti\u010dka zajednica obvezna je vlasniku ku\u0107e ili stana za odmor izdati pristupne podatke za pristup sustavu eVisitor.<\/p>\n<p>Unos podataka o vlasniku ku\u0107e ili stana za odmor radi se na jednak na\u010din kao i unos podataka za druge obveznike. Potrebno je upisati sve potrebne podatke o samom vlasniku ku\u0107e ili stana za odmor, ovisno o tome radi li se o fizi\u010dkoj ili pravnoj osobi. Nakon unosa podataka o vlasniku ku\u0107e ili stana za odmor, potrebno je upisati podatke o objektu.<\/p>\n<p>Prilikom evidencije objekta vlasnika ku\u0107e ili stana za odmor, potrebno je odabrati nekomercijalnu skupinu objekata, unijeti sve tra\u017eene podatke o ku\u0107i ili stanu za odmor te prilo\u017eiti odgovaraju\u0107i dokument temeljem kojega se evidentira objekt.<\/p>\n<h5>1.1.2 Dokumenti potrebni za evidentiranje vlasnika ku\u0107e ili stana za odmor (vikenda\u0161a)<\/h5>\n<p>Za otvaranje obveznika kao vlasnika ku\u0107e ili stana za odmor te evidentiranje samog objekta dovoljan je jedan od sljede\u0107ih dokumenata:<\/p>\n<ul>\n<li>kupoprodajni ugovor<\/li>\n<li>izvadak iz zemlji\u0161nih knjiga<\/li>\n<li>rje\u0161enje o naslje\u0111ivanju<\/li>\n<li>rje\u0161enje o utvr\u0111ivanju posebnog poreza na ku\u0107e\/stanove za odmor<\/li>\n<li>rje\u0161enje o ozakonjenju nezakonito izgra\u0111ene zgrade<\/li>\n<li>izvadak iz katastara<\/li>\n<li>dokaz da je podnesen zahtjev za ozakonjenje nezakonito izgra\u0111ene zgrade<\/li>\n<li>zbirne evidencije nadle\u017enih tijela (npr. evidencija obveznika pla\u0107anja komunalne naknade, evidencija obveznika pla\u0107anja poreza na ku\u0107e i stanove za odmor i dr.)<\/li>\n<\/ul>\n<p>Do pribavljanja odgovaraju\u0107ih dokaza, za upis u sustav eVisitor dostatan je i dokaz o upisu vlasnika ku\u0107e ili stana za odmor u postoje\u0107e evidencije obveznika pri turisti\u010dkim zajednicama poput slike ekrana iz dosada\u0161njih informacijskih sustava koje je koristila turisti\u010dka zajednica.<\/p>\n<h5>1.1.3 Na\u010din pla\u0107anja boravi\u0161ne pristojbe za vlasnike ku\u0107e ili stana za odmor (vikenda\u0161e)<\/h5>\n<p>Vlasnici ku\u0107e ili stana za odmor koji su fizi\u010dke osobe mogu izabrati \u017eele li boravi\u0161nu pristojbu za sebe i \u010dlanove svoje u\u017ee obitelji platiti u pau\u0161alnom iznosu ili za svako ostvareno no\u0107enje u toj ku\u0107i ili stanu za odmor. Na\u010din pla\u0107anja boravi\u0161ne pristojbe u navedenom slu\u010daju mogu izabrati sami vlasnici obveznici najkasnije do dana 15.07. teku\u0107e godine.<\/p>\n<p>Vlasnici ku\u0107e ili stana za odmor za sve ostale osobe (tzv. prijatelji) pla\u0107aju boravi\u0161nu pristojbu za svako ostvareno no\u0107enje u toj ku\u0107i ili stanu za odmor.<\/p>\n<p>U slu\u010daju kad je vlasnik ku\u0107e ili stana za odmor pravna osoba, vlasnicima takve ku\u0107e ili stana za odmor se ne smatraju osobe ovla\u0161tene za zastupanje te pravne osobe (direktori, \u010dlanovi uprave, prokuristi i sl.), kao ni osobe koje se nalaze u drugim organima te pravne osobe (\u010dlanovi nadzornog odbora) niti osniva\u010di\/\u010dlanovi\/vlasnici te pravne osobe.<\/p>\n<p>Kod takvih vlasnika (pravnih osoba) ne postoji mogu\u0107nost pla\u0107anja boravi\u0161ne pristojbe u pau\u0161alnom iznosu, ve\u0107 se ista napla\u0107uje isklju\u010divo po no\u0107enju.<\/p>\n<p>Kori\u0161tenje stana ili ku\u0107e za odmor u vlasni\u0161tvu pravne osobe za potrebe smje\u0161taja i drugih aktivnosti, bez obzira \u0161to je pravna osoba platila boravi\u0161nu pristojbu za takve osobe, mo\u017ee biti predmet nadzora ovla\u0161tenih tijela u smislu obavljanja djelatnosti te po\u0161tivanja poreznih i drugih propisa od strane pravnih osoba koje su vlasnici takvih nekretnina.<\/p>\n<p>Iz navedenog proizlazi da se boravi\u0161na pristojba u slu\u010daju boravka u stanovima ili ku\u0107ama za odmor koje su u vlasni\u0161tvu pravne osobe u razdoblju glavne sezone napla\u0107uje se isklju\u010divo po no\u0107enju za sve osobe koje borave u takvom objektu bez prava na umanjenje koje ina\u010de u slu\u010daju fizi\u010dkih osoba vrijedi za vlasnika i \u010dlanove u\u017ee obitelji, odnosno bez mogu\u0107nosti pla\u0107anja pau\u0161alnog iznosa.<\/p>\n<p>Obveza pla\u0107anja boravi\u0161ne pristojbe odnosi se isklju\u010divo na razdoblje glavne sezone, dok je prijavu i odjavu potrebno vr\u0161iti tijekom cijele godine.<\/p>\n<h6>1.1.3.1 Oblik pla\u0107anja boravi\u0161ne pristojbe za vlasnike ku\u0107e ili stana za odmor (vikenda\u0161e)<\/h6>\n<p>Vlasnici ku\u0107e ili stana za odmor boravi\u0161nu pristojbu upla\u0107uju putem elektronskog pla\u0107anja na ra\u010dun utvr\u0111en propisima o prihodima za javne potrebe ili direktno turisti\u010dkoj zajednici u gotovinskom novcu uplatom u blagajnu. U slu\u010daju kada vlasnik ku\u0107e ili stana za odmor iznos boravi\u0161ne pristojbe uplati turisti\u010dkoj zajednici, turisti\u010dka zajednica ima obvezu uplatiti gotovinski novac tijekom prvog sljede\u0107eg radnog dana na ra\u010dun utvr\u0111en propisima o prihodima za javne potrebe za boravi\u0161nu pristojbu to\u010dno odre\u0111ene turisti\u010dke zajednice.<\/p>\n<p>Uplata gotovinskog novca u sustavu eVisitor obavezno se evidentira putem modula Financije -&gt; Blagajna. Za svaku zaprimljenu uplatu gotovinskog novca djelatnik turisti\u010dke zajednice treba evidentirati uplatu zajedno sa svim tra\u017eenim pripadaju\u0107im podacima i iznosom uplate. Evidencija uplate odvija se odabirom opcije \u201eEvidentiraj uplatu\u201c (slika 1) na ekranu namijenjenom blagajni\u010dkom poslovanju.<\/p>\n<p>Cjelokupni iznos se obavezno upla\u0107uje na poziv na broj naveden na dokumentu o isplati kako bi sustav sam mogao automatski spojiti uplatu i zadu\u017eenja pojedinog obveznika.<\/p>\n<h6>1.1.3.2 Pau\u0161alno pla\u0107anje boravi\u0161ne pristojbe za vlasnike ku\u0107e ili stana za odmor koji su fizi\u010dke osobe (\u201evikenda\u0161i\u201c)<\/h6>\n<p>Vlasnik ku\u0107e ili stana za odmor (tzv. \u201evikenda\u0161i\u201c) pau\u0161alnu boravi\u0161nu pristojbu mo\u017ee pla\u0107ati isklju\u010divo za sebe i sve \u010dlanove u\u017ee obitelji koji su dr\u017eavljani europskog gospodarskog prostora. Odabir pau\u0161alnog na\u010dina pla\u0107anja vlasnik ku\u0107e ili stana za odmor mo\u017ee odabrati do 15.07. teku\u0107e godine.<\/p>\n<h6>1.1.3.3 Pla\u0107anje boravi\u0161ne pristojbe po no\u0107enju za vlasnike ku\u0107e ili stana za odmor (vikenda\u0161)<\/h6>\n<p>Boravi\u0161na pristojba po no\u0107enju pla\u0107a se uvijek za sve osobe koje su razli\u010dite od vlasnika i \u010dlanova njegove u\u017ee obitelji (tzv. \u201eprijatelji\u201c).<\/p>\n<p>U slu\u010daju da vlasnik ku\u0107e ili stana za odmor do 15.07. teku\u0107e godine nije odabrao da boravi\u0161nu pristojbu za sebe i \u010dlanove svoje u\u017ee obitelji pla\u0107a u pau\u0161alnom iznosu du\u017ean je do kraja glavne sezone pla\u0107ati boravi\u0161nu pristojbu po no\u0107enju i za sebe i \u010dlanove svoje u\u017ee obitelji, uz pravo na umanjenje iste navedeno u sljede\u0107em odlomku.<\/p>\n<p>Vlasnik ku\u0107e ili stana za odmor boravi\u0161nu pristojbu pla\u0107a za sebe i sve \u010dlanove u\u017ee obitelji dr\u017eavljane europskog gospodarskog prostora u razdoblju glavne sezone umanjenu za 70%. Ovo umanjenje ne primjenjuje se ako je vlasnik ku\u0107e ili stana za odmor u vlasni\u0161tvu tvrtke tj. pravne osobe.<\/p>\n<p>Ako vlasnik ku\u0107e ili stana za odmor sebe ili nekog od \u010dlanova svoje obitelji nije evidentirao za pla\u0107anje boravi\u0161ne pristojbe u pau\u0161alnom iznosu odnosno nije istu uplatio do 15. srpnja teku\u0107e godine, za te osobe je isto tako du\u017ean pla\u0107ati boravi\u0161nu pristojbu po svakom ostvarenom no\u0107enju.<\/p>\n<p>Ako vlasnik ku\u0107e ili stana za odmor evidentira sebe ili nekog od \u010dlanova svoje obitelji za pla\u0107anje boravi\u0161ne pristojbe u pau\u0161alnom iznosu, a on ili ta osoba nisu boravile u ku\u0107i ili stanu za odmor tijekom glavne sezone, vlasnik ku\u0107e ili stana za odmor nema pravo na povrat tako upla\u0107ene boravi\u0161ne pristojbe u pau\u0161alnom obliku niti na bilo kakvo umanjenje koje bi proizlazilo iz takve okolnosti.<\/p>\n<p>Izvan razdoblja glavne sezone vlasnik ku\u0107e ili stana za odmor nije obvezan pla\u0107ati boravi\u0161nu pristojbu.<\/p>\n<h6>1.1.3.4 Obra\u010dun boravi\u0161ne pristojbe za vlasnike ku\u0107e ili stana za odmor (vikenda\u0161)<\/h6>\n<p>Okvirni obra\u010dun boravi\u0161ne pristojbe biti \u0107e dostupan u obliku sko\u010dnog prozora (\u201epop-up\u201c prozor), a odnosit \u0107e se samo na osobe koje boravi\u0161nu pristojbu pla\u0107aju po svakom ostvarenom no\u0107enju, a ne u obliku pau\u0161alnog iznosa.<\/p>\n<p>Prilikom obra\u010duna boravi\u0161ne pristojbe po no\u0107enju, stvarni iznos zadu\u017eenja \u0107e se izra\u010dunati na dan odjave turista. Korekcije zadu\u017eenja \u0107e se raditi svakih 15 dana tj. svakog prvog i petnaestog u mjesecu, a obra\u010dun tijekom cijelog vremena trajanja turista.<\/p>\n<h4><\/h4>\n<h5>1.1.4 Postupak prijave osoba koje borave u ku\u0107i ili stanu za odmor<\/h5>\n<p>Vlasnik ku\u0107e ili stana za odmor koji je nositelj korisni\u010dkog ra\u010duna za pristup sustavu eVisitor mo\u017ee samostalno vr\u0161iti prijave osoba koje borave u njegovoj ku\u0107i.<\/p>\n<p>Prijavu je mogu\u0107e unijeti i unaprijed, dakle i prije nego \u0161to osoba do\u0111e u ku\u0107u ili stan za odmor, a prilikom prijave (najkasnije do 15. srpnja teku\u0107e godine) vlasnik ku\u0107e ili stana za odmor mo\u017ee za sebe ili osobe koje su \u010dlanovi njegove u\u017ee obitelji odabrati na\u010din pla\u0107anja boravi\u0161ne pristojbe.<\/p>\n<p>Umanjenja pla\u0107anja boravi\u0161ne pristojbe za posebne kategorije osoba (npr. djeca, invalidi i sl.) primjenjuju se i na pla\u0107anje pau\u0161alnog iznosa, a ovise o redoslijedu prijave, s time da se u redoslijed prijave ne ra\u010dunaju one osobe koje su u potpunosti oslobo\u0111ene pla\u0107anja boravi\u0161ne pristojbe.<\/p>\n<p>U slu\u010daju prijava koje su izvr\u0161ene unaprijed, a odnose se na pla\u0107anje po no\u0107enju, potrebno je upozoriti obveznika da vodi ra\u010duna o unesenom trajanju boravka te da isti pravovremeno izmjeni (u rokovima propisanim za izvr\u0161enje obveza prijave \u2013 najkasnije 24 sata nakon predvi\u0111enog po\u010detka boravka, odnosno najkasnije 24 sata nakon predvi\u0111enog zavr\u0161etka boravka).<\/p>\n<h5>1.1.5 Prijava stranaca MUP-u u kategoriji vlasnika ku\u0107e ili stana za odmor<\/h5>\n<p>Za sve osobe za koje postoji obveza prijave MUP-u temeljem Zakona o strancima, ispunjavanjem obrasca prijave turista unutar sustava eVisitor automatski se vr\u0161i prijava stranaca MUP-u.<\/p>\n<p>\u0160to se ti\u010de osoba koje se ne moraju prijavljivati na temelju propisa o boravi\u0161noj pristojbi (npr. sezonski radnici s prebivali\u0161tem izvan Europskog gospodarskog prostora), ali se moraju prijaviti na temelju propisa o boravku stranaca, takve osobe se mogu prijaviti i u sustav eVisitor koji \u0107e takvu prijavu automatski proslijediti u sustav za prijavu stranaca pri MUP-u.<\/p>\n<p>Nagla\u0161avamo da se u tim slu\u010dajevima takve osobe ne vode u statisti\u010dkim obra\u010dunima turisti\u010dkog prometa niti im se obra\u010dunava boravi\u0161na pristojba.<\/p>\n<p>Predla\u017eemo da se navedena mogu\u0107nost koristi iznimno, npr. kada je nadle\u017ena policijska postaja udaljena vi\u0161e kilometara, ili kada ista ne radi, a sve u cilju \u0161to manjeg optere\u0107enja gra\u0111ana s administrativnim poslovima pri nadle\u017enim institucijama.<\/p>\n\n\t\t<\/div> \n\t<\/div> <\/div><\/div><\/div><div class=\"wpb_column vc_column_container vc_col-sm-4\"><div class=\"vc_column-inner\"><div class=\"wpb_wrapper\"><\/div><\/div><\/div><\/div><\/div><\/div>","protected":false},"excerpt":{"rendered":"Obavijest za vikenda\u0161e Poja\u0161njenja vezana za evidenciju vlasnika ku\u0107e ili stana za odmor u sustavu eVisitor 1\u00a0Vlasnici ku\u0107e ili stana za odmor (vikenda\u0161i) 1.1 Tko su vlasnici ku\u0107e ili stana za odmor Vlasnik ku\u0107e ili stana za odmor mo\u017ee biti fizi\u010dka ili pravna osoba koja...","protected":false},"author":2,"featured_media":0,"parent":0,"menu_order":0,"comment_status":"closed","ping_status":"closed","template":"full_width.php","meta":[],"_links":{"self":[{"href":"https:\/\/tzosvetanedelja.hr\/en\/wp-json\/wp\/v2\/pages\/1006972"}],"collection":[{"href":"https:\/\/tzosvetanedelja.hr\/en\/wp-json\/wp\/v2\/pages"}],"about":[{"href":"https:\/\/tzosvetanedelja.hr\/en\/wp-json\/wp\/v2\/types\/page"}],"author":[{"embeddable":true,"href":"https:\/\/tzosvetanedelja.hr\/en\/wp-json\/wp\/v2\/users\/2"}],"replies":[{"embeddable":true,"href":"https:\/\/tzosvetanedelja.hr\/en\/wp-json\/wp\/v2\/comments?post=1006972"}],"version-history":[{"count":8,"href":"https:\/\/tzosvetanedelja.hr\/en\/wp-json\/wp\/v2\/pages\/1006972\/revisions"}],"predecessor-version":[{"id":1009333,"href":"https:\/\/tzosvetanedelja.hr\/en\/wp-json\/wp\/v2\/pages\/1006972\/revisions\/1009333"}],"wp:attachment":[{"href":"https:\/\/tzosvetanedelja.hr\/en\/wp-json\/wp\/v2\/media?parent=1006972"}],"curies":[{"name":"wp","href":"https:\/\/api.w.org\/{rel}","templated":true}]}}