{"id":1006979,"date":"2020-11-19T09:50:27","date_gmt":"2020-11-19T08:50:27","guid":{"rendered":"https:\/\/tzosvetanedelja.hr\/?page_id=1006979"},"modified":"2022-03-18T07:54:10","modified_gmt":"2022-03-18T06:54:10","slug":"briga-o-gostu","status":"publish","type":"page","link":"https:\/\/tzosvetanedelja.hr\/en\/briga-o-gostu\/","title":{"rendered":"Briga o gostu"},"content":{"rendered":"<div     class=\"vc_row wpb_row section vc_row-fluid without-header grid_section\" style=' text-align:left;'><div class=\"section_inner clearfix\"><div class='section_inner_margin clearfix'><div class=\"wpb_column vc_column_container vc_col-sm-8\"><div class=\"vc_column-inner\"><div class=\"wpb_wrapper\">\n\t<div class=\"wpb_text_column wpb_content_element\">\n\t\t<div class=\"wpb_wrapper\">\n\t\t\t<h1>Briga o gostu<\/h1>\n<p>U razdoblju 2010. i 2011. British Council proveo je projekt pod nazivom Skills for Employability u te suradnji s Agencijom za strukovno obrazovanje, Ministarstvom turizma i Hrvatskom udrugom poslodavaca izradio novi priru\u010dnik Briga o gostu. Priru\u010dnik je namijenjen zaposlenicima i sezonskim radnicima. Naime, ciljane skupine su zaposlenici tvrtki u ugostiteljstvu i turizmu, turisti\u010dkih zajednica, sezonski radnici u uslu\u017enim djelatnostima (turizam, ugostiteljstvo) s naglaskom na stalne sezonce.<\/p>\n<p><a href=\"https:\/\/mint.gov.hr\/UserDocsImages\/arhiva\/britco_web.pdf\" target=\"_blank\" rel=\"noopener\">Ovdje se nalazi priru\u010dnik \u2013 nadamo se da ce vam se svidjeti i da ce vam biti od koristi!<\/a><\/p>\n<p>S obzirom da je glavni cilj podizanje razine znanja i vje\u0161tina u podru\u010dju brige o gostu, nadamo se da ce svakome tko radi u sektoru turizma i ugostiteljstva, ovaj priru\u010dnik predstavljati zanimljivi izvor znanja i savjeta.<\/p>\n<p>Ugodan i uspje\u0161an rad!<\/p>\n\n\t\t<\/div> \n\t<\/div> <\/div><\/div><\/div><div class=\"wpb_column vc_column_container vc_col-sm-4\"><div class=\"vc_column-inner\"><div class=\"wpb_wrapper\"><\/div><\/div><\/div><\/div><\/div><\/div>","protected":false},"excerpt":{"rendered":"Briga o gostu U razdoblju 2010. i 2011. British Council proveo je projekt pod nazivom Skills for Employability u te suradnji s Agencijom za strukovno obrazovanje, Ministarstvom turizma i Hrvatskom udrugom poslodavaca izradio novi priru\u010dnik Briga o gostu. Priru\u010dnik je namijenjen zaposlenicima i sezonskim radnicima....","protected":false},"author":2,"featured_media":0,"parent":0,"menu_order":0,"comment_status":"closed","ping_status":"closed","template":"full_width.php","meta":[],"_links":{"self":[{"href":"https:\/\/tzosvetanedelja.hr\/en\/wp-json\/wp\/v2\/pages\/1006979"}],"collection":[{"href":"https:\/\/tzosvetanedelja.hr\/en\/wp-json\/wp\/v2\/pages"}],"about":[{"href":"https:\/\/tzosvetanedelja.hr\/en\/wp-json\/wp\/v2\/types\/page"}],"author":[{"embeddable":true,"href":"https:\/\/tzosvetanedelja.hr\/en\/wp-json\/wp\/v2\/users\/2"}],"replies":[{"embeddable":true,"href":"https:\/\/tzosvetanedelja.hr\/en\/wp-json\/wp\/v2\/comments?post=1006979"}],"version-history":[{"count":3,"href":"https:\/\/tzosvetanedelja.hr\/en\/wp-json\/wp\/v2\/pages\/1006979\/revisions"}],"predecessor-version":[{"id":1009338,"href":"https:\/\/tzosvetanedelja.hr\/en\/wp-json\/wp\/v2\/pages\/1006979\/revisions\/1009338"}],"wp:attachment":[{"href":"https:\/\/tzosvetanedelja.hr\/en\/wp-json\/wp\/v2\/media?parent=1006979"}],"curies":[{"name":"wp","href":"https:\/\/api.w.org\/{rel}","templated":true}]}}