{"id":1006985,"date":"2020-11-19T10:03:34","date_gmt":"2020-11-19T09:03:34","guid":{"rendered":"https:\/\/tzosvetanedelja.hr\/?page_id=1006985"},"modified":"2022-03-18T08:03:53","modified_gmt":"2022-03-18T07:03:53","slug":"porezne-obveze-gradana","status":"publish","type":"page","link":"https:\/\/tzosvetanedelja.hr\/en\/porezne-obveze-gradana\/","title":{"rendered":"Porezne obveze gra\u0111ana"},"content":{"rendered":"<div     class=\"vc_row wpb_row section vc_row-fluid without-header grid_section\" style=' text-align:left;'><div class=\"section_inner clearfix\"><div class='section_inner_margin clearfix'><div class=\"wpb_column vc_column_container vc_col-sm-8\"><div class=\"vc_column-inner\"><div class=\"wpb_wrapper\">\n\t<div class=\"wpb_text_column wpb_content_element\">\n\t\t<div class=\"wpb_wrapper\">\n\t\t\t<h1>Porezne obveze gra\u0111ana<\/h1>\n<p>Iznajmili ste stan, sobu ili postelje putnicima ili turistima, ili mo\u017eda organizirate kamp? Znate li tko, kad i koje poreze i doprinose mora platiti?<\/p>\n<p>Ova bro\u0161ura \u0107e Vam kao gra\u0111aninu (fizi\u010dkoj osobi) objasniti koje su Va\u0161e obveze i prava \u0161to proizlaze iz va\u017ee\u0107ih propisa u vezi s oporezivanjem iznajmljivanja stanova, soba i postelja putnicima i turistima i organiziranja kampova, te kako \u0107ete ispuniti te obveze i ostvariti prava.<\/p>\n<p>U odgovorima na naj\u010de\u0161\u0107e postavljana pitanja razra\u0111ene su osnovne zakonske odredbe.<\/p>\n<p>Sva dodatna poja\u0161njenja mo\u017eete prona\u0107i na internet stranicama Ministarstva financija Republike Hrvatske, Porezne uprave ili u ispostavi Porezne uprave.<br \/>\n<a href=\"https:\/\/www.porezna-uprava.hr\/Gradani\/Stranice\/Nekretnine\/Najmodavac-soba-i-postelja-turistima.aspx\" target=\"_blank\" rel=\"noopener noreferrer\">Najam soba, stanova i postelja putnicima i turistima<\/a><\/p>\n\n\t\t<\/div> \n\t<\/div> <\/div><\/div><\/div><div class=\"wpb_column vc_column_container vc_col-sm-4\"><div class=\"vc_column-inner\"><div class=\"wpb_wrapper\"><\/div><\/div><\/div><\/div><\/div><\/div>","protected":false},"excerpt":{"rendered":"Porezne obveze gra\u0111ana Iznajmili ste stan, sobu ili postelje putnicima ili turistima, ili mo\u017eda organizirate kamp? Znate li tko, kad i koje poreze i doprinose mora platiti? Ova bro\u0161ura \u0107e Vam kao gra\u0111aninu (fizi\u010dkoj osobi) objasniti koje su Va\u0161e obveze i prava \u0161to proizlaze iz...","protected":false},"author":2,"featured_media":0,"parent":0,"menu_order":0,"comment_status":"closed","ping_status":"closed","template":"full_width.php","meta":[],"_links":{"self":[{"href":"https:\/\/tzosvetanedelja.hr\/en\/wp-json\/wp\/v2\/pages\/1006985"}],"collection":[{"href":"https:\/\/tzosvetanedelja.hr\/en\/wp-json\/wp\/v2\/pages"}],"about":[{"href":"https:\/\/tzosvetanedelja.hr\/en\/wp-json\/wp\/v2\/types\/page"}],"author":[{"embeddable":true,"href":"https:\/\/tzosvetanedelja.hr\/en\/wp-json\/wp\/v2\/users\/2"}],"replies":[{"embeddable":true,"href":"https:\/\/tzosvetanedelja.hr\/en\/wp-json\/wp\/v2\/comments?post=1006985"}],"version-history":[{"count":2,"href":"https:\/\/tzosvetanedelja.hr\/en\/wp-json\/wp\/v2\/pages\/1006985\/revisions"}],"predecessor-version":[{"id":1009343,"href":"https:\/\/tzosvetanedelja.hr\/en\/wp-json\/wp\/v2\/pages\/1006985\/revisions\/1009343"}],"wp:attachment":[{"href":"https:\/\/tzosvetanedelja.hr\/en\/wp-json\/wp\/v2\/media?parent=1006985"}],"curies":[{"name":"wp","href":"https:\/\/api.w.org\/{rel}","templated":true}]}}