{"id":1006991,"date":"2020-11-19T12:46:35","date_gmt":"2020-11-19T11:46:35","guid":{"rendered":"https:\/\/tzosvetanedelja.hr\/?page_id=1006991"},"modified":"2025-05-13T09:15:41","modified_gmt":"2025-05-13T07:15:41","slug":"gastro","status":"publish","type":"page","link":"https:\/\/tzosvetanedelja.hr\/en\/gastronomy\/","title":{"rendered":"Gastronomy"},"content":{"rendered":"<div     class=\"vc_row wpb_row section vc_row-fluid header-image-logo header-image-top-position vc_custom_1647352490189\" style='background-image:url(https:\/\/tzosvetanedelja.hr\/wp-content\/uploads\/2020\/03\/tzo-slider.jpg); text-align:left;'><div class=\"full_section_inner clearfix\"><div class=\"wpb_column vc_column_container vc_col-sm-12\"><div class=\"vc_column-inner\"><div class=\"wpb_wrapper\">\n\t<div class=\"wpb_raw_code wpb_content_element wpb_raw_html\" >\n\t\t<div class=\"wpb_wrapper\">\n\t\t\t<!-- header place holder -->\n\t\t<\/div>\n\t<\/div>\n<\/div><\/div><\/div><\/div><\/div><div     class=\"vc_row wpb_row section vc_row-fluid header-location grid_section\" style=' text-align:left;'><div class=\"section_inner clearfix\"><div class='section_inner_margin clearfix'><div class=\"wpb_column vc_column_container vc_col-sm-12\"><div class=\"vc_column-inner\"><div class=\"wpb_wrapper\">\n\t<div class=\"wpb_text_column wpb_content_element\">\n\t\t<div class=\"wpb_wrapper\">\n\t\t\t<p><i class=\"fas fa-map-marker-alt\"><\/i>\u00a0\u00a0\u00a0Mjesta delicije<\/p>\n\n\t\t<\/div> \n\t<\/div> <\/div><\/div><\/div><\/div><\/div><\/div><div     class=\"vc_row wpb_row section vc_row-fluid vc_custom_1647348903151 grid_section\" style=' padding-top:80px; text-align:left;'><div class=\"section_inner clearfix\"><div class='section_inner_margin clearfix'><div class=\"wpb_column vc_column_container vc_col-sm-2\"><div class=\"vc_column-inner\"><div class=\"wpb_wrapper\"><\/div><\/div><\/div><div class=\"wpb_column vc_column_container vc_col-sm-8\"><div class=\"vc_column-inner\"><div class=\"wpb_wrapper\">\n\t<div class=\"wpb_text_column wpb_content_element\">\n\t\t<div class=\"wpb_wrapper\">\n\t\t\t<h1 style=\"text-align: center;\">Gastronomy<\/h1>\n<p style=\"text-align: center;\"><span class=\"lead\">Gastronomy is something for which Istria, and certainly Sveta Nedelja, is widely known. The flavours of the Mediterranean, fresh fruits of sunlit fields are just a drop in the sea of gastronomic delicacies of this region, which include fresh fruits and vegetables, and fish from the blue depths, as well as meat products from green pastures. Anyone who spends even a few hours in Istria will agree that Istrian food is something to remember.<\/span><\/p>\n<p style=\"text-align: center;\">In winter, hot mane\u0161tra, a thick soup with vegetables and dried meat, is usually an introduction to the main course of bura dry-cured sausage, ombolo (pork loin), and sauerkraut with warm bread from the bread oven. Wild asparagus, a sign that the Istrian spring has begun, is combined with fresh local eggs in a specialty that is locally called fritaja sa \u0161parugama (asparagus frittata), and at this time the prosciutto is almost dry and good on the pan \"\u0111ira volta\", or a handful of fish species that are in season in spring \u2013 original Adriatic cuttlefish and squid on risotto or under the \"peka\" (backing bell) will not leave indifferent those with a sweet tooth. In summer, the strong sun shines on fertile fields and gives us juicy fruits, such as cherries, watermelons and plums, and vegetables, like the perfectly red tomatoes with a flavour that can only be created in the Mediterranean sun, and explodes on the palate. Autumn and the decreasing heat of the sun bring the fruits of this colder period, figs and chestnuts, and the beginning of the season of the fish \u0161voj or sole, and the unstoppable harvest of grapes and a sweet, enchanting drink called young wine. But the real king of the Istrian autumn is the white truffle, a mushroom that grows only in this part of the world and which gives a special touch to every dish and makes bedrooms... hot!<\/p>\n<p style=\"text-align: center;\"><em>You will not and cannot go home hungry!<\/em><\/p>\n\n\t\t<\/div> \n\t<\/div> <\/div><\/div><\/div><div class=\"wpb_column vc_column_container vc_col-sm-2\"><div class=\"vc_column-inner\"><div class=\"wpb_wrapper\"><\/div><\/div><\/div><\/div><\/div><\/div><div     class=\"vc_row wpb_row section vc_row-fluid vc_custom_1647409121104 grid_section\" style=' padding-top:80px; text-align:left;'><div class=\"section_inner clearfix\"><div class='section_inner_margin clearfix'><div class=\"wpb_column vc_column_container vc_col-sm-12\"><div class=\"vc_column-inner\"><div class=\"wpb_wrapper\">\n\t<div class=\"wpb_text_column wpb_content_element\">\n\t\t<div class=\"wpb_wrapper\">\n\t\t\t<h3 style=\"text-align: left;\">Restaurants<\/h3>\n\n\t\t<\/div> \n\t<\/div> <\/div><\/div><\/div><\/div><\/div><\/div><div     class=\"vc_row wpb_row section vc_row-fluid vc_custom_1647421908789 grid_section\" style=' padding-top:80px; text-align:left;'><div class=\"section_inner clearfix\"><div class='section_inner_margin clearfix'><div class=\"box-holder wpb_column vc_column_container vc_col-sm-6\"><div class=\"vc_column-inner\"><div class=\"wpb_wrapper\"><div class=\"evc-image-with-text evc-shortcode image-with-txt\">\n\t<div class=\"evc-iwt-image\">\n\t\t\t\t\n\t\t\t\t\n\t\t<img src=\"https:\/\/tzosvetanedelja.hr\/wp-content\/uploads\/2022\/03\/restoran-tomazici-1100x720.jpg\" alt=\"RESTAURANT TOMA\u017dI\u0106I\" width=\"1100\" height=\"720\" \/>\t\t\n\t\t\t<\/div>\n\t<div class=\"evc-iwt-content\">\n\t\t\t\t\t<h4 class=\"evc-iwt-title\" >\n\t\t\t\tRESTAURANT TOMA\u017dI\u0106I\t\t\t<\/h4>\n\t\t\t\t\t\t\t<p class=\"evc-iwt-text\" >Toma\u017ei\u0107i<\/p>\n\t\t\t<\/div>\n<\/div>\n\n\t<div class=\"wpb_text_column wpb_content_element  same-height\">\n\t\t<div class=\"wpb_wrapper\">\n\t\t\t<p>The restaurant \"Toma\u017ei\u0107i\", which offers food and beverage services and accommodation (rooms with breakfast), is located in the idyllic village of the same name in the municipality of Sveta Nedelja. The restaurant also has a wine bar where you can relax with a glass of good wine and various delicacies. In the summer period, the restaurant is enriched by a large terrace and a swimming pool that is available to guests.<\/p>\n<hr \/>\n<h6><\/h6>\n<p><a class=\"link-icons\" title=\"Internet stranica\" href=\"https:\/\/tomazici.eatbu.hr\/?lang=en\" target=\"_blank\" rel=\"noopener\"><br \/>\n<i class=\"fa-solid fa-globe\"><\/i><br \/>\n<\/a><a class=\"link-icons\" title=\"Facebook\" href=\"https:\/\/www.facebook.com\/Tomazici\" target=\"_blank\" rel=\"noopener\"><br \/>\n<i class=\"fa-brands fa-facebook-square\"><\/i><br \/>\n<\/a><a class=\"link-icons\" href=\"https:\/\/goo.gl\/maps\/3X3aAt9hBKxQCaSo9\" target=\"_blank\" rel=\"noopener\"><br \/>\n<i class=\"fa-solid fa-map-location-dot\" title=\"Google Maps\"><\/i><br \/>\n<\/a><br \/>\nToma\u017ei\u0107i 59\/a, 52231 Nede\u0161\u0107ina 052\/865-535<\/p>\n\n\t\t<\/div> \n\t<\/div> <\/div><\/div><\/div><div class=\"box-holder wpb_column vc_column_container vc_col-sm-6\"><div class=\"vc_column-inner\"><div class=\"wpb_wrapper\"><div class=\"evc-image-with-text evc-shortcode image-with-txt\">\n\t<div class=\"evc-iwt-image\">\n\t\t\t\t\n\t\t\t\t\n\t\t<img src=\"https:\/\/tzosvetanedelja.hr\/wp-content\/uploads\/2022\/03\/restoran-ferali-strmac-1100x720.jpg\" alt=\"Restoran Ferali \u0160trmac\" width=\"1100\" height=\"720\" \/>\t\t\n\t\t\t<\/div>\n\t<div class=\"evc-iwt-content\">\n\t\t\t\t\t<h4 class=\"evc-iwt-title\" >\n\t\t\t\tRESTAURANT FERALI\t\t\t<\/h4>\n\t\t\t\t\t\t\t<p class=\"evc-iwt-text\" >\u0160trmac<\/p>\n\t\t\t<\/div>\n<\/div>\n\n\t<div class=\"wpb_text_column wpb_content_element  same-height\">\n\t\t<div class=\"wpb_wrapper\">\n\t\t\t<p>Restaurant Ferali is located in \u0160trmac, in an accessible location next to the main road connecting Pula and Rijeka. This family restaurant with a tradition dating back to 1995 offers a pleasant, warm and modern interior, and a view of the greenery from the terrace. The indoor and outdoor areas accommodate a total of 140 seats and are suitable for all kinds of gatherings, such as business lunches, dinners, and festive celebrations. The gastronomic offer of Restaurant Ferali is characterized by a combination of tradition and innovation, and every day they offer a large selection of home-made dishes made from ever fresh ingredients at affordable prices. They offer various types of pasta, including homemade pasta fu\u017ei, njoki, pljukanci and krafi, a wide selection of fish and meat menus, seasonal dishes and pizzas. The gastronomic offer includes: Steak in balsamic sauce, Steak tartar, T-bone steak, Tomahawk steak, Meat carpaccio with black truffle, and Fish fillet in shrimp sauce. You can find a detailed offer on the restaurant's official website.<\/p>\n<hr \/>\n<p><a class=\"link-icons\" title=\"Internet stranica\" href=\"https:\/\/ferali.hr\/?lang=en\" target=\"_blank\" rel=\"noopener\"><i class=\"fa-solid fa-globe\"><\/i><br \/>\n<\/a><a class=\"link-icons\" title=\"Facebook\" href=\"https:\/\/www.facebook.com\/restaurant.ferali\" target=\"_blank\" rel=\"noopener\"><br \/>\n<i class=\"fa-brands fa-facebook-square\"><\/i><br \/>\n<\/a><a class=\"link-icons\" href=\"https:\/\/goo.gl\/maps\/VyKSbfk1ckKPR7ZQ7\" target=\"_blank\" rel=\"noopener\"><br \/>\n<i class=\"fa-solid fa-map-location-dot\" title=\"Google Maps\"><\/i><br \/>\n<\/a><br \/>\n\u0160trmac bb, 52220 Labin 052\/851-840<\/p>\n\n\t\t<\/div> \n\t<\/div> <\/div><\/div><\/div><div class=\"box-holder wpb_column vc_column_container vc_col-sm-6\"><div class=\"vc_column-inner\"><div class=\"wpb_wrapper\"><div class=\"evc-image-with-text evc-shortcode image-with-txt\">\n\t<div class=\"evc-iwt-image\">\n\t\t\t\t\n\t\t\t\t\n\t\t<img src=\"https:\/\/tzosvetanedelja.hr\/wp-content\/uploads\/2022\/03\/restoran-pizzeria-placa-1100x720.jpg\" alt=\"RESTAURANT PLACA PIZZERIA\" width=\"1100\" height=\"720\" \/>\t\t\n\t\t\t<\/div>\n\t<div class=\"evc-iwt-content\">\n\t\t\t\t\t<h4 class=\"evc-iwt-title\" >\n\t\t\t\tRESTAURANT PLACA PIZZERIA\t\t\t<\/h4>\n\t\t\t\t\t\t\t<p class=\"evc-iwt-text\" >Nede\u0161\u0107ina<\/p>\n\t\t\t<\/div>\n<\/div>\n\n\t<div class=\"wpb_text_column wpb_content_element  same-height-second\">\n\t\t<div class=\"wpb_wrapper\">\n\t\t\t<p>Placa restaurant and pizzeria was opened about 40 years ago by a very well-known resident of Nede\u0161\u0107ina, friendly Meto, after returning from New York. This restaurant is located on the ground floor of a family house on the main square in Nede\u0161\u0107ina, right next to the former hotel \"Unione\", which was opened by the \u0160\u0107ira family back in 1912. The restaurant offers a wide selection of specialties based on the flavours of Italy, pizzas made from hand-made dough, but also various delicious fish and meat specialties. In the Placa restaurant and pizzeria, in a pleasant atmosphere, you will forget about the everyday city crowds and bustle, and indulge in the irresistible flavours of food created by their professional team. They can certainly boast of numerous top-quality pizzas, and fresh shrimp, fish and grilled meat should be highlighted among other specialties. The restaurant also offers free delivery so that you can enjoy their dishes in your own home. You can find a detailed offer on their Facebook page.<\/p>\n<hr \/>\n<h6><\/h6>\n<p><a class=\"link-icons\" title=\"Facebook\" href=\"https:\/\/web.facebook.com\/RestoranPlaca\" target=\"_blank\" rel=\"noopener\"><br \/>\n<i class=\"fa-brands fa-facebook-square\"><\/i><br \/>\n<\/a><a class=\"link-icons\" href=\"https:\/\/goo.gl\/maps\/s937Np1zbPMoAWV26\" target=\"_blank\" rel=\"noopener\"><br \/>\n<i class=\"fa-solid fa-map-location-dot\" title=\"Google Maps\"><\/i><br \/>\n<\/a><br \/>\nNede\u0161\u0107ina 92, 52331 Nede\u0161\u0107ina 052\/653-809<\/p>\n\n\t\t<\/div> \n\t<\/div> <\/div><\/div><\/div><div class=\"box-holder wpb_column vc_column_container vc_col-sm-6\"><div class=\"vc_column-inner\"><div class=\"wpb_wrapper\"><div class=\"evc-image-with-text evc-shortcode image-with-txt\">\n\t<div class=\"evc-iwt-image\">\n\t\t\t\t\n\t\t\t\t\n\t\t<img src=\"https:\/\/tzosvetanedelja.hr\/wp-content\/uploads\/2022\/03\/restoran-bukaleta-1100x720.jpg\" alt=\"RESTAURANT BUKALETA\" width=\"1100\" height=\"720\" \/>\t\t\n\t\t\t<\/div>\n\t<div class=\"evc-iwt-content\">\n\t\t\t\t\t<h4 class=\"evc-iwt-title\" >\n\t\t\t\tRESTAURANT BUKALETA\t\t\t<\/h4>\n\t\t\t\t\t\t\t<p class=\"evc-iwt-text\" >Dubrova<\/p>\n\t\t\t<\/div>\n<\/div>\n\n\t<div class=\"wpb_text_column wpb_content_element  same-height-second\">\n\t\t<div class=\"wpb_wrapper\">\n\t\t\t<p>Restaurant \"Bukaleta\" in Dubrova is located halfway between the main road Rijeka\u2013Pula. Surrounded by the walls of the Frankovi\u0107 Vla\u010di\u0107 country-house complex and in the immediate vicinity to the Dubrova Sculpture Park, the \"Bukaleta\" restaurant offers not only a gastronomic experience, but also enjoyment in the rich cultural heritage.<br \/>\nThe restaurant offers extremely tasty and affordable brunches, such as various soups, salads, grilled meat, fish specialties, tripe or vampi, gnocchi with various sauces, homemade sausages, kalandraka, Istrian mane\u0161tra and various other specialties.<br \/>\nEvery day there is a different repertoire that you can read on their Facebook page.<\/p>\n<p>Within the Dubrova country-house complex there is also a tavern that is suitable for hosting events, and reservations can be made in the restaurant \"Bukaleta\".<br \/>\nThe capacity of the restaurant is 110 seats on two floors and an additional 150 seats on outdoor terraces.<br \/>\nRight next to the restaurant there is the most beautiful open-air contemporary art park \u2013 Dubrova Sculpture Park, so you can combine your stay in the fresh air with a unique experience of art and gastronomy.<\/p>\n<hr \/>\n<h6><\/h6>\n<p><a class=\"link-icons\" title=\"Facebook\" href=\"https:\/\/web.facebook.com\/marko.rastovic.12\" target=\"_blank\" rel=\"noopener\"><br \/>\n<i class=\"fa-brands fa-facebook-square\"><\/i><br \/>\n<\/a><a class=\"link-icons\" href=\"https:\/\/goo.gl\/maps\/3hE3SkqawUHJipWRA\" target=\"_blank\" rel=\"noopener\"><br \/>\n<i class=\"fa-solid fa-map-location-dot\" title=\"Google Maps\"><\/i><br \/>\n<\/a><br \/>\nDubrova, 52231 Nede\u0161\u0107ina 052\/524-466<\/p>\n\n\t\t<\/div> \n\t<\/div> <\/div><\/div><\/div><\/div><\/div><\/div><div     class=\"vc_row wpb_row section vc_row-fluid  grid_section\" style=' padding-top:80px; text-align:left;'><div class=\"section_inner clearfix\"><div class='section_inner_margin clearfix'><div class=\"wpb_column vc_column_container vc_col-sm-12\"><div class=\"vc_column-inner\"><div class=\"wpb_wrapper\">\n\t<div class=\"wpb_text_column wpb_content_element\">\n\t\t<div class=\"wpb_wrapper\">\n\t\t\t<h3 style=\"text-align: left;\">Agritourism<\/h3>\n\n\t\t<\/div> \n\t<\/div> <\/div><\/div><\/div><\/div><\/div><\/div><div     class=\"vc_row wpb_row section vc_row-fluid vc_custom_1647427482325 grid_section\" style=' padding-top:80px; text-align:left;'><div class=\"section_inner clearfix\"><div class='section_inner_margin clearfix'><div class=\"box-holder box-holder-grey wpb_column vc_column_container vc_col-sm-6\"><div class=\"vc_column-inner\"><div class=\"wpb_wrapper\"><div class=\"evc-image-with-text evc-shortcode image-with-txt\">\n\t<div class=\"evc-iwt-image\">\n\t\t\t\t\n\t\t\t\t\n\t\t<img src=\"https:\/\/tzosvetanedelja.hr\/wp-content\/uploads\/2022\/03\/DSC_7535-1100x720.jpg\" alt=\"CEROVAC AGROTOURISM\" width=\"1100\" height=\"720\" \/>\t\t\n\t\t\t<\/div>\n\t<div class=\"evc-iwt-content\">\n\t\t\t\t\t<h4 class=\"evc-iwt-title\" >\n\t\t\t\tCEROVAC AGROTOURISM\t\t\t<\/h4>\n\t\t\t\t\t\t\t<p class=\"evc-iwt-text\" >Er\u017ei\u0161\u0107e<\/p>\n\t\t\t<\/div>\n<\/div>\n\n\t<div class=\"wpb_text_column wpb_content_element  same-height-third\">\n\t\t<div class=\"wpb_wrapper\">\n\t\t\t<p>Agroturizam Cerovac kojeg obitelj Na\u010dinovi\u0107 vodi na svome imanju u selu Er\u017ei\u0161\u0107e kraj Nede\u0161\u0107ine u op\u0107ini Sveta Nedjelja na Labin\u0161tini djeluje ve\u0107 dugi niz godina. U tom kr\u0161evitom kraju obitelj Na\u010dinovi\u0107 ve\u0107 se godinama bavi ponajvi\u0161e sto\u010darstvom, uzgajaju\u0107i ovce i goveda, te naravno svinje i koko\u0161i. U ponudi ovog agroturizma isklju\u010divo su tradicijska istarska jela, a specijalitetom ku\u0107e dr\u017ei se \u0161ugo od koko\u0161e i od doma\u0107ega junca u kombinaciji s sezonskim povr\u0107em. Obitelj Cerovac \u0107e vam pru\u017eiti toplu dobrodo\u0161licu na njihovom obiteljsko poljoprivrednom gospodarstvu i pobrinuti se za Va\u0161 ugodan boravak. Nudi se mogu\u0107nost razgleda doma\u0107ih \u017eivotinja. U blizini agroturizma se nalazi Trial staza, zatim lokva La\u0161\u0107evica, lokva Pu\u010d te izvor Rupica (cca 800 metara), te nedaleko Rupice i legendarna lokva Mrguda koja ni za vrijeme najve\u0107ih vru\u0107ina nikad nije presu\u0161ila.\u00a0 \u017dupna crkva Presvetog Trojstva u Nede\u0161\u0107ini se nalazi na udaljenosti od cca 2 km.<\/p>\n<hr \/>\n<h6>CYCLING TRAILS PASSING NEAR THE AGROTOURISM HOLDINGS (ABOUT 800 M)<\/h6>\n<p><i class=\"fa-solid fa-person-biking\"><\/i>\u00a0 \u00a0<a href=\"http:\/\/www.istria-bike.com\/en\/bike_trails\/trails\/9-ch-0?&amp;l_over=1\" target=\"_blank\" rel=\"noopener noreferrer\">Track 403 Liburnia<br \/>\n<\/a><i class=\"fa-solid fa-person-biking\"><\/i>\u00a0 \u00a0<a href=\"http:\/\/www.istria-bike.com\/en\/bike_trails\/trails\/34-ch-0?&amp;l_over=1\" target=\"_blank\" rel=\"noopener noreferrer\">Track 404 Istrian Demarcation<br \/>\n<\/a><\/p>\n<hr \/>\n<p><a class=\"link-icons\" title=\"Internet stranica\" href=\"https:\/\/agroturizamcerovac.hr\" target=\"_blank\" rel=\"noopener\"><br \/>\n<i class=\"fa-solid fa-globe\"><\/i><br \/>\n<\/a><a class=\"link-icons\" title=\"Facebook\" href=\"https:\/\/www.facebook.com\/agroturizamcerovac\" target=\"_blank\" rel=\"noopener\"><br \/>\n<i class=\"fa-brands fa-facebook-square\"><\/i><br \/>\n<\/a><a class=\"link-icons\" href=\"https:\/\/goo.gl\/maps\/nCkjwFAqiNmXP9Qw9\" target=\"_blank\" rel=\"noopener\"><br \/>\n<i class=\"fa-solid fa-map-location-dot\" title=\"Google Maps\"><\/i><br \/>\n<\/a><\/p>\n<p>OPG Na\u010dinovi\u0107, Er\u017ei\u0161\u0107e 3, 52231 Nede\u0161\u0107ina,<br \/>\ntel. 091\/598 7489<\/p>\n\n\t\t<\/div> \n\t<\/div> <\/div><\/div><\/div><div class=\"box-holder box-holder-grey wpb_column vc_column_container vc_col-sm-6\"><div class=\"vc_column-inner\"><div class=\"wpb_wrapper\"><div class=\"evc-image-with-text evc-shortcode image-with-txt\">\n\t<div class=\"evc-iwt-image\">\n\t\t\t\t\n\t\t\t\t\n\t\t<img src=\"https:\/\/tzosvetanedelja.hr\/wp-content\/uploads\/2022\/03\/Agroturizam-Giovanna-1100x720.jpg\" alt=\"AGROTOURISM GIOVANNA\" width=\"1100\" height=\"720\" \/>\t\t\n\t\t\t<\/div>\n\t<div class=\"evc-iwt-content\">\n\t\t\t\t\t<h4 class=\"evc-iwt-title\" >\n\t\t\t\tAGROTOURISM GIOVANNA\t\t\t<\/h4>\n\t\t\t\t\t\t\t<p class=\"evc-iwt-text\" >\u0160umber<\/p>\n\t\t\t<\/div>\n<\/div>\n\n\t<div class=\"wpb_text_column wpb_content_element  same-height-third\">\n\t\t<div class=\"wpb_wrapper\">\n\t\t\t<p>The Giovanna Allegra family agricultural holding is located in Gorenji Kraj in \u0160umber. The owner of this agrotourism, Ljiljana Meki\u0161, decided to apply her many years of culinary experience in her own facility, and in her offer, she boasts autochthonous and traditional recipes from Labin area that are intertwined with Italian cuisine. She also pays special attention to beauty, so that her dishes are not only tasty, but also visually appealing. As part of the agrotourism, she also rents two holiday houses with a total capacity of 17 people.<br \/>\nIn the vicinity of this agrotourism, there are the Mrguda puddle in Jurazini (approx. 1 km), the Pu\u010d puddle, and the Rupica spring in Er\u017ei\u0161\u0107e (approx. 1.5 km).<br \/>\nAt a distance of approx. 3 km, there is the parish church of the Holy Trinity in Nede\u0161\u0107ina, then approx. 4 km from the agrotourism in \u0160umber, there is the church of Our Lady of Dren and the church of St. Quirin at the cemetery. In the hamlet of Stari Grad in \u0160umber, approx. 5 km from the agrotourism locality, there is the \u0160umber Castle with a beautiful view of the Ra\u0161a river valley, and nearby the parish church of St. John and Paul.<\/p>\n<hr \/>\n<h6>CYCLING TRAILS PASSING NEAR THE AGROTOURISM HOLDINGS (ABOUT 1 KM)<\/h6>\n<p><i class=\"fa-solid fa-person-biking\"><\/i>\u00a0 \u00a0<a href=\"http:\/\/www.istria-bike.com\/en\/bike_trails\/trails\/9-ch-0?&amp;l_over=1\" target=\"_blank\" rel=\"noopener noreferrer\">Track 403 Liburnia<br \/>\n<\/a><i class=\"fa-solid fa-person-biking\"><\/i>\u00a0 \u00a0<a href=\"http:\/\/www.istria-bike.com\/en\/bike_trails\/trails\/34-ch-0?&amp;l_over=1\" target=\"_blank\" rel=\"noopener noreferrer\">Track 404 Istrian Demarcation<br \/>\n<\/a><\/p>\n<hr \/>\n<p><a class=\"link-icons\" title=\"Facebook\" href=\"https:\/\/web.facebook.com\/agroturizamgiovanna\/\" target=\"_blank\" rel=\"noopener\"><br \/>\n<i class=\"fa-brands fa-facebook-square\"><\/i><br \/>\n<\/a><a class=\"link-icons\" href=\"https:\/\/g.page\/agroturizamgiovanna?share\" target=\"_blank\" rel=\"noopener\"><br \/>\n<i class=\"fa-solid fa-map-location-dot\" title=\"Google Maps\"><\/i><br \/>\n<\/a><\/p>\n<p>OPG Meki\u0161, \u0160umber, Radovi\u0107i 12, 52231 Nede\u0161\u0107ina,<br \/>\ntel. 098\/963 6373<\/p>\n\n\t\t<\/div> \n\t<\/div> <\/div><\/div><\/div><div class=\"box-holder box-holder-grey wpb_column vc_column_container vc_col-sm-6\"><div class=\"vc_column-inner\"><div class=\"wpb_wrapper\"><div class=\"evc-image-with-text evc-shortcode image-with-txt\">\n\t<div class=\"evc-iwt-image\">\n\t\t\t\t\n\t\t\t\t\n\t\t<img src=\"https:\/\/tzosvetanedelja.hr\/wp-content\/uploads\/2022\/03\/kastel-pineta-sveti-martin-1100x720.jpg\" alt=\"Ka\u0161tel Pineta Sveti Martin\" width=\"1100\" height=\"720\" \/>\t\t\n\t\t\t<\/div>\n\t<div class=\"evc-iwt-content\">\n\t\t\t\t\t<h4 class=\"evc-iwt-title\" >\n\t\t\t\tCASTEL PINETA\t\t\t<\/h4>\n\t\t\t\t\t\t\t<p class=\"evc-iwt-text\" >Sveti Martin<\/p>\n\t\t\t<\/div>\n<\/div>\n\n\t<div class=\"wpb_text_column wpb_content_element\">\n\t\t<div class=\"wpb_wrapper\">\n\t\t\t<p>The village of Sveti Martin, in the west of Labin, is dominated by a large house with a tower that once belonged to the noble Lazzarini family. Today, it is home to agrotourism Pineta, which owes its name to the nearby pine forest. The whole complex is a protected cultural monument under the protection of the Ministry of Culture of the Republic of Croatia. Agrotourism Pineta is a place where you can taste many delicacies from the Radi\u0107anin family estate, which is engaged in breeding goats, chickens, rabbits, sheep and horses, as well as fruits and vegetables. In addition, the family also offers premium acacia and flower honey, homemade juices, marmalades and more. As part of the agrotourism, seven comfortable apartments with four stars for a total of twenty people are offered, a wine cellar, a tasting room and a modern swimming pool with fresh water.<br \/>\nThe parish church of St. Martin and the church of Our Lady of Health are located in the immediate vicinity of the agrotourism, then, approximately 1 km away, the chapel of St. Katarina at the cemetery, then puddles about 2 km away \u2013 Baronov kol, Lokva Pjeri\u0107ov and Reska lokva. At a distance of about 3 km is the Chapel of St. Paul in Paradi\u017e.<\/p>\n<hr \/>\n<h6><\/h6>\n<h6>CYCLING TRAILS PASSING NEAR THE AGROTOURISM HOLDINGS<\/h6>\n<p><i class=\"fa-solid fa-person-biking\"><\/i>\u00a0 \u00a0<a href=\"http:\/\/www.istria-bike.com\/en\/bike_trails\/trails\/10-ch-0?&amp;l_over=1\" target=\"_blank\" rel=\"noopener noreferrer\">Track 402 Teran<br \/>\n<\/a><i class=\"fa-solid fa-person-biking\"><\/i>\u00a0 \u00a0<a href=\"http:\/\/www.istria-bike.com\/en\/bike_trails\/trails\/9-ch-0?&amp;l_over=1\" target=\"_blank\" rel=\"noopener noreferrer\">Track 403 Liburnia<br \/>\n<\/a><i class=\"fa-solid fa-person-biking\"><\/i>\u00a0 \u00a0<a href=\"http:\/\/www.istria-bike.com\/en\/bike_trails\/trails\/34-ch-0?&amp;l_over=1\" target=\"_blank\" rel=\"noopener noreferrer\">Track 404 Istrian Demarcation<br \/>\n<\/a><\/p>\n<hr \/>\n<p><a class=\"link-icons\" title=\"Internet stranica\" href=\"http:\/\/www.kastel-pineta.com\/\" target=\"_blank\" rel=\"noopener\"><br \/>\n<i class=\"fa-solid fa-globe\"><\/i><br \/>\n<\/a><a class=\"link-icons\" title=\"Facebook\" href=\"https:\/\/www.facebook.com\/kastelpineta\" target=\"_blank\" rel=\"noopener\"><br \/>\n<i class=\"fa-brands fa-facebook-square\"><\/i><br \/>\n<\/a><a class=\"link-icons\" href=\"https:\/\/goo.gl\/maps\/KqS4V5TAyogucgWX9\" target=\"_blank\" rel=\"noopener\"><br \/>\n<i class=\"fa-solid fa-map-location-dot\" title=\"Google Maps\"><\/i><br \/>\n<\/a><\/p>\n<p>OPG Radi\u0107anin, Sv. Martin 32 B, 52231 Nede\u0161\u0107ina,<br \/>\ntel. 091\/222 2238<\/p>\n\n\t\t<\/div> \n\t<\/div> <\/div><\/div><\/div><\/div><\/div><\/div>","protected":false},"excerpt":{"rendered":"\u00a0\u00a0\u00a0Mjesta delicije Gastro Gastronomija je ne\u0161to po \u010demu je Istra i svakako Sveta Nedelja nadaleko poznata. Okusi Mediterana, svje\u017eih plodova njiva obasjanim suncem su samo kap u moru gastronomskih delicija ovog kraja koje uklju\u010duju svje\u017ee vo\u0107e i povr\u0107e te ribu iz plavih dubina i mesni...","protected":false},"author":2,"featured_media":0,"parent":0,"menu_order":0,"comment_status":"open","ping_status":"closed","template":"full_width.php","meta":[],"_links":{"self":[{"href":"https:\/\/tzosvetanedelja.hr\/en\/wp-json\/wp\/v2\/pages\/1006991"}],"collection":[{"href":"https:\/\/tzosvetanedelja.hr\/en\/wp-json\/wp\/v2\/pages"}],"about":[{"href":"https:\/\/tzosvetanedelja.hr\/en\/wp-json\/wp\/v2\/types\/page"}],"author":[{"embeddable":true,"href":"https:\/\/tzosvetanedelja.hr\/en\/wp-json\/wp\/v2\/users\/2"}],"replies":[{"embeddable":true,"href":"https:\/\/tzosvetanedelja.hr\/en\/wp-json\/wp\/v2\/comments?post=1006991"}],"version-history":[{"count":114,"href":"https:\/\/tzosvetanedelja.hr\/en\/wp-json\/wp\/v2\/pages\/1006991\/revisions"}],"predecessor-version":[{"id":1012548,"href":"https:\/\/tzosvetanedelja.hr\/en\/wp-json\/wp\/v2\/pages\/1006991\/revisions\/1012548"}],"wp:attachment":[{"href":"https:\/\/tzosvetanedelja.hr\/en\/wp-json\/wp\/v2\/media?parent=1006991"}],"curies":[{"name":"wp","href":"https:\/\/api.w.org\/{rel}","templated":true}]}}