{"id":1006997,"date":"2020-11-19T12:48:41","date_gmt":"2020-11-19T11:48:41","guid":{"rendered":"https:\/\/tzosvetanedelja.hr\/?page_id=1006997"},"modified":"2026-01-20T11:30:19","modified_gmt":"2026-01-20T10:30:19","slug":"bike-i-pjesacke-staze","status":"publish","type":"page","link":"https:\/\/tzosvetanedelja.hr\/en\/cycling-and-pedestrian-trails\/","title":{"rendered":"Cycling and pedestrian trails"},"content":{"rendered":"<div     class=\"vc_row wpb_row section vc_row-fluid header-image-logo vc_custom_1647588509712\" style='background-image:url(https:\/\/tzosvetanedelja.hr\/wp-content\/uploads\/2020\/03\/tzo-slider.jpg); text-align:left;'><div class=\"full_section_inner clearfix\"><div class=\"wpb_column vc_column_container vc_col-sm-12\"><div class=\"vc_column-inner\"><div class=\"wpb_wrapper\">\n\t<div class=\"wpb_raw_code wpb_content_element wpb_raw_html\" >\n\t\t<div class=\"wpb_wrapper\">\n\t\t\t<!-- header place holder -->\n\t\t<\/div>\n\t<\/div>\n<\/div><\/div><\/div><\/div><\/div><div     class=\"vc_row wpb_row section vc_row-fluid header-location grid_section\" style=' text-align:left;'><div class=\"section_inner clearfix\"><div class='section_inner_margin clearfix'><div class=\"wpb_column vc_column_container vc_col-sm-12\"><div class=\"vc_column-inner\"><div class=\"wpb_wrapper\">\n\t<div class=\"wpb_text_column wpb_content_element\">\n\t\t<div class=\"wpb_wrapper\">\n\t\t\t<p><i class=\"fas fa-map-marker-alt\"><\/i>\u00a0\u00a0\u00a0Istra<\/p>\n\n\t\t<\/div> \n\t<\/div> <\/div><\/div><\/div><\/div><\/div><\/div><div     class=\"vc_row wpb_row section vc_row-fluid  grid_section\" style=' padding-top:80px; text-align:left;'><div class=\"section_inner clearfix\"><div class='section_inner_margin clearfix'><div class=\"wpb_column vc_column_container vc_col-sm-8\"><div class=\"vc_column-inner\"><div class=\"wpb_wrapper\">\n\t<div class=\"wpb_text_column wpb_content_element\">\n\t\t<div class=\"wpb_wrapper\">\n\t\t\t<h1>Cycling and pedestrian trails<\/h1>\n<p>There are numerous bicycle paths and roads on which you can explore the small villages of this municipality on foot and discover why wealthier people from noble families once upon a time in history chose this very area as the place to build their country estates.<\/p>\n<p><a href=\"https:\/\/www.istria-trails.com\/hr\/staze\/interaktivni-popis-staza\/273\"><strong>THE TRAIL OF PONDS AND JUG (861)\u00a0<\/strong> <\/a>connects the rich Istrian wine scene and picturesque vineyards, several ponds (kali\u0107i - puddles) important for the preservation of freshwater habitats and their flora and fauna, and traditional Istrian cuisine.<\/p>\n<p style=\"font-weight: 400;\"><strong><a href=\"https:\/\/www.istria-trails.com\/hr\/staze\/interaktivni-popis-staza\/281\">PJE\u0160A\u010cKA STAZA BOKSITNA PRUGA (862)<\/a> \u2013 <\/strong>pje\u0161a\u010dka staza prati potez nekada\u0161nje boksitne pruge koja se koristila u rudarsko doba na Labin\u0161tini. Potez pruge i danas je jako atraktivan krajobrazno. Na ovom podru\u010dju danas se smjestila Farma Drijade, koja nudi poseban do\u017eivljaj i susret s raznim \u017eivotinjama. za posjet farmi potrebna je prethodna najava.<\/p>\n<p>Na ovoj stazi \u017eivotinje se slobodno kre\u0107u, a \u010duvaju ih radni psi. Posjetitelji hodaju na vlastitu odgovornost i molimo vas da po\u0161tujete sigurnost \u017eivotinja. Svi psi moraju biti obavezani na povodniku.<\/p>\n<p>&nbsp;<\/p>\n<p style=\"font-weight: 400;\"><strong><a href=\"https:\/\/www.istria-trails.com\/hr\/staze\/interaktivni-popis-staza\/282\">PJE\u0160A\u010cKA STAZA \u0160UMBERSKE DINE (863) <\/a><\/strong>&#8211;\u00a0U srcu op\u0107ine Sveta Nedelja, nalazi se jedinstvena pje\u0161a\u010dka staza koja prolazi kroz fascinantno podru\u010dje laporskih dina. Ova ruta nudi jedinstveno iskustvo u kojem se priroda i povijest stapaju, pru\u017eaju\u0107i ljubiteljima prirode priliku za istra\u017eivanje rijetkih geolo\u0161kih pojava i u\u017eivanje u netaknutom krajoliku.<\/p>\n<p style=\"font-weight: 400;\">Pje\u0161a\u010dka staza, duga 7,3 km, a povezuje prirodne fenomene,\u00a0 lokalne OPG-ove i netaknutu prirodu.<\/p>\n<p>&nbsp;<\/p>\n<p>Enjoy cycling through untouched nature, picturesque vineyards and unique pools (puddles). In the area of Sveta Nedelja, you can explore 3 bike paths that combine natural and cultural heritage, and a rich local food and wine offer:<\/p>\n<p><a href=\"http:\/\/www.istria-bike.com\/en\/bike_trails\/interactive-trails\/233-ch-0?&amp;l_over=1\"><strong>441 THE TRAIL OF PONDS AND NOBILITY<\/strong><\/a><\/p>\n<p><em>ROUTE: Nede\u0161\u0107ina \u2013 Jurazini \u2013 Er\u017ei\u0161\u0107e \u2013 Bla\u0161kovi\u0107i \u2013 Radovi\u0107i \u2013 \u0160umber \u2013 Gra\u0161i\u0107i \u2013 Nede\u0161\u0107ina<\/em><\/p>\n<p>The bicycle route Trail of Ponds and Nobility starts in the centre of Nede\u0161\u0107ina. The settlement is dominated by the Church of the Holy Trinity, whose corner is mentioned in the historical document \"Istarski razvod\" as the border of three communes: \u0160umber, Labin and Plomin. The trail leads in the direction of the hamlets of Jurazini and Er\u017ei\u0161\u0107e, where there are several puddles. Kali\u0107 Du\u017eica, \u010ciper puddle, Marguda puddle and Rupica spring are just some of the rare preserved examples of freshwater habitats.  The importance of preserving puddles and their rich flora and fauna is part of the local culture of the Istrian region.<\/p>\n<p><a href=\"http:\/\/www.istria-bike.com\/en\/bike_trails\/interactive-trails\/234-ch-0?&amp;l_over=1\"><strong>442 THE TRAIL OF MINERS AND STONE SCULPTURES<\/strong><\/a><\/p>\n<p><em>ROUTE: Nede\u0161\u0107ina \u2013\u0160trmac \u2013 Vine\u017e \u2013 Toma\u017ei\u0107i \u2013 Cere \u2013 Santalezi \u2013 Nede\u0161\u0107ina<\/em><\/p>\n<p><em>\u00a0<\/em>The route starts from Nede\u0161\u0107ina, the central settlement of the municipality of Sv. Nedelja, whose central position is occupied by the Church of the Holy Trinity from 1897, and where the former Benedictine abbey of St. Trinity was located.<\/p>\n<p class=\" translation-block\">You are heading in the direction of the \u0160trmac settlement, built at the end of the 19th century next to a former mining shaft. The most significant mining revolt in Istria, also known as the <em>'Labin Republic'<\/em>, left indelible traces in the Labin region. The miners' struggle, aimed at seeking their labour rights, improving their position and working and living conditions, led to the establishment of the Labin Republic, which lasted from March 2 to April 8, 1921. On this cycling route, you will also visit the centre of Vine\u017e, place where the miners' strike began.<\/p>\n<p><a href=\"http:\/\/www.istria-bike.com\/en\/bike_trails\/interactive-trails\/235-ch-0?&amp;l_over=1\"><strong>443 THE TRAIL OF SAINT MARTIN \/ BARON\u2019S TRAIL<\/strong><\/a><\/p>\n<p><em>ROUTE: Sveti Martin \u2013 Ru\u017ei\u0107i \u2013 \u017dupani\u0107i \u2013 Stepan\u010di\u0107i \u2013 Santalezi \u2013 Cere \u2013 Markoci \u2013 Golji \u2013 Sna\u0161i\u0107i \u2013 Turini \u2013 Paradi\u017e \u2013 Sveti Martin<\/em><\/p>\n<p>There are numerous paths and roads that can be used to explore the villages and hamlets of this part of the municipality by bike and to discover why wealthier people from noble families once upon a time chose this very area as the place to build their country estates. The area of this part of Istria, also known as\u00a0<em>as Terra Rossa (red soil),<\/em>\u00a0is covered with vineyards, whose vines produce top quality wines. Numerous winemakers have recognized the importance of breeding old vines and preserving the traditional Istrian drop. Do you need another reason to explore the surroundings of Sveti Martin on two wheels?<\/p>\n<p>Trail<a href=\"http:\/\/www.istria-bike.com\/en\/bike_trails\/trails\/34-ch-0?&amp;l_over=1\" target=\"_blank\" rel=\"noopener\"> <strong>ISTRIAN DEMARCATION<\/strong> <\/a>(55 km) is dedicated to one of the most important Croatian medieval documents found in neighbouring Kr\u0161an, the trail <strong><a href=\"http:\/\/www.istria-bike.com\/en\/bike_trails\/trails\/9-ch-0?&amp;l_over=1\" target=\"_blank\" rel=\"noopener\">LIBURNIA<\/a> <\/strong>(71 km) will introduce you to Labin's rich history of mining, and the <a href=\"http:\/\/www.istria-bike.com\/en\/bike_trails\/trails\/10-ch-0?&amp;l_over=1\" target=\"_blank\" rel=\"noopener\"><strong>TERAN<\/strong> <\/a>(46 km) trail, which is named in honour of the famous Istrian wine, will take you for a ride along the Wine Road.<\/p>\n<p>Trail <strong>410 <a href=\"http:\/\/www.istria-bike.com\/en\/bike_trails\/interactive-trails\/197-ch-0?&amp;l_over=1\" target=\"_blank\" rel=\"noopener\">ANCIENT TOWNS OF EASTERN ISTRIA <\/a><\/strong>(89 km) connects the rural areas of Labin, which reveal a true wealth of history, tradition and interesting old-town centres.<\/p>\n\n\t\t<\/div> \n\t<\/div> <\/div><\/div><\/div><div class=\"wpb_column vc_column_container vc_col-sm-4\"><div class=\"vc_column-inner\"><div class=\"wpb_wrapper\"><\/div><\/div><\/div><\/div><\/div><\/div>","protected":false},"excerpt":{"rendered":"\u00a0\u00a0\u00a0Istra Biciklisti\u010dke i pje\u0161a\u010dke staze Brojne su biciklisti\u010dke staze i putovi kojima se mo\u017ee pje\u0161ice istra\u017eivati malena mjesta\u0161ca ove op\u0107ine i otkriti za\u0161to su imu\u0107niji ljudi iz plemenita\u0161kih obitelji nekad davno u povijesti birali upravo ovo podru\u010dje za mjesto gdje \u0107e graditi svoja ladanjska imanja....","protected":false},"author":2,"featured_media":0,"parent":0,"menu_order":0,"comment_status":"open","ping_status":"closed","template":"full_width.php","meta":[],"_links":{"self":[{"href":"https:\/\/tzosvetanedelja.hr\/en\/wp-json\/wp\/v2\/pages\/1006997"}],"collection":[{"href":"https:\/\/tzosvetanedelja.hr\/en\/wp-json\/wp\/v2\/pages"}],"about":[{"href":"https:\/\/tzosvetanedelja.hr\/en\/wp-json\/wp\/v2\/types\/page"}],"author":[{"embeddable":true,"href":"https:\/\/tzosvetanedelja.hr\/en\/wp-json\/wp\/v2\/users\/2"}],"replies":[{"embeddable":true,"href":"https:\/\/tzosvetanedelja.hr\/en\/wp-json\/wp\/v2\/comments?post=1006997"}],"version-history":[{"count":20,"href":"https:\/\/tzosvetanedelja.hr\/en\/wp-json\/wp\/v2\/pages\/1006997\/revisions"}],"predecessor-version":[{"id":1012426,"href":"https:\/\/tzosvetanedelja.hr\/en\/wp-json\/wp\/v2\/pages\/1006997\/revisions\/1012426"}],"wp:attachment":[{"href":"https:\/\/tzosvetanedelja.hr\/en\/wp-json\/wp\/v2\/media?parent=1006997"}],"curies":[{"name":"wp","href":"https:\/\/api.w.org\/{rel}","templated":true}]}}