{"id":1007054,"date":"2021-02-01T07:21:13","date_gmt":"2021-02-01T06:21:13","guid":{"rendered":"https:\/\/tzosvetanedelja.hr\/?page_id=1007054"},"modified":"2025-05-13T09:20:55","modified_gmt":"2025-05-13T07:20:55","slug":"servisne-informacije","status":"publish","type":"page","link":"https:\/\/tzosvetanedelja.hr\/en\/servisne-informacije\/","title":{"rendered":"Servisne informacije"},"content":{"rendered":"<div     class=\"vc_row wpb_row section vc_row-fluid without-header grid_section\" style=' text-align:left;'><div class=\"section_inner clearfix\"><div class='section_inner_margin clearfix'><div class=\"wpb_column vc_column_container vc_col-sm-8 vc_col-sm-offset-2\"><div class=\"vc_column-inner\"><div class=\"wpb_wrapper\">\n\t<div class=\"wpb_text_column wpb_content_element\">\n\t\t<div class=\"wpb_wrapper\">\n\t\t\t<h1 style=\"text-align: center;\">Servisne informacije<\/h1>\n\n\t\t<\/div> \n\t<\/div> \n\t<div class=\"wpb_text_column wpb_content_element\">\n\t\t<div class=\"wpb_wrapper\">\n\t\t\t<h6 style=\"text-align: center;\">VA\u017dNI TELEFONSKI BROJEVI<\/h6>\n<p style=\"text-align: center;\">CENTAR ZA OBAVJE\u0160TAVANJE &#8211; +385 112<br \/>\nINFORMACIJE &#8211; +385 11888<\/p>\n<p style=\"text-align: center;\">HITNA MEDICINSKA POMO\u0106 &#8211; +385 194<br \/>\nVATROGASCI &#8211; +385 193<br \/>\nPOLICIJA &#8211; +385 192, +385 538 439<\/p>\n<p style=\"text-align: center;\">POMO\u0106 NA CESTI &#8211; +385 1987<\/p>\n<p style=\"text-align: center;\">DOM ZDRAVLJA LABIN &#8211; +385 52 855 333<br \/>\nAMBULANTA NEDE\u0160\u0106INA &#8211; +385 52 865 417<br \/>\nAPOTEKA KA\u0160TEL FARM \u0160TRMAC &#8211; +385 52 649 275<\/p>\n<p style=\"text-align: center;\">AUTOBUSNI KOLODVOR &#8211; +385 060 888 613<\/p>\n<p style=\"text-align: center;\">METEOROLO\u0160KI CENTAR &#8211; +385 52 214 618<\/p>\n<p>TURISTI\u010cKA AGENCIJA ISTRA SUN &#8211; +385 91 5044 391 www.istra-sun.com<\/p>\n<p style=\"text-align: center;\">PO\u0160TA NEDE\u0160\u0106INA &#8211; +385 52 409 314<br \/>\n(RADNO VRIJEME PON-PET OD 08:00 \u2013 11:00, SUB, NED, PRAZNICI I BLAGDANI ZATVORENO)<\/p>\n\n\t\t<\/div> \n\t<\/div> <\/div><\/div><\/div><\/div><\/div><\/div>","protected":false},"excerpt":{"rendered":"Servisne informacije VA\u017dNI TELEFONSKI BROJEVI CENTAR ZA OBAVJE\u0160TAVANJE - +385 112 INFORMACIJE - +385 11888 HITNA MEDICINSKA POMO\u0106 - +385 194 VATROGASCI - +385 193 POLICIJA - +385 192, +385 538 439 POMO\u0106 NA CESTI - +385 1987 DOM ZDRAVLJA LABIN - +385 52 855...","protected":false},"author":2,"featured_media":0,"parent":0,"menu_order":0,"comment_status":"closed","ping_status":"closed","template":"full_width.php","meta":[],"_links":{"self":[{"href":"https:\/\/tzosvetanedelja.hr\/en\/wp-json\/wp\/v2\/pages\/1007054"}],"collection":[{"href":"https:\/\/tzosvetanedelja.hr\/en\/wp-json\/wp\/v2\/pages"}],"about":[{"href":"https:\/\/tzosvetanedelja.hr\/en\/wp-json\/wp\/v2\/types\/page"}],"author":[{"embeddable":true,"href":"https:\/\/tzosvetanedelja.hr\/en\/wp-json\/wp\/v2\/users\/2"}],"replies":[{"embeddable":true,"href":"https:\/\/tzosvetanedelja.hr\/en\/wp-json\/wp\/v2\/comments?post=1007054"}],"version-history":[{"count":11,"href":"https:\/\/tzosvetanedelja.hr\/en\/wp-json\/wp\/v2\/pages\/1007054\/revisions"}],"predecessor-version":[{"id":1012550,"href":"https:\/\/tzosvetanedelja.hr\/en\/wp-json\/wp\/v2\/pages\/1007054\/revisions\/1012550"}],"wp:attachment":[{"href":"https:\/\/tzosvetanedelja.hr\/en\/wp-json\/wp\/v2\/media?parent=1007054"}],"curies":[{"name":"wp","href":"https:\/\/api.w.org\/{rel}","templated":true}]}}