{"id":1008461,"date":"2022-02-07T09:55:51","date_gmt":"2022-02-07T08:55:51","guid":{"rendered":"https:\/\/tzosvetanedelja.hr\/?page_id=1008461"},"modified":"2025-10-21T12:30:44","modified_gmt":"2025-10-21T10:30:44","slug":"vinari","status":"publish","type":"page","link":"https:\/\/tzosvetanedelja.hr\/en\/wineries\/","title":{"rendered":"Wineries"},"content":{"rendered":"<div     class=\"vc_row wpb_row section vc_row-fluid header-image-logo vc_custom_1647602003245\" style='background-image:url(https:\/\/tzosvetanedelja.hr\/wp-content\/uploads\/2020\/03\/tzo-slider.jpg); text-align:left;'><div class=\"full_section_inner clearfix\"><div class=\"wpb_column vc_column_container vc_col-sm-12\"><div class=\"vc_column-inner\"><div class=\"wpb_wrapper\">\n\t<div class=\"wpb_raw_code wpb_content_element wpb_raw_html\" >\n\t\t<div class=\"wpb_wrapper\">\n\t\t\t<!-- header place holder -->\n\t\t<\/div>\n\t<\/div>\n<\/div><\/div><\/div><\/div><\/div><div     class=\"vc_row wpb_row section vc_row-fluid header-location grid_section\" style=' text-align:left;'><div class=\"section_inner clearfix\"><div class='section_inner_margin clearfix'><div class=\"wpb_column vc_column_container vc_col-sm-12\"><div class=\"vc_column-inner\"><div class=\"wpb_wrapper\">\n\t<div class=\"wpb_text_column wpb_content_element\">\n\t\t<div class=\"wpb_wrapper\">\n\t\t\t\n\t\t<\/div> \n\t<\/div> <\/div><\/div><\/div><\/div><\/div><\/div><div     class=\"vc_row wpb_row section vc_row-fluid vc_custom_1647599540136 grid_section\" style=' padding-top:80px; text-align:left;'><div class=\"section_inner clearfix\"><div class='section_inner_margin clearfix'><div class=\"wpb_column vc_column_container vc_col-sm-2\"><div class=\"vc_column-inner\"><div class=\"wpb_wrapper\"><\/div><\/div><\/div><div class=\"wpb_column vc_column_container vc_col-sm-8\"><div class=\"vc_column-inner\"><div class=\"wpb_wrapper\">\n\t<div class=\"wpb_text_column wpb_content_element\">\n\t\t<div class=\"wpb_wrapper\">\n\t\t\t<h1 style=\"text-align: center;\">Wineries<\/h1>\n<p class=\"lead vinari-cro\" style=\"text-align: center;\">Kada ste \u017eeljni dobrog vina, svakako posjetite Svetu Nedelju u Istri.<br \/>\nVino je neizostavni dio \u017eivota ljudi ovoga kraja. Svi koji su u pro\u0161losti imali zemlju radili su i svoje vino, iz jednostavnog razloga jer su se ljudi voljeli opustiti i razveseliti pa su i danas ku\u0161aonice lokalnih vinara nezaobilazna lokacija za dru\u017eenje mje\u0161tana i turista.<\/p>\n\n\t\t<\/div> \n\t<\/div> <\/div><\/div><\/div><div class=\"wpb_column vc_column_container vc_col-sm-2\"><div class=\"vc_column-inner\"><div class=\"wpb_wrapper\"><\/div><\/div><\/div><\/div><\/div><\/div><div     class=\"vc_row wpb_row section vc_row-fluid vc_custom_1647599972162 grid_section\" style=' padding-top:80px; text-align:left;'><div class=\"section_inner clearfix\"><div class='section_inner_margin clearfix'><div class=\"wpb_column vc_column_container vc_col-sm-6\"><div class=\"vc_column-inner\"><div class=\"wpb_wrapper\">\n\t<div class=\"wpb_text_column wpb_content_element\">\n\t\t<div class=\"wpb_wrapper\">\n\t\t\t<h2>Vina Fuhtar<\/h2>\n<p><span class=\"vinari-cro\">Vinarija Fuhtar vlasnika Piera Licula iz Nede\u0161\u0107ine nazvala je svoju vinariju prema obiteljskom nadimku Fuhtar.<br \/>\nStoljetna tradicija proizvodnje vina postoji u njihovoj obitelji, a ljubav prema vinarstvu prenosi se iz generacije na generaciju.<br \/>\nPieru nesebi\u010dno poma\u017ee njegov otac Valter Licul koji je ujedno i predsjednik Udruge vinara i vinogradara Labin\u0161tine \u201eTrs\u201c. Osnovni cilj Udruge \u201eTrs\u201c je pove\u0107ati kvantitetu ali i kvalitetu vina na Labin\u0161tini.<br \/>\nVina koje nudi Fuhtar su malvazija istarska, teran, merlot, mu\u0161kat \u017euti i rose.<br \/>\nOva vinarija je i ponosan vlasnik mnogih priznanja kao \u0161ta su 2017. godine osvojeno zlato za malvaziju na Vinistri, 2019. godine zlato i najbolje ocjenjeni mu\u0161kat \u017euti tako\u0111er na Vinistri te 2019. godine najbolje bijelo vino i zlatna medalja za Malvaziju Istarsku na Smotri vina Isto\u010dne Istre Skita\u010da 2019.<br \/>\nU sklopu vinarije nalazi se i ku\u0161aona koja mo\u017ee ugostiti dvadesetak ljudi.<br \/>\nNjihovi trsi su posa\u0111eni na vi\u0161e od 2 hektara vinograda, a proizvodnja ove vinarije se svodi na vi\u0161e od 10.000 buteljki godi\u0161nje.<br \/>\nJedna posebnost kod vinarije Fuhtar je i poseban Teran&amp;Vruja, teran koji je godinu dana odle\u017eao pod morem u vruji kod Ike.<\/span><\/p>\n<hr \/>\n<h6>Vinarija Fuhtar<br \/>\nOPG Piero Licul<\/h6>\n<p>Nede\u0161\u0107ina 137 A<br \/>\n52231 Nede\u0161\u0107ina<\/p>\n<p>M: +385 (0)98 906 9871<\/p>\n<hr \/>\n<p><a class=\"link-icons\" title=\"Email adresa\" href=\"mailto:piero.licul@gmail.com\"><br \/>\n<i class=\"fa-solid fa-envelope\"><\/i><\/a><a class=\"link-icons\" title=\"Facebook\" href=\"https:\/\/www.facebook.com\/vinafuhtar\/\" target=\"_blank\" rel=\"noopener\"><br \/>\n<i class=\"fa-brands fa-facebook-square\"><\/i><br \/>\n<\/a><a class=\"link-icons\" href=\"https:\/\/goo.gl\/maps\/5Sjq3ymkt8AJfkvbA\" target=\"_blank\" rel=\"noopener\"><br \/>\n<i class=\"fa-solid fa-map-location-dot\" title=\"Google Maps\"><\/i><br \/>\n<\/a><\/p>\n\n\t\t<\/div> \n\t<\/div> <\/div><\/div><\/div><div class=\"wpb_column vc_column_container vc_col-sm-6\"><div class=\"vc_column-inner\"><div class=\"wpb_wrapper\">\n<div class=\"vc_grid-container-wrapper vc_clearfix\">\n\t<div class=\"vc_grid-container vc_clearfix wpb_content_element vc_masonry_media_grid\" data-initial-loading-animation=\"zoomIn\" data-vc-grid-settings=\"{&quot;page_id&quot;:1008461,&quot;style&quot;:&quot;all-masonry&quot;,&quot;action&quot;:&quot;vc_get_vc_grid_data&quot;,&quot;shortcode_id&quot;:&quot;1761038214559-95868a1f-3166-2&quot;,&quot;tag&quot;:&quot;vc_masonry_media_grid&quot;}\" data-vc-request=\"https:\/\/tzosvetanedelja.hr\/wp-admin\/admin-ajax.php\" data-vc-post-id=\"1008461\" data-vc-public-nonce=\"960e40619d\">\n\t\t\n\t<\/div>\n<\/div><\/div><\/div><\/div><\/div><\/div><\/div><div     class=\"vc_row wpb_row section vc_row-fluid vc_custom_1647600247973 grid_section\" style=' padding-top:80px; text-align:left;'><div class=\"section_inner clearfix\"><div class='section_inner_margin clearfix'><div class=\"wpb_column vc_column_container vc_col-sm-6\"><div class=\"vc_column-inner\"><div class=\"wpb_wrapper\">\n\t<div class=\"wpb_text_column wpb_content_element\">\n\t\t<div class=\"wpb_wrapper\">\n\t\t\t<h2>Vina Mati\u0161ka<\/h2>\n<p><span class=\"vinari-cro\">Vinarija Mati\u0161ka ima jednu jako lijepu povijesnu pri\u010du.<br \/>\nMate Kir\u0161i\u0107 kojemu je obiteljski nadimak Mati\u0161ka po\u010deo se baviti vinarstvom i vinogradarstvom pred vi\u0161e od jednog stolje\u0107a. Mate je prije toga s palube broda Carpathije spa\u0161avao utopljenike s tonu\u0107eg Titanica za \u0161to je bio odlikovan kralji\u010dinim ordenom hrabrosti. Najvjerovatnije je ta tragedija i stravi\u010dno iskustvo o kojem nije \u017eelio pri\u010dati utjecala na njega, tako da nakon toga Mate se vi\u0161e ne vra\u0107a pomorstvu, ve\u0107 postaje vinar.<br \/>\nDanas vinarija Mati\u0161ka proizvodi malvaziju, mu\u0161kat suhi, ros\u00e9, teran, refo\u0161k, merlot i mu\u0161kat slatki.<br \/>\nU sklopu vinarije nalazi se i ku\u0161aona koja mo\u017ee ugostiti dvadesetak ljudi.<br \/>\n<\/span><\/p>\n<hr \/>\n<h6>Vinarija Mati\u0161ka<br \/>\nOPG Mati\u0161ka<\/h6>\n<p>Klap\u010di\u0107i 20<br \/>\n52231 Nede\u0161\u0107ina<\/p>\n<p>M: +385 (0)99 673 6956<\/p>\n<hr \/>\n<p><a class=\"link-icons\" title=\"Email adresa\" href=\"mailto:vino.matiska@gmail.com\"><br \/>\n<i class=\"fa-solid fa-envelope\"><\/i><\/a><a class=\"link-icons\" title=\"Facebook\" href=\"https:\/\/www.facebook.com\/vinomatiska\" target=\"_blank\" rel=\"noopener\"><br \/>\n<i class=\"fa-brands fa-facebook-square\"><\/i><br \/>\n<\/a><a class=\"link-icons\" href=\"https:\/\/goo.gl\/maps\/pSmfRg3vxXjVVGXR9\" target=\"_blank\" rel=\"noopener\"><br \/>\n<i class=\"fa-solid fa-map-location-dot\" title=\"Google Maps\"><\/i><br \/>\n<\/a><\/p>\n\n\t\t<\/div> \n\t<\/div> <\/div><\/div><\/div><div class=\"wpb_column vc_column_container vc_col-sm-6\"><div class=\"vc_column-inner\"><div class=\"wpb_wrapper\">\n<div class=\"vc_grid-container-wrapper vc_clearfix\">\n\t<div class=\"vc_grid-container vc_clearfix wpb_content_element vc_masonry_media_grid\" data-initial-loading-animation=\"zoomIn\" data-vc-grid-settings=\"{&quot;page_id&quot;:1008461,&quot;style&quot;:&quot;all-masonry&quot;,&quot;action&quot;:&quot;vc_get_vc_grid_data&quot;,&quot;shortcode_id&quot;:&quot;1761038214560-386769fe-e0d9-3&quot;,&quot;tag&quot;:&quot;vc_masonry_media_grid&quot;}\" data-vc-request=\"https:\/\/tzosvetanedelja.hr\/wp-admin\/admin-ajax.php\" data-vc-post-id=\"1008461\" data-vc-public-nonce=\"960e40619d\">\n\t\t\n\t<\/div>\n<\/div><\/div><\/div><\/div><\/div><\/div><\/div><div     class=\"vc_row wpb_row section vc_row-fluid vc_custom_1647599972162 grid_section\" style=' padding-top:80px; text-align:left;'><div class=\"section_inner clearfix\"><div class='section_inner_margin clearfix'><div class=\"wpb_column vc_column_container vc_col-sm-6\"><div class=\"vc_column-inner\"><div class=\"wpb_wrapper\">\n\t<div class=\"wpb_text_column wpb_content_element\">\n\t\t<div class=\"wpb_wrapper\">\n\t\t\t<h2>Vina Romeo<\/h2>\n<p><span class=\"vinari-cro\">Vinarija Romeo njeguje obiteljsku tradiciju te su njegova vina zasigurno jedna od najprepoznatljivijih vina isto\u010dnog istarskog vinogorja. Romeo Licul Fuhtar iz Nede\u0161\u0107ine poznati je vinogradar i vinar iz Nede\u0161\u0107ine, vlasnik je 35 hektara zemlji\u0161ta i OPG-a Romeo koji proizvodi vina pod istoimenim nazivom. Na Labin\u0161tini ga svi znaju kao Fuhtara, po obiteljskom imenu. Romeu poma\u017ee cijela obitelj, k\u0107erka Mirjana i zet Roberto Paliska, biv\u0161i nogometa\u0161 Rijeke, te unuke Antonela koja je zavr\u0161ila Ekonomski fakultet u Rijeci, i Roberta koja je diplomirani prehrambeni tehnolog i radi u struci. Svi \u017eive u Nede\u0161\u0107ini, osim Roberte koja je u Zagrebu. Druga Romeova k\u0107er, Dragica, nekada\u0161nja rukometa\u0161ica Rudara, \u017eivi u Italiji, ima k\u0107erku Maritu i sina Marina koji je student enologije na fakultetu u Udinama. U asortimanu vina Romeo mo\u017eete prona\u0107i vina istarskih autohtonih sorti: Malvazija, Teran te ostale sorte vina Chardonnay, Mu\u0161kat, Merlot i Cabernet Sauvignon. Ova vinarija ve\u0107 dugi niz godina osvaja zlatne medalje za malvaziju, teran i mu\u0161kat na Vinistri. U sklopu vinarije nalazi se i sala za degustaciju koja mo\u017ee ugostiti do 50-tak ljudi. Proizvodnja vina svodi im se na 300 hl godi\u0161nje.<\/span><\/p>\n<hr \/>\n<h6>Vinarija Romeo<br \/>\nOPG Romeo Licul<\/h6>\n<p>Nede\u0161\u0107ina 67<br \/>\n52231 Nede\u0161\u0107ina<\/p>\n<p>M: +385 (0)99 744 1529<br \/>\nM: +385 (0)98 759 032<\/p>\n<hr \/>\n<p><a class=\"link-icons\" title=\"Email adresa\" href=\"mailto:info@vina-romeo.com\"><br \/>\n<i class=\"fa-solid fa-envelope\"><\/i><\/a><a class=\"link-icons\" title=\"Internet stranica\" href=\"https:\/\/www.vina-romeo.com\" target=\"_blank\" rel=\"noopener\"><br \/>\n<i class=\"fa-solid fa-globe\"><\/i><br \/>\n<\/a><a class=\"link-icons\" title=\"Facebook\" href=\"https:\/\/www.facebook.com\/vina.romeonedescina\" target=\"_blank\" rel=\"noopener\"><br \/>\n<i class=\"fa-brands fa-facebook-square\"><\/i><br \/>\n<\/a><a class=\"link-icons\" href=\"https:\/\/goo.gl\/maps\/rqsVs52WgJevr9m6A\" target=\"_blank\" rel=\"noopener\"><br \/>\n<i class=\"fa-solid fa-map-location-dot\" title=\"Google Maps\"><\/i><br \/>\n<\/a><\/p>\n\n\t\t<\/div> \n\t<\/div> <\/div><\/div><\/div><div class=\"wpb_column vc_column_container vc_col-sm-6\"><div class=\"vc_column-inner\"><div class=\"wpb_wrapper\">\n<div class=\"vc_grid-container-wrapper vc_clearfix\">\n\t<div class=\"vc_grid-container vc_clearfix wpb_content_element vc_masonry_media_grid\" data-initial-loading-animation=\"zoomIn\" data-vc-grid-settings=\"{&quot;page_id&quot;:1008461,&quot;style&quot;:&quot;all-masonry&quot;,&quot;action&quot;:&quot;vc_get_vc_grid_data&quot;,&quot;shortcode_id&quot;:&quot;1761038214560-443a6255-dd42-2&quot;,&quot;tag&quot;:&quot;vc_masonry_media_grid&quot;}\" data-vc-request=\"https:\/\/tzosvetanedelja.hr\/wp-admin\/admin-ajax.php\" data-vc-post-id=\"1008461\" data-vc-public-nonce=\"960e40619d\">\n\t\t\n\t<\/div>\n<\/div><\/div><\/div><\/div><\/div><\/div><\/div><div     class=\"vc_row wpb_row section vc_row-fluid vc_custom_1649833900450 grid_section\" style=' padding-top:80px; text-align:left;'><div class=\"section_inner clearfix\"><div class='section_inner_margin clearfix'><div class=\"wpb_column vc_column_container vc_col-sm-6\"><div class=\"vc_column-inner\"><div class=\"wpb_wrapper\">\n\t<div class=\"wpb_text_column wpb_content_element\">\n\t\t<div class=\"wpb_wrapper\">\n\t\t\t<h2>Vina San Martino<\/h2>\n<p><span class=\"vinari-cro\">Vinogradi San Martino<br \/>\nU obitelji Vretenar se oduvijek radilo vino za vlastite potrebe, a vinarija San Martino u njihovom vlasni\u0161tvu je prvo vino plasirala na tr\u017ei\u0161te 2009. godine. Vinogradi u njihovom vlasni\u0161tvu smje\u0161teni su na isto\u010dnoj obali Istre u blizini Labina (mjesto Sveti Martin) na zemlji crvenici (Terra Rossa) i udaljeni su 7 kilometara od mora. Okru\u017eeni su gustom \u0161umom akacije, raspore\u0111eni na nadmorskoj visini u rasponu od 270-330 metara odakle se pru\u017ea predivan pogled na U\u010dku i stari grad Labin. Izvrsnosti vina pridonosi povoljna klima, plodna zemlja i naravno i marljivost i trud vlasnika.<br \/>\nDanas vinarija San Martino proizvodi slijede\u0107a vina: cabernet sauvignon, chardonnay, malvazija, merlot, mu\u0161kat te rose.<br \/>\n<\/span><\/p>\n<p>Dubrova 105<br \/>\n52220 Labin<\/p>\n<p>T: +385 (0)52 851 800<br \/>\nT: +385 (0)52 851 888<br \/>\nM: +385 (0)98 981 5380<\/p>\n<hr \/>\n<p><a class=\"link-icons\" title=\"Email adresa\" href=\"mailto:info@vinosanmartino.com\"><br \/>\n<i class=\"fa-solid fa-envelope\"><\/i><\/a><a class=\"link-icons\" title=\"Internet stranica\" href=\"http:\/\/www.vinosanmartino.com\" target=\"_blank\" rel=\"noopener\"><br \/>\n<i class=\"fa-solid fa-globe\"><\/i><br \/>\n<\/a><a class=\"link-icons\" title=\"Facebook\" href=\"https:\/\/www.facebook.com\/sanmartinovino\" target=\"_blank\" rel=\"noopener\"><br \/>\n<i class=\"fa-brands fa-facebook-square\"><\/i><br \/>\n<\/a><a class=\"link-icons\" href=\"https:\/\/goo.gl\/maps\/zhh3os9RjrLgTzqj6\" target=\"_blank\" rel=\"noopener\"><br \/>\n<i class=\"fa-solid fa-map-location-dot\" title=\"Google Maps\"><\/i><br \/>\n<\/a><\/p>\n\n\t\t<\/div> \n\t<\/div> <\/div><\/div><\/div><div class=\"wpb_column vc_column_container vc_col-sm-6\"><div class=\"vc_column-inner\"><div class=\"wpb_wrapper\">\n<div class=\"vc_grid-container-wrapper vc_clearfix\">\n\t<div class=\"vc_grid-container vc_clearfix wpb_content_element vc_masonry_media_grid\" data-initial-loading-animation=\"zoomIn\" data-vc-grid-settings=\"{&quot;page_id&quot;:1008461,&quot;style&quot;:&quot;all-masonry&quot;,&quot;action&quot;:&quot;vc_get_vc_grid_data&quot;,&quot;shortcode_id&quot;:&quot;1761038214560-a6f2eced-864b-4&quot;,&quot;tag&quot;:&quot;vc_masonry_media_grid&quot;}\" data-vc-request=\"https:\/\/tzosvetanedelja.hr\/wp-admin\/admin-ajax.php\" data-vc-post-id=\"1008461\" data-vc-public-nonce=\"960e40619d\">\n\t\t\n\t<\/div>\n<\/div><\/div><\/div><\/div><\/div><\/div><\/div><div     class=\"vc_row wpb_row section vc_row-fluid vc_custom_1650373465721 grid_section\" style=' padding-top:80px; text-align:left;'><div class=\"section_inner clearfix\"><div class='section_inner_margin clearfix'><div class=\"wpb_column vc_column_container vc_col-sm-6\"><div class=\"vc_column-inner\"><div class=\"wpb_wrapper\">\n\t<div class=\"wpb_text_column wpb_content_element\">\n\t\t<div class=\"wpb_wrapper\">\n\t\t\t<h2>OPG Vina Verbanac<\/h2>\n<h6>Verbanac Vitomir<\/h6>\n<p>Nede\u0161\u0107ina 38\/d<br \/>\n52231 Nede\u0161\u0107ina<\/p>\n<p>T: +385 (0)52 865 413<br \/>\nM: +385 (0)91 5885424<\/p>\n<hr \/>\n<p><a class=\"link-icons\" title=\"Email adresa\" href=\"mailto:fverbanac1@gmail.com\"><br \/>\n<i class=\"fa-solid fa-envelope\"><\/i><\/a><a class=\"link-icons\" title=\"Internet stranica\" href=\"http:\/\/www.opg-verbanac.hr\/\" target=\"_blank\" rel=\"noopener\"><br \/>\n<i class=\"fa-solid fa-globe\"><\/i><br \/>\n<\/a><a class=\"link-icons\" title=\"Facebook\" href=\"\/\/web.facebook.com\/fverbanac1\" target=\"_blank\" rel=\"noopener\"><br \/>\n<i class=\"fa-brands fa-facebook-square\"><\/i><br \/>\n<\/a><a class=\"link-icons\" href=\"https:\/\/goo.gl\/maps\/Hp2G3Xapu17Ru528A\" target=\"_blank\" rel=\"noopener\"><br \/>\n<i class=\"fa-solid fa-map-location-dot\" title=\"Google Maps\"><\/i><br \/>\n<\/a><\/p>\n\n\t\t<\/div> \n\t<\/div> <\/div><\/div><\/div><div class=\"wpb_column vc_column_container vc_col-sm-6\"><div class=\"vc_column-inner\"><div class=\"wpb_wrapper\">\n<div class=\"vc_grid-container-wrapper vc_clearfix\">\n\t<div class=\"vc_grid-container vc_clearfix wpb_content_element vc_masonry_media_grid\" data-initial-loading-animation=\"zoomIn\" data-vc-grid-settings=\"{&quot;page_id&quot;:1008461,&quot;style&quot;:&quot;all-masonry&quot;,&quot;action&quot;:&quot;vc_get_vc_grid_data&quot;,&quot;shortcode_id&quot;:&quot;1761038214560-261e98a9-3430-5&quot;,&quot;tag&quot;:&quot;vc_masonry_media_grid&quot;}\" data-vc-request=\"https:\/\/tzosvetanedelja.hr\/wp-admin\/admin-ajax.php\" data-vc-post-id=\"1008461\" data-vc-public-nonce=\"960e40619d\">\n\t\t\n\t<\/div>\n<\/div><\/div><\/div><\/div><\/div><\/div><\/div><div     class=\"vc_row wpb_row section vc_row-fluid vc_custom_1650373305247 grid_section\" style=' padding-top:80px; text-align:left;'><div class=\"section_inner clearfix\"><div class='section_inner_margin clearfix'><div class=\"wpb_column vc_column_container vc_col-sm-6\"><div class=\"vc_column-inner\"><div class=\"wpb_wrapper\">\n\t<div class=\"wpb_text_column wpb_content_element  vc_custom_1691916762329\">\n\t\t<div class=\"wpb_wrapper\">\n\t\t\t<h2>Vina Kos<\/h2>\n<h6>Sre\u0107ko Kos<\/h6>\n<p>Balarini 124 E, \u0160umber<br \/>\n52231 Nede\u0161\u0107ina<\/p>\n<p>M: +385 (0)91 1865767<\/p>\n<hr \/>\n<p>E-mail:info@climalux.hr<\/p>\n<p>GPS: 45.1558472,14.0807207<\/p>\n\n\t\t<\/div> \n\t<\/div> <\/div><\/div><\/div><div class=\"wpb_column vc_column_container vc_col-sm-6\"><div class=\"vc_column-inner\"><div class=\"wpb_wrapper\">\n<div class=\"vc_grid-container-wrapper vc_clearfix\">\n\t<div class=\"vc_grid-container vc_clearfix wpb_content_element vc_masonry_media_grid\" data-initial-loading-animation=\"zoomIn\" data-vc-grid-settings=\"{&quot;page_id&quot;:1008461,&quot;style&quot;:&quot;all-masonry&quot;,&quot;action&quot;:&quot;vc_get_vc_grid_data&quot;,&quot;shortcode_id&quot;:&quot;1761038214561-0d1a2b99-00d3-8&quot;,&quot;tag&quot;:&quot;vc_masonry_media_grid&quot;}\" data-vc-request=\"https:\/\/tzosvetanedelja.hr\/wp-admin\/admin-ajax.php\" data-vc-post-id=\"1008461\" data-vc-public-nonce=\"960e40619d\">\n\t\t\n\t<\/div>\n<\/div><\/div><\/div><\/div><\/div><\/div><\/div><div     class=\"vc_row wpb_row section vc_row-fluid vc_custom_1650627790880 grid_section\" style=' padding-top:80px; text-align:left;'><div class=\"section_inner clearfix\"><div class='section_inner_margin clearfix'><div class=\"wpb_column vc_column_container vc_col-sm-6\"><div class=\"vc_column-inner\"><div class=\"wpb_wrapper\">\n\t<div class=\"wpb_text_column wpb_content_element\">\n\t\t<div class=\"wpb_wrapper\">\n\t\t\t<h2>Vina Prskalo<\/h2>\n<p>Obiteljska vinarija<\/p>\n<div class=\"elementor-element elementor-element-70948e74 elementor-widget elementor-widget-text-editor animated fadeInLeft\" data-id=\"70948e74\" data-element_type=\"widget\" data-settings=\"{&quot;_animation&quot;:&quot;fadeInLeft&quot;}\" data-widget_type=\"text-editor.default\">\n<div class=\"elementor-widget-container\">\n<p>Nono Zaneto (Ivan) je ljubav i strast prema vinogradu i trsu prenio na cijelu obitelj. Nono je godinama bri\u017eno njegovao i odr\u017eavao vinograde koje su posadili roditelji njegove \u017eene, otac Anton \u2013 Tone i majka Luce.<\/p>\n<p>Sve do 2020. godine, nono je proizvodio vino za vlastite potrebe, ali tada smo donijeli odluku o hrabrom preokretu. \u017deljeli smo podi\u0107i proizvodnju vrhunskih vina, pa smo pove\u0107ali na\u0161e vinograde na 1.5 hektara, s jasnom vizijom rasta do 4 hektara.<\/p>\n<p>Ova pri\u010da ne bi bila mogu\u0107a bez na\u0161e obitelji. Zahvaljuju\u0107i trudu mame Davorke, tate Mirka i supruge Jelene, na\u0161 se projekt pretvorio u ostvarenje snova. Svi smo ulo\u017eili velik entuzijazam, zadovoljstvo i ljubav kako bismo stvorili vrhunska vina kojima \u0107emo vas odu\u0161eviti.<\/p>\n<p>Ovdje u na\u0161oj vinariji, svaki gutljaj vina nosi sa sobom pri\u010du obitelji, tradicije i strasti prema vinogradima. Pozivamo vas da nam se pridru\u017eite na ovom putovanju okusa i u\u017eivate u vrhunskim vinima koja su proizvedena s ljubavlju.<\/p>\n<p>&nbsp;<\/p>\n<\/div>\n<\/div>\n<p>Mali Golji 7<br \/>\n52220 Labin<\/p>\n<p>M:\u00a0 +385 (0)98 1860400<\/p>\n<p>+385 (0)91 726 2093<\/p>\n<hr \/>\n<p>E-mail: vina.prskalo@gmail.com<\/p>\n<blockquote class=\"wp-embedded-content\" data-secret=\"XgGPsvHadC\"><p>\n<a href=\"https:\/\/vinaprskalo.com\/\">Naslovnica<\/a>\n<\/p><\/blockquote>\n<p><iframe class=\"wp-embedded-content\" sandbox=\"allow-scripts\" security=\"restricted\" style=\"position: absolute; clip: rect(1px, 1px, 1px, 1px);\" title=\"&#8220;Naslovnica&#8221; &#8212; Vina Prskalo\" src=\"https:\/\/vinaprskalo.com\/embed\/#?secret=4kV8bRicTM#?secret=XgGPsvHadC\" data-secret=\"XgGPsvHadC\" width=\"600\" height=\"338\" frameborder=\"0\" marginwidth=\"0\" marginheight=\"0\" scrolling=\"no\"><\/iframe><br \/>\nGPS: 45\u00b006&#8217;43.3&#8243;N 14\u00b003&#8217;42.2&#8243;E<\/p>\n\n\t\t<\/div> \n\t<\/div> <\/div><\/div><\/div><div class=\"wpb_column vc_column_container vc_col-sm-6\"><div class=\"vc_column-inner\"><div class=\"wpb_wrapper\">\n<div class=\"vc_grid-container-wrapper vc_clearfix\">\n\t<div class=\"vc_grid-container vc_clearfix wpb_content_element vc_masonry_media_grid\" data-initial-loading-animation=\"zoomIn\" data-vc-grid-settings=\"{&quot;page_id&quot;:1008461,&quot;style&quot;:&quot;all-masonry&quot;,&quot;action&quot;:&quot;vc_get_vc_grid_data&quot;,&quot;shortcode_id&quot;:&quot;1761038214561-67bf469a-6064-3&quot;,&quot;tag&quot;:&quot;vc_masonry_media_grid&quot;}\" data-vc-request=\"https:\/\/tzosvetanedelja.hr\/wp-admin\/admin-ajax.php\" data-vc-post-id=\"1008461\" data-vc-public-nonce=\"960e40619d\">\n\t\t\n\t<\/div>\n<\/div><\/div><\/div><\/div><\/div><\/div><\/div>","protected":false},"excerpt":{"rendered":"Vinari Kada ste \u017eeljni dobrog vina, svakako posjetite Svetu Nedelju u Istri. Vino je neizostavni dio \u017eivota ljudi ovoga kraja. Svi koji su u pro\u0161losti imali zemlju radili su i svoje vino, iz jednostavnog razloga jer su se ljudi voljeli opustiti i razveseliti pa su...","protected":false},"author":2,"featured_media":0,"parent":0,"menu_order":0,"comment_status":"open","ping_status":"closed","template":"full_width.php","meta":[],"_links":{"self":[{"href":"https:\/\/tzosvetanedelja.hr\/en\/wp-json\/wp\/v2\/pages\/1008461"}],"collection":[{"href":"https:\/\/tzosvetanedelja.hr\/en\/wp-json\/wp\/v2\/pages"}],"about":[{"href":"https:\/\/tzosvetanedelja.hr\/en\/wp-json\/wp\/v2\/types\/page"}],"author":[{"embeddable":true,"href":"https:\/\/tzosvetanedelja.hr\/en\/wp-json\/wp\/v2\/users\/2"}],"replies":[{"embeddable":true,"href":"https:\/\/tzosvetanedelja.hr\/en\/wp-json\/wp\/v2\/comments?post=1008461"}],"version-history":[{"count":72,"href":"https:\/\/tzosvetanedelja.hr\/en\/wp-json\/wp\/v2\/pages\/1008461\/revisions"}],"predecessor-version":[{"id":1012686,"href":"https:\/\/tzosvetanedelja.hr\/en\/wp-json\/wp\/v2\/pages\/1008461\/revisions\/1012686"}],"wp:attachment":[{"href":"https:\/\/tzosvetanedelja.hr\/en\/wp-json\/wp\/v2\/media?parent=1008461"}],"curies":[{"name":"wp","href":"https:\/\/api.w.org\/{rel}","templated":true}]}}