{"id":1008932,"date":"2022-03-15T12:11:21","date_gmt":"2022-03-15T11:11:21","guid":{"rendered":"https:\/\/tzosvetanedelja.hr\/?page_id=1008932"},"modified":"2022-03-15T12:30:25","modified_gmt":"2022-03-15T11:30:25","slug":"kultura","status":"publish","type":"page","link":"https:\/\/tzosvetanedelja.hr\/en\/culture\/","title":{"rendered":"Culture"},"content":{"rendered":"<div     class=\"vc_row wpb_row section vc_row-fluid header-image-logo vc_custom_1647343170297\" style='background-image:url(https:\/\/tzosvetanedelja.hr\/wp-content\/uploads\/2020\/03\/tzo-slider.jpg); text-align:left;'><div class=\"full_section_inner clearfix\"><div class=\"wpb_column vc_column_container vc_col-sm-12\"><div class=\"vc_column-inner\"><div class=\"wpb_wrapper\">\n\t<div class=\"wpb_raw_code wpb_content_element wpb_raw_html\" >\n\t\t<div class=\"wpb_wrapper\">\n\t\t\t<!-- header place holder -->\n\t\t<\/div>\n\t<\/div>\n<\/div><\/div><\/div><\/div><\/div><div     class=\"vc_row wpb_row section vc_row-fluid header-location grid_section\" style=' text-align:left;'><div class=\"section_inner clearfix\"><div class='section_inner_margin clearfix'><div class=\"wpb_column vc_column_container vc_col-sm-12\"><div class=\"vc_column-inner\"><div class=\"wpb_wrapper\">\n\t<div class=\"wpb_text_column wpb_content_element\">\n\t\t<div class=\"wpb_wrapper\">\n\t\t\t<p><i class=\"fas fa-map-marker-alt\"><\/i>\u00a0\u00a0\u00a0Park skulptura Duborva<\/p>\n\n\t\t<\/div> \n\t<\/div> <\/div><\/div><\/div><\/div><\/div><\/div><div     class=\"vc_row wpb_row section vc_row-fluid  grid_section\" style=' padding-top:80px; text-align:left;'><div class=\"section_inner clearfix\"><div class='section_inner_margin clearfix'><div class=\"wpb_column vc_column_container vc_col-sm-8\"><div class=\"vc_column-inner\"><div class=\"wpb_wrapper\">\n\t<div class=\"wpb_text_column wpb_content_element\">\n\t\t<div class=\"wpb_wrapper\">\n\t\t\t<h1>Culture<\/h1>\n<p><span class=\"lead\">The entire Labin area and the municipality of Sveta Nedelja seem to have an artistic soul, and it is not difficult to understand why \u2013 the landscape is so inspiring that it is hard not to turn this feast for the senses into a work of art.<\/span><\/p>\n<p>The Dubrova Sculpture Park is located along the Pula\u2013Rijeka main road, next to the Dubrova stancija (a country villa with outbuildings), inside which the Frankovi\u0107-Lazzarini Baroque Palace is situated.<\/p>\n<p>It contains 68 sculptures, 16 sections of the White Road and two original works: Amphitheatre Dolac and the information centre. There are 16 more sculptures outside the Park.<\/p>\n<p>It is a favourite place for locals and visitors of Labin to go for a walk, hang out with friends, for children to play or have an outdoor picnic.<\/p>\n<p>One of the most beautiful Croatian sculpture parks offers unique moments of art and nature in an open gallery, covering an area of 33 hectares, partially surrounded by dry stone walls, with natural basins and rich and diverse Mediterranean flora.<\/p>\n<p>The park was created artists\u2019 work of artists through the Mediterranean Sculpture Symposium, a manifestation of international importance, during which an impressive collection of sculptures in Istrian stone is being supplemented since the 1970s. Stone, being one of the most durable materials and a ubiquitous element of the Mediterranean Sculpture Symposium, has become one of the symbols of Labin. Since the 1970s, almost a hundred recognized sculptors from all over the world participated in the symposium, leaving behind tangible results of their creative ideas.<\/p>\n<p>It is recognizable by the largest oeuvre of outdoor works, the authors of which are the leading sculptors from Croatia, Italy, Austria, Slovenia, Serbia, Bosnia and Herzegovina, Macedonia, the USA, Japan, France, Spain, the Netherlands, Switzerland, Canada, Great Britain, South Korea, Slovakia and Hungary, some of which are located in different places throughout Croatia: in Labin, Rabac, Pi\u0107an, Sv. Nedelja, Pazin, Zagreb, Vukovar, and Ilok.<\/p>\n<p>Inside the park, you can walk along the White Road, a path consisting of 16 sections (each 25 meters long), designed by famous Croatian artists, such as Edo Murti\u0107, Julije Knifer and Du\u0161an D\u017eamonja.<\/p>\n<p>The Park also houses the \"Dolac\" amphitheatre, which was designed by the sculptor Josip Dimini\u0107, who, along with the painter Quintin Bassani, is one of the initiators of the mentioned cultural event. The amphitheatre is a place for artistic performances, concerts, theatre and various events for visitors.<\/p>\n<p>Dubrova Sculpture Park is open to visitors throughout the year, 24 hours a day. Entrance is free. We offer guided tours for groups that are organized with prior notice.<\/p>\n<p>Dubrova Sculpture Park is managed by the non-profit organization Mediterranean Sculpture Symposium. The park extends over the territory of the municipality of Sv. Nedelja and the City of Labin.<\/p>\n<p><strong>Contact:<\/strong><br \/>\nRenata Kir\u0161i\u0107, President of the MKS Association T. +385 92 2989595<br \/>\nE. <a href=\"mailto:mediteranskikiparskisimpozij@gmail.com\" target=\"_parent\" rel=\"noopener noreferrer\">mediteranskikiparskisimpozij@gmail.com<\/a><br \/>\nW. <a href=\"http:\/\/www.parkdubrova.eu\/\" target=\"_blank\" rel=\"noopener noreferrer\">www.parkdubrova.eu<\/a><br \/>\nFB. <a href=\"https:\/\/www.facebook.com\/ParkSkulpturaDubrova\/\" target=\"_blank\" rel=\"noopener noreferrer\">ParkSkulpturaDubrova<\/a><br \/>\nGPS. 45\u00b06\u2019 N, 14\u00b06\u2019 E<\/p>\n<p><strong>KA\u0160TEL \u0160UMBER<\/strong> with its settlement below is a protected cultural property of national importance. It was built on the site of a former prehistoric fortress in the hamlet of Stari Grad in \u0160umber. In 1260, the castle came into the possession of the Austrian noble family Sch\u00f6nberg, after whom \u0160umber got its name. Since 1367, it has been part of the Principality of Pazin and became a border fortress between the Austrian and Venetian parts of Istria. With the extinction of the Sch\u00f6nberg family, \u0160umber was annexed to the Ko\u017eljak lordship at the end of the 14th century.<br \/>\nKa\u0161tel \u0160umber has a polygonal floor plan surrounded by walls and defended by two circular semi-towers in the southeast and southwest parts. The walls enclose the courtyard, and the main entrance to the fort is located on the eastern part of the wall. On the inner side of the southern rampart are the remains of a long and narrow one-story palace, and there is another smaller building located in the northeast corner of the castle.<\/p>\n<p><strong>MANORIAL BUILDING COMPLEX \u201cSTANCIJA FRANKOVI\u0106\u2013LAZZARINI\u201d<\/strong> on Dubrova near \u0160trmac; Country-house residential and commercial complex with fortification elements was built in 1654 on the land of the Frankovi\u0107-Vla\u010di\u0107 noble family from Labin. On a large rectangular area surrounded by a high stone wall, there is a garden with an alley\/avenue leading to the entrance to the \"kort\", a four-wing complex with baroque buildings located around an inner courtyard with a narrow square clock tower. Semi-circular towers have been preserved at the two outer corners. In the yard, the original stone paving has been partially preserved, while the castle (residential building) and other auxiliary buildings underwent certain reconstruction alterations. For the most part, they are abandoned, even ruined (east wing), but the baroque ambience and basic characteristics of this type of building complex are preserved. In front of the courtyard is a stone-built cistern and pond, and a long alley leads to the former entrance to the estate, a representative stone portal, built on the model of the early Baroque portals of the patrician palaces in the town of Labin. The farm buildings consist of a palace \u2013 a residential (farm) part for the nobility, a residential part for colonists and servants, and farm buildings (cisterns, barns, stables, grain silos, etc.). An important part thereof is the garden (yard), which has both formative and economical value. The complexes are located in an arranged, cultivated landscape, which shapes the whole so-called cultivated province. The design features of the Istrian country-house complexes, which mostly belong to the Baroque and Classicist periods, coincide with those of Venice, but have a pronounced regional note, recognizable on the buildings in the vicinity of Piran and Koper.<\/p>\n<p><strong>THE ARCHAEOLOGICAL SITE OF KO\u010cUR<\/strong> stands out among cultural assets of regional importance. To the west of today's settlement of \u010camparovica, on the plateau above the Ra\u0161a valley, Ko\u010dur (Cozur) was situated, one of the estates of the patriarch of Aquileia along the Ra\u0161a river. At this site there are the ruins of the one-nave chapel of the Holy Cross. At this place above the canyon of the river Ra\u0161a, there was a prehistoric castle, in operation even during the ancient period.<\/p>\n<p><strong>THE ARCHITECTURAL COUNTRY-HOUSE COMPLEX IN SVETI MARTIN<\/strong> is a protected cultural monument under the protection of the Ministry of Culture of the Republic of Croatia. The complex has a U-plan with a rectangular courtyard in the middle, a residential palace on the eastern side and farm buildings on the northern and western sides. The \"Lazzarini-Battiala\" palace is a building within the Baroque country-house castle of the last great Labin landowner, Baron Lazzarini, built in 1797.<br \/>\nToday, the \"Lazzarini-Battiala\" Palace has 6 comfortable apartments, a wine cellar (tavern) and an Istrian hearth. It is a place where you can learn about local history and culture, art and gastronomy.<br \/>\nAgrotourism \"Ka\u0161tel Pineta\" will provide you with enjoyment of the gastronomic offer in a traditional way. It has been completely renovated for tourism purposes into a facility that offers apartments, with a restaurant where you can taste local specialties exclusively from own production, proprietary wines and homemade brandies and honey, a large indoor swimming pool, in a beautiful natural environment.<br \/>\nThe baroque chapel of Our Lady of Health from 1630 is located west of the complex. Later, the settlement Martinski developed around the complex with the parish church of Sv. Martin dating 1907.<\/p>\n<p><strong>The cultural heritage of the region also includes:<\/strong> Sacral building Paradi\u017e \u2013 Chapel of St. Paul,<br \/>\nthe sacral building Sna\u0161i\u0107i \u2013 the Church of the Annunciation of the Blessed Virgin Mary (\"Mar\u010denica\"),<br \/>\n\u0160umber \u2013 the parish church of St. John and Paul,<br \/>\n\u0160umber \u2013 the Church of St. Kvirin at the cemetery; and<br \/>\n\u0160umber \u2013 the church of St. Mary of Dren<\/p>\n<p>In their immediate vicinity, new construction is prohibited in order to preserve the historical integrity of the monuments, and all construction interventions must preserve the original state of the monuments. Additional conservation and archaeological research is required during the next renovation and regular maintenance, i.e. larger renovative interventions. For all construction interventions on the mentioned buildings, it is necessary to obtain special planning conditions from the competent authority (Conservation Department in Pula).<\/p>\n<p>In the very centre of the municipality of Sveta Nedelja is the Church of the Holy Trinity. From the \"Istarski razvod\" (a legal document on the delimitation of territories between neighbouring communes in Istria, more precisely between the property of the Patriarch of Aquileia, the Prince of Gorica-Pazin, and the representative of the Republic of Venice) it is known that the corner of the Holy Trinity Church was the border of three communes: \u0160umber, Labin and Plomin.<\/p>\n\n\t\t<\/div> \n\t<\/div> <\/div><\/div><\/div><div class=\"wpb_column vc_column_container vc_col-sm-4\"><div class=\"vc_column-inner\"><div class=\"wpb_wrapper\"><\/div><\/div><\/div><\/div><\/div><\/div>","protected":false},"excerpt":{"rendered":"\u00a0\u00a0\u00a0Park skulptura Duborva Kultura Cijela labin\u0161tina pa tako i op\u0107ina Sveta Nedelja kao da imaju umjetni\u010dku du\u0161u, a nije ni te\u0161ko shvatiti za\u0161to; krajolik je tako inspirativan da je te\u0161ko ovu gozbu za osjetila ne preto\u010diti u umjetni\u010dko djelo. Park skulptura Dubrova se nalazi uz...","protected":false},"author":2,"featured_media":0,"parent":0,"menu_order":0,"comment_status":"open","ping_status":"closed","template":"full_width.php","meta":[],"_links":{"self":[{"href":"https:\/\/tzosvetanedelja.hr\/en\/wp-json\/wp\/v2\/pages\/1008932"}],"collection":[{"href":"https:\/\/tzosvetanedelja.hr\/en\/wp-json\/wp\/v2\/pages"}],"about":[{"href":"https:\/\/tzosvetanedelja.hr\/en\/wp-json\/wp\/v2\/types\/page"}],"author":[{"embeddable":true,"href":"https:\/\/tzosvetanedelja.hr\/en\/wp-json\/wp\/v2\/users\/2"}],"replies":[{"embeddable":true,"href":"https:\/\/tzosvetanedelja.hr\/en\/wp-json\/wp\/v2\/comments?post=1008932"}],"version-history":[{"count":3,"href":"https:\/\/tzosvetanedelja.hr\/en\/wp-json\/wp\/v2\/pages\/1008932\/revisions"}],"predecessor-version":[{"id":1008936,"href":"https:\/\/tzosvetanedelja.hr\/en\/wp-json\/wp\/v2\/pages\/1008932\/revisions\/1008936"}],"wp:attachment":[{"href":"https:\/\/tzosvetanedelja.hr\/en\/wp-json\/wp\/v2\/media?parent=1008932"}],"curies":[{"name":"wp","href":"https:\/\/api.w.org\/{rel}","templated":true}]}}