{"id":18698,"date":"2014-05-30T15:16:11","date_gmt":"2014-05-30T15:16:11","guid":{"rendered":"http:\/\/demo.select-themes.com\/stockholm8\/?page_id=18698"},"modified":"2022-01-25T10:18:48","modified_gmt":"2022-01-25T09:18:48","slug":"six-columns-gallery","status":"publish","type":"page","link":"https:\/\/tzosvetanedelja.hr\/en\/six-columns-gallery\/","title":{"rendered":"Six Columns Wide"},"content":{"rendered":"<div     class=\"vc_row wpb_row section vc_row-fluid\" style=' padding-top:58px; padding-bottom:100px; text-align:center;'><div class=\"full_section_inner clearfix\"><div class=\"wpb_column vc_column_container vc_col-sm-12\"><div class=\"vc_column-inner\"><div class=\"wpb_wrapper\"><div class='projects_holder_outer v6 portfolio_with_space portfolio_with_hover_text  qode-filter-position-top'>\n\t<div class='filter_outer center_align'>\n    <div class='filter_holder'>\n        <ul>\n                            <li class='filter_title'><span>Sort Portfolio:<\/span><\/li>\n            \n                            <li class='filter' data-filter='all'><span>All<\/span><\/li>\n            \n                            <li class='filter' data-filter='portfolio_category_133'><span>Culture<\/span>\n                                <\/li>\n                            <li class='filter' data-filter='portfolio_category_130'><span>Op\u0107ina<\/span>\n                                <\/li>\n                    <\/ul>\n    <\/div>\n<\/div>\n\t\n\t<div class='projects_holder clearfix v6 hover_text portfolio_default_image'>\n\t\t<article class=\"mix portfolio_category_133\">\n    <div class='image_holder elegant_hover'>\n        \n<span class='image'><img width=\"550\" height=\"498\" src=\"https:\/\/tzosvetanedelja.hr\/wp-content\/uploads\/2020\/03\/park_2-550x498.jpg\" class=\"attachment-portfolio-default size-portfolio-default wp-post-image\" alt=\"\" loading=\"lazy\" srcset=\"https:\/\/tzosvetanedelja.hr\/wp-content\/uploads\/2020\/03\/park_2-550x498.jpg 550w, https:\/\/tzosvetanedelja.hr\/wp-content\/uploads\/2020\/03\/park_2-480x434.jpg 480w, https:\/\/tzosvetanedelja.hr\/wp-content\/uploads\/2020\/03\/park_2-125x112.jpg 125w\" sizes=\"(max-width: 550px) 100vw, 550px\" \/><\/span>\n                    <a class='portfolio_link_class' href='https:\/\/tzosvetanedelja.hr\/en\/opcina\/park-skulptura-dubrova\/' target='_self'><\/a>\n\t\t\n        <div class=\"portfolio_shader\"><\/div>\n<div class=\"text_holder\">\n\t<div class=\"text_holder_inner\">\n\t\t<div class=\"text_holder_inner2\">\n\t\t\t<h4 class=\"portfolio_title\" > Park skulptura Dubrova<\/h4><h6 class=\"portfolio_subtitle\"> <\/h6>\t\t<\/div>\n\t<\/div>\n<\/div>\n\n\n\n\n    <\/div>\n<\/article>\n<article class=\"mix portfolio_category_130\">\n    <div class='image_holder elegant_hover'>\n        \n<span class='image'><img width=\"550\" height=\"498\" src=\"https:\/\/tzosvetanedelja.hr\/wp-content\/uploads\/2020\/03\/DJI_0611-550x498.jpg\" class=\"attachment-portfolio-default size-portfolio-default wp-post-image\" alt=\"\" loading=\"lazy\" srcset=\"https:\/\/tzosvetanedelja.hr\/wp-content\/uploads\/2020\/03\/DJI_0611-550x498.jpg 550w, https:\/\/tzosvetanedelja.hr\/wp-content\/uploads\/2020\/03\/DJI_0611-480x434.jpg 480w, https:\/\/tzosvetanedelja.hr\/wp-content\/uploads\/2020\/03\/DJI_0611-125x112.jpg 125w\" sizes=\"(max-width: 550px) 100vw, 550px\" \/><\/span>\n                    <a class='portfolio_link_class' href='https:\/\/tzosvetanedelja.hr\/en\/opcina\/povijest\/' target='_self'><\/a>\n\t\t\n        <div class=\"portfolio_shader\"><\/div>\n<div class=\"text_holder\">\n\t<div class=\"text_holder_inner\">\n\t\t<div class=\"text_holder_inner2\">\n\t\t\t<h4 class=\"portfolio_title\" > History<\/h4><h6 class=\"portfolio_subtitle\"> <\/h6>\t\t<\/div>\n\t<\/div>\n<\/div>\n\n\n\n\n    <\/div>\n<\/article>\n<article class=\"mix portfolio_category_130\">\n    <div class='image_holder elegant_hover'>\n        \n<span class='image'><img width=\"550\" height=\"498\" src=\"https:\/\/tzosvetanedelja.hr\/wp-content\/uploads\/2013\/10\/sveta-nedelja-vegetacija-550x498.jpg\" class=\"attachment-portfolio-default size-portfolio-default wp-post-image\" alt=\"\" loading=\"lazy\" srcset=\"https:\/\/tzosvetanedelja.hr\/wp-content\/uploads\/2013\/10\/sveta-nedelja-vegetacija-550x498.jpg 550w, https:\/\/tzosvetanedelja.hr\/wp-content\/uploads\/2013\/10\/sveta-nedelja-vegetacija-480x434.jpg 480w, https:\/\/tzosvetanedelja.hr\/wp-content\/uploads\/2013\/10\/sveta-nedelja-vegetacija-125x112.jpg 125w\" sizes=\"(max-width: 550px) 100vw, 550px\" \/><\/span>\n                    <a class='portfolio_link_class' href='https:\/\/tzosvetanedelja.hr\/en\/opcina\/vegetacija\/' target='_self'><\/a>\n\t\t\n        <div class=\"portfolio_shader\"><\/div>\n<div class=\"text_holder\">\n\t<div class=\"text_holder_inner\">\n\t\t<div class=\"text_holder_inner2\">\n\t\t\t<h4 class=\"portfolio_title\" > Vegetation<\/h4><h6 class=\"portfolio_subtitle\"> <\/h6>\t\t<\/div>\n\t<\/div>\n<\/div>\n\n\n\n\n    <\/div>\n<\/article>\n<article class=\"mix portfolio_category_130\">\n    <div class='image_holder elegant_hover'>\n        \n<span class='image'><img width=\"550\" height=\"498\" src=\"https:\/\/tzosvetanedelja.hr\/wp-content\/uploads\/2013\/10\/sveta-nedelja-geografksi-polozaj-550x498.jpg\" class=\"attachment-portfolio-default size-portfolio-default wp-post-image\" alt=\"\" loading=\"lazy\" srcset=\"https:\/\/tzosvetanedelja.hr\/wp-content\/uploads\/2013\/10\/sveta-nedelja-geografksi-polozaj-550x498.jpg 550w, https:\/\/tzosvetanedelja.hr\/wp-content\/uploads\/2013\/10\/sveta-nedelja-geografksi-polozaj-480x434.jpg 480w, https:\/\/tzosvetanedelja.hr\/wp-content\/uploads\/2013\/10\/sveta-nedelja-geografksi-polozaj-125x112.jpg 125w\" sizes=\"(max-width: 550px) 100vw, 550px\" \/><\/span>\n                    <a class='portfolio_link_class' href='https:\/\/tzosvetanedelja.hr\/en\/opcina\/geografski-polozaj\/' target='_self'><\/a>\n\t\t\n        <div class=\"portfolio_shader\"><\/div>\n<div class=\"text_holder\">\n\t<div class=\"text_holder_inner\">\n\t\t<div class=\"text_holder_inner2\">\n\t\t\t<h4 class=\"portfolio_title\" > Geographical location<\/h4><h6 class=\"portfolio_subtitle\"> <\/h6>\t\t<\/div>\n\t<\/div>\n<\/div>\n\n\n\n\n    <\/div>\n<\/article>\n<article class=\"mix portfolio_category_130\">\n    <div class='image_holder elegant_hover'>\n        \n<span class='image'><img width=\"550\" height=\"498\" src=\"https:\/\/tzosvetanedelja.hr\/wp-content\/uploads\/2013\/10\/sveta-nedelja-gastronomija-550x498.jpg\" class=\"attachment-portfolio-default size-portfolio-default wp-post-image\" alt=\"\" loading=\"lazy\" srcset=\"https:\/\/tzosvetanedelja.hr\/wp-content\/uploads\/2013\/10\/sveta-nedelja-gastronomija-550x498.jpg 550w, https:\/\/tzosvetanedelja.hr\/wp-content\/uploads\/2013\/10\/sveta-nedelja-gastronomija-480x434.jpg 480w, https:\/\/tzosvetanedelja.hr\/wp-content\/uploads\/2013\/10\/sveta-nedelja-gastronomija-125x112.jpg 125w\" sizes=\"(max-width: 550px) 100vw, 550px\" \/><\/span>\n                    <a class='portfolio_link_class' href='https:\/\/tzosvetanedelja.hr\/en\/opcina\/gastronomija\/' target='_self'><\/a>\n\t\t\n        <div class=\"portfolio_shader\"><\/div>\n<div class=\"text_holder\">\n\t<div class=\"text_holder_inner\">\n\t\t<div class=\"text_holder_inner2\">\n\t\t\t<h4 class=\"portfolio_title\" > Gastronomy<\/h4><h6 class=\"portfolio_subtitle\"> <\/h6>\t\t<\/div>\n\t<\/div>\n<\/div>\n\n\n\n\n    <\/div>\n<\/article>\n<article class=\"mix portfolio_category_130\">\n    <div class='image_holder elegant_hover'>\n        \n<span class='image'><img width=\"550\" height=\"498\" src=\"https:\/\/tzosvetanedelja.hr\/wp-content\/uploads\/2013\/10\/LANDING_PAGE_GIF_1400x900px_tmp-3-550x498.jpg\" class=\"attachment-portfolio-default size-portfolio-default wp-post-image\" alt=\"\" loading=\"lazy\" srcset=\"https:\/\/tzosvetanedelja.hr\/wp-content\/uploads\/2013\/10\/LANDING_PAGE_GIF_1400x900px_tmp-3-550x498.jpg 550w, https:\/\/tzosvetanedelja.hr\/wp-content\/uploads\/2013\/10\/LANDING_PAGE_GIF_1400x900px_tmp-3-480x434.jpg 480w, https:\/\/tzosvetanedelja.hr\/wp-content\/uploads\/2013\/10\/LANDING_PAGE_GIF_1400x900px_tmp-3-125x112.jpg 125w\" sizes=\"(max-width: 550px) 100vw, 550px\" \/><\/span>\n                    <a class='portfolio_link_class' href='https:\/\/tzosvetanedelja.hr\/en\/opcina\/kultura\/' target='_self'><\/a>\n\t\t\n        <div class=\"portfolio_shader\"><\/div>\n<div class=\"text_holder\">\n\t<div class=\"text_holder_inner\">\n\t\t<div class=\"text_holder_inner2\">\n\t\t\t<h4 class=\"portfolio_title\" > Culture<\/h4><h6 class=\"portfolio_subtitle\"> <\/h6>\t\t<\/div>\n\t<\/div>\n<\/div>\n\n\n\n\n    <\/div>\n<\/article>\n<article class=\"mix portfolio_category_130\">\n    <div class='image_holder elegant_hover'>\n        \n<span class='image'><img width=\"550\" height=\"498\" src=\"https:\/\/tzosvetanedelja.hr\/wp-content\/uploads\/2013\/10\/sveta-nedelja-klima-550x498.jpg\" class=\"attachment-portfolio-default size-portfolio-default wp-post-image\" alt=\"\" loading=\"lazy\" srcset=\"https:\/\/tzosvetanedelja.hr\/wp-content\/uploads\/2013\/10\/sveta-nedelja-klima-550x498.jpg 550w, https:\/\/tzosvetanedelja.hr\/wp-content\/uploads\/2013\/10\/sveta-nedelja-klima-480x434.jpg 480w, https:\/\/tzosvetanedelja.hr\/wp-content\/uploads\/2013\/10\/sveta-nedelja-klima-125x112.jpg 125w\" sizes=\"(max-width: 550px) 100vw, 550px\" \/><\/span>\n                    <a class='portfolio_link_class' href='https:\/\/tzosvetanedelja.hr\/en\/opcina\/klima\/' target='_self'><\/a>\n\t\t\n        <div class=\"portfolio_shader\"><\/div>\n<div class=\"text_holder\">\n\t<div class=\"text_holder_inner\">\n\t\t<div class=\"text_holder_inner2\">\n\t\t\t<h4 class=\"portfolio_title\" > Climate<\/h4><h6 class=\"portfolio_subtitle\"> <\/h6>\t\t<\/div>\n\t<\/div>\n<\/div>\n\n\n\n\n    <\/div>\n<\/article>\n\t\t\t\t\t<div class='filler'><\/div>\n\t\t\t\t\t\t\t\t\t<div class='filler'><\/div>\n\t\t\t\t\t\t\t\t\t<div class='filler'><\/div>\n\t\t\t\t\t\t\t\t\t<div class='filler'><\/div>\n\t\t\t\t\t\t\t\t\t<div class='filler'><\/div>\n\t\t\t\t\t\t\t\t\t<div class='filler'><\/div>\n\t\t\t\t\t<\/div>\n\t<\/div>\n<\/div><\/div><\/div><\/div><\/div>","protected":false},"excerpt":{"rendered":"Sveta Nedelja se nalazi na raskri\u017eju Mediteranske i kontinentalne klime uz zanimljive morske utjecaje doline rijeke Ra\u0161e i Plominskog zaljeva. Iako se geografski nalaze u unutra\u0161njost, mjesta koja su pod ve\u0107im utjecajem Ra\u0161e i Plominskog zaljeva u\u017eivaju u klimi sa sredozemnim obilje\u017eja gdje uspijeva vegetacija...","protected":false},"author":2,"featured_media":0,"parent":0,"menu_order":0,"comment_status":"open","ping_status":"open","template":"full_width.php","meta":[],"_links":{"self":[{"href":"https:\/\/tzosvetanedelja.hr\/en\/wp-json\/wp\/v2\/pages\/18698"}],"collection":[{"href":"https:\/\/tzosvetanedelja.hr\/en\/wp-json\/wp\/v2\/pages"}],"about":[{"href":"https:\/\/tzosvetanedelja.hr\/en\/wp-json\/wp\/v2\/types\/page"}],"author":[{"embeddable":true,"href":"https:\/\/tzosvetanedelja.hr\/en\/wp-json\/wp\/v2\/users\/2"}],"replies":[{"embeddable":true,"href":"https:\/\/tzosvetanedelja.hr\/en\/wp-json\/wp\/v2\/comments?post=18698"}],"version-history":[{"count":1,"href":"https:\/\/tzosvetanedelja.hr\/en\/wp-json\/wp\/v2\/pages\/18698\/revisions"}],"predecessor-version":[{"id":1007282,"href":"https:\/\/tzosvetanedelja.hr\/en\/wp-json\/wp\/v2\/pages\/18698\/revisions\/1007282"}],"wp:attachment":[{"href":"https:\/\/tzosvetanedelja.hr\/en\/wp-json\/wp\/v2\/media?parent=18698"}],"curies":[{"name":"wp","href":"https:\/\/api.w.org\/{rel}","templated":true}]}}