{"id":5781,"date":"2013-12-04T16:36:41","date_gmt":"2013-12-04T16:36:41","guid":{"rendered":"http:\/\/demo.select-themes.com\/stockholm8\/?page_id=5781"},"modified":"2022-01-25T10:19:01","modified_gmt":"2022-01-25T09:19:01","slug":"two-columns-grid-standard","status":"publish","type":"page","link":"https:\/\/tzosvetanedelja.hr\/en\/two-columns-grid-standard\/","title":{"rendered":"Two Column Grid"},"content":{"rendered":"<div     class=\"vc_row wpb_row section vc_row-fluid\" style=' padding-top:14px; padding-bottom:100px; text-align:center;'><div class=\"full_section_inner clearfix\"><div class=\"wpb_column vc_column_container vc_col-sm-12\"><div class=\"vc_column-inner\"><div class=\"wpb_wrapper\"><div class='projects_holder_outer v2 portfolio_with_space portfolio_standard  qode-filter-position-top'>\n\t<div class='filter_outer center_align'>\n    <div class='filter_holder'>\n        <ul>\n                            <li class='filter_title'><span>Sort Portfolio:<\/span><\/li>\n            \n                            <li class='filter' data-filter='all'><span>All<\/span><\/li>\n            \n                            <li class='filter' data-filter='portfolio_category_133'><span>Culture<\/span>\n                                <\/li>\n                            <li class='filter' data-filter='portfolio_category_130'><span>Op\u0107ina<\/span>\n                                <\/li>\n                    <\/ul>\n    <\/div>\n<\/div>\n\t\n\t<div class='projects_holder clearfix v2 standard portfolio_default_image'>\n\t\t<article class=\"mix portfolio_category_130\">\n    <div class='image_holder default_hover'>\n        \n<span class='image'><img width=\"550\" height=\"498\" src=\"https:\/\/tzosvetanedelja.hr\/wp-content\/uploads\/2013\/10\/sveta-nedelja-vegetacija-550x498.jpg\" class=\"attachment-portfolio-default size-portfolio-default wp-post-image\" alt=\"\" loading=\"lazy\" srcset=\"https:\/\/tzosvetanedelja.hr\/wp-content\/uploads\/2013\/10\/sveta-nedelja-vegetacija-550x498.jpg 550w, https:\/\/tzosvetanedelja.hr\/wp-content\/uploads\/2013\/10\/sveta-nedelja-vegetacija-480x434.jpg 480w, https:\/\/tzosvetanedelja.hr\/wp-content\/uploads\/2013\/10\/sveta-nedelja-vegetacija-125x112.jpg 125w\" sizes=\"(max-width: 550px) 100vw, 550px\" \/><\/span>\n                    <a class='portfolio_link_class' href='https:\/\/tzosvetanedelja.hr\/en\/opcina\/vegetacija\/' target='_self'><\/a>\n\t\t\n        <div class=\"portfolio_shader\"><\/div>\n\t\t<div class=\"icons_holder\">\n\t<div class=\"icons_holder_inner\">\n\t\t\t\t\t<a class='portfolio_lightbox' title='Two Column Grid' href='https:\/\/tzosvetanedelja.hr\/wp-content\/uploads\/2013\/10\/sveta-nedelja-vegetacija.jpg' data-rel='prettyPhoto[pretty_photo_gallery]'><\/a>\n\t\t\t\t\t<\/div>\n<\/div>\n    <\/div>\n\n    <div class='portfolio_description  text_align_center' >\n            <h4 class=\"portfolio_title\" ><a href=\"https:\/\/tzosvetanedelja.hr\/en\/opcina\/vegetacija\/\" target=\"_self\"> Vegetation<\/a><\/h4>\n<h6 class=\"portfolio_subtitle\"> <\/h6>    <\/div>\n<\/article>\n<article class=\"mix portfolio_category_130\">\n    <div class='image_holder default_hover'>\n        \n<span class='image'><img width=\"550\" height=\"498\" src=\"https:\/\/tzosvetanedelja.hr\/wp-content\/uploads\/2020\/03\/DJI_0611-550x498.jpg\" class=\"attachment-portfolio-default size-portfolio-default wp-post-image\" alt=\"\" loading=\"lazy\" srcset=\"https:\/\/tzosvetanedelja.hr\/wp-content\/uploads\/2020\/03\/DJI_0611-550x498.jpg 550w, https:\/\/tzosvetanedelja.hr\/wp-content\/uploads\/2020\/03\/DJI_0611-480x434.jpg 480w, https:\/\/tzosvetanedelja.hr\/wp-content\/uploads\/2020\/03\/DJI_0611-125x112.jpg 125w\" sizes=\"(max-width: 550px) 100vw, 550px\" \/><\/span>\n                    <a class='portfolio_link_class' href='https:\/\/tzosvetanedelja.hr\/en\/opcina\/povijest\/' target='_self'><\/a>\n\t\t\n        <div class=\"portfolio_shader\"><\/div>\n\t\t<div class=\"icons_holder\">\n\t<div class=\"icons_holder_inner\">\n\t\t\t\t\t<a class='portfolio_lightbox' title='Two Column Grid' href='https:\/\/tzosvetanedelja.hr\/wp-content\/uploads\/2020\/03\/DJI_0611.jpg' data-rel='prettyPhoto[pretty_photo_gallery]'><\/a>\n\t\t\t\t\t<\/div>\n<\/div>\n    <\/div>\n\n    <div class='portfolio_description  text_align_center' >\n            <h4 class=\"portfolio_title\" ><a href=\"https:\/\/tzosvetanedelja.hr\/en\/opcina\/povijest\/\" target=\"_self\"> History<\/a><\/h4>\n<h6 class=\"portfolio_subtitle\"> <\/h6>    <\/div>\n<\/article>\n<article class=\"mix portfolio_category_133\">\n    <div class='image_holder default_hover'>\n        \n<span class='image'><img width=\"550\" height=\"498\" src=\"https:\/\/tzosvetanedelja.hr\/wp-content\/uploads\/2020\/03\/park_2-550x498.jpg\" class=\"attachment-portfolio-default size-portfolio-default wp-post-image\" alt=\"\" loading=\"lazy\" srcset=\"https:\/\/tzosvetanedelja.hr\/wp-content\/uploads\/2020\/03\/park_2-550x498.jpg 550w, https:\/\/tzosvetanedelja.hr\/wp-content\/uploads\/2020\/03\/park_2-480x434.jpg 480w, https:\/\/tzosvetanedelja.hr\/wp-content\/uploads\/2020\/03\/park_2-125x112.jpg 125w\" sizes=\"(max-width: 550px) 100vw, 550px\" \/><\/span>\n                    <a class='portfolio_link_class' href='https:\/\/tzosvetanedelja.hr\/en\/opcina\/park-skulptura-dubrova\/' target='_self'><\/a>\n\t\t\n        <div class=\"portfolio_shader\"><\/div>\n\t\t<div class=\"icons_holder\">\n\t<div class=\"icons_holder_inner\">\n\t\t\t\t\t<a class='portfolio_lightbox' title='Two Column Grid' href='https:\/\/tzosvetanedelja.hr\/wp-content\/uploads\/2020\/03\/park_2.jpg' data-rel='prettyPhoto[pretty_photo_gallery]'><\/a>\n\t\t\t\t\t<\/div>\n<\/div>\n    <\/div>\n\n    <div class='portfolio_description  text_align_center' >\n            <h4 class=\"portfolio_title\" ><a href=\"https:\/\/tzosvetanedelja.hr\/en\/opcina\/park-skulptura-dubrova\/\" target=\"_self\"> Park skulptura Dubrova<\/a><\/h4>\n<h6 class=\"portfolio_subtitle\"> <\/h6>    <\/div>\n<\/article>\n<article class=\"mix portfolio_category_130\">\n    <div class='image_holder default_hover'>\n        \n<span class='image'><img width=\"550\" height=\"498\" src=\"https:\/\/tzosvetanedelja.hr\/wp-content\/uploads\/2013\/10\/LANDING_PAGE_GIF_1400x900px_tmp-3-550x498.jpg\" class=\"attachment-portfolio-default size-portfolio-default wp-post-image\" alt=\"\" loading=\"lazy\" srcset=\"https:\/\/tzosvetanedelja.hr\/wp-content\/uploads\/2013\/10\/LANDING_PAGE_GIF_1400x900px_tmp-3-550x498.jpg 550w, https:\/\/tzosvetanedelja.hr\/wp-content\/uploads\/2013\/10\/LANDING_PAGE_GIF_1400x900px_tmp-3-480x434.jpg 480w, https:\/\/tzosvetanedelja.hr\/wp-content\/uploads\/2013\/10\/LANDING_PAGE_GIF_1400x900px_tmp-3-125x112.jpg 125w\" sizes=\"(max-width: 550px) 100vw, 550px\" \/><\/span>\n                    <a class='portfolio_link_class' href='https:\/\/tzosvetanedelja.hr\/en\/opcina\/kultura\/' target='_self'><\/a>\n\t\t\n        <div class=\"portfolio_shader\"><\/div>\n\t\t<div class=\"icons_holder\">\n\t<div class=\"icons_holder_inner\">\n\t\t\t\t\t<a class='portfolio_lightbox' title='Two Column Grid' href='https:\/\/tzosvetanedelja.hr\/wp-content\/uploads\/2013\/10\/LANDING_PAGE_GIF_1400x900px_tmp-3.jpg' data-rel='prettyPhoto[pretty_photo_gallery]'><\/a>\n\t\t\t\t\t<\/div>\n<\/div>\n    <\/div>\n\n    <div class='portfolio_description  text_align_center' >\n            <h4 class=\"portfolio_title\" ><a href=\"https:\/\/tzosvetanedelja.hr\/en\/opcina\/kultura\/\" target=\"_self\"> Culture<\/a><\/h4>\n<h6 class=\"portfolio_subtitle\"> <\/h6>    <\/div>\n<\/article>\n<article class=\"mix portfolio_category_130\">\n    <div class='image_holder default_hover'>\n        \n<span class='image'><img width=\"550\" height=\"498\" src=\"https:\/\/tzosvetanedelja.hr\/wp-content\/uploads\/2013\/10\/sveta-nedelja-klima-550x498.jpg\" class=\"attachment-portfolio-default size-portfolio-default wp-post-image\" alt=\"\" loading=\"lazy\" srcset=\"https:\/\/tzosvetanedelja.hr\/wp-content\/uploads\/2013\/10\/sveta-nedelja-klima-550x498.jpg 550w, https:\/\/tzosvetanedelja.hr\/wp-content\/uploads\/2013\/10\/sveta-nedelja-klima-480x434.jpg 480w, https:\/\/tzosvetanedelja.hr\/wp-content\/uploads\/2013\/10\/sveta-nedelja-klima-125x112.jpg 125w\" sizes=\"(max-width: 550px) 100vw, 550px\" \/><\/span>\n                    <a class='portfolio_link_class' href='https:\/\/tzosvetanedelja.hr\/en\/opcina\/klima\/' target='_self'><\/a>\n\t\t\n        <div class=\"portfolio_shader\"><\/div>\n\t\t<div class=\"icons_holder\">\n\t<div class=\"icons_holder_inner\">\n\t\t\t\t\t<a class='portfolio_lightbox' title='Two Column Grid' href='https:\/\/tzosvetanedelja.hr\/wp-content\/uploads\/2013\/10\/sveta-nedelja-klima.jpg' data-rel='prettyPhoto[pretty_photo_gallery]'><\/a>\n\t\t\t\t\t<\/div>\n<\/div>\n    <\/div>\n\n    <div class='portfolio_description  text_align_center' >\n            <h4 class=\"portfolio_title\" ><a href=\"https:\/\/tzosvetanedelja.hr\/en\/opcina\/klima\/\" target=\"_self\"> Climate<\/a><\/h4>\n<h6 class=\"portfolio_subtitle\"> <\/h6>    <\/div>\n<\/article>\n<article class=\"mix portfolio_category_130\">\n    <div class='image_holder default_hover'>\n        \n<span class='image'><img width=\"550\" height=\"498\" src=\"https:\/\/tzosvetanedelja.hr\/wp-content\/uploads\/2013\/10\/sveta-nedelja-geografksi-polozaj-550x498.jpg\" class=\"attachment-portfolio-default size-portfolio-default wp-post-image\" alt=\"\" loading=\"lazy\" srcset=\"https:\/\/tzosvetanedelja.hr\/wp-content\/uploads\/2013\/10\/sveta-nedelja-geografksi-polozaj-550x498.jpg 550w, https:\/\/tzosvetanedelja.hr\/wp-content\/uploads\/2013\/10\/sveta-nedelja-geografksi-polozaj-480x434.jpg 480w, https:\/\/tzosvetanedelja.hr\/wp-content\/uploads\/2013\/10\/sveta-nedelja-geografksi-polozaj-125x112.jpg 125w\" sizes=\"(max-width: 550px) 100vw, 550px\" \/><\/span>\n                    <a class='portfolio_link_class' href='https:\/\/tzosvetanedelja.hr\/en\/opcina\/geografski-polozaj\/' target='_self'><\/a>\n\t\t\n        <div class=\"portfolio_shader\"><\/div>\n\t\t<div class=\"icons_holder\">\n\t<div class=\"icons_holder_inner\">\n\t\t\t\t\t<a class='portfolio_lightbox' title='Two Column Grid' href='https:\/\/tzosvetanedelja.hr\/wp-content\/uploads\/2013\/10\/sveta-nedelja-geografksi-polozaj.jpg' data-rel='prettyPhoto[pretty_photo_gallery]'><\/a>\n\t\t\t\t\t<\/div>\n<\/div>\n    <\/div>\n\n    <div class='portfolio_description  text_align_center' >\n            <h4 class=\"portfolio_title\" ><a href=\"https:\/\/tzosvetanedelja.hr\/en\/opcina\/geografski-polozaj\/\" target=\"_self\"> Geographical location<\/a><\/h4>\n<h6 class=\"portfolio_subtitle\"> <\/h6>    <\/div>\n<\/article>\n<article class=\"mix portfolio_category_130\">\n    <div class='image_holder default_hover'>\n        \n<span class='image'><img width=\"550\" height=\"498\" src=\"https:\/\/tzosvetanedelja.hr\/wp-content\/uploads\/2013\/10\/sveta-nedelja-gastronomija-550x498.jpg\" class=\"attachment-portfolio-default size-portfolio-default wp-post-image\" alt=\"\" loading=\"lazy\" srcset=\"https:\/\/tzosvetanedelja.hr\/wp-content\/uploads\/2013\/10\/sveta-nedelja-gastronomija-550x498.jpg 550w, https:\/\/tzosvetanedelja.hr\/wp-content\/uploads\/2013\/10\/sveta-nedelja-gastronomija-480x434.jpg 480w, https:\/\/tzosvetanedelja.hr\/wp-content\/uploads\/2013\/10\/sveta-nedelja-gastronomija-125x112.jpg 125w\" sizes=\"(max-width: 550px) 100vw, 550px\" \/><\/span>\n                    <a class='portfolio_link_class' href='https:\/\/tzosvetanedelja.hr\/en\/opcina\/gastronomija\/' target='_self'><\/a>\n\t\t\n        <div class=\"portfolio_shader\"><\/div>\n\t\t<div class=\"icons_holder\">\n\t<div class=\"icons_holder_inner\">\n\t\t\t\t\t<a class='portfolio_lightbox' title='Two Column Grid' href='https:\/\/tzosvetanedelja.hr\/wp-content\/uploads\/2013\/10\/sveta-nedelja-gastronomija.jpg' data-rel='prettyPhoto[pretty_photo_gallery]'><\/a>\n\t\t\t\t\t<\/div>\n<\/div>\n    <\/div>\n\n    <div class='portfolio_description  text_align_center' >\n            <h4 class=\"portfolio_title\" ><a href=\"https:\/\/tzosvetanedelja.hr\/en\/opcina\/gastronomija\/\" target=\"_self\"> Gastronomy<\/a><\/h4>\n<h6 class=\"portfolio_subtitle\"> <\/h6>    <\/div>\n<\/article>\n\t\t\t\t\t<div class='filler'><\/div>\n\t\t\t\t\t\t\t\t\t<div class='filler'><\/div>\n\t\t\t\t\t<\/div>\n\t<\/div>\n<\/div><\/div><\/div><\/div><\/div>","protected":false},"excerpt":{"rendered":"Gastronomija je ne\u0161to po \u010demu je Istra i svakako Sveta Nedelja nadaleko poznata. Okusi Mediterana, svje\u017eih plodova njiva obasjanim suncem su samo kap u moru gastronomskih delicija ovog kraja koje uklju\u010duju svje\u017ee vo\u0107e i povr\u0107e te ribu iz plavih dubina i mesni proizvodi sa zelenih...","protected":false},"author":2,"featured_media":0,"parent":0,"menu_order":0,"comment_status":"open","ping_status":"open","template":"","meta":[],"_links":{"self":[{"href":"https:\/\/tzosvetanedelja.hr\/en\/wp-json\/wp\/v2\/pages\/5781"}],"collection":[{"href":"https:\/\/tzosvetanedelja.hr\/en\/wp-json\/wp\/v2\/pages"}],"about":[{"href":"https:\/\/tzosvetanedelja.hr\/en\/wp-json\/wp\/v2\/types\/page"}],"author":[{"embeddable":true,"href":"https:\/\/tzosvetanedelja.hr\/en\/wp-json\/wp\/v2\/users\/2"}],"replies":[{"embeddable":true,"href":"https:\/\/tzosvetanedelja.hr\/en\/wp-json\/wp\/v2\/comments?post=5781"}],"version-history":[{"count":1,"href":"https:\/\/tzosvetanedelja.hr\/en\/wp-json\/wp\/v2\/pages\/5781\/revisions"}],"predecessor-version":[{"id":1007287,"href":"https:\/\/tzosvetanedelja.hr\/en\/wp-json\/wp\/v2\/pages\/5781\/revisions\/1007287"}],"wp:attachment":[{"href":"https:\/\/tzosvetanedelja.hr\/en\/wp-json\/wp\/v2\/media?parent=5781"}],"curies":[{"name":"wp","href":"https:\/\/api.w.org\/{rel}","templated":true}]}}