{"id":1006604,"date":"2020-11-11T11:38:22","date_gmt":"2020-11-11T11:38:22","guid":{"rendered":"https:\/\/tzosvetanedelja.hr\/?page_id=1006604"},"modified":"2025-02-26T13:24:50","modified_gmt":"2025-02-26T12:24:50","slug":"pravo-na-pristup-informacijama","status":"publish","type":"page","link":"https:\/\/tzosvetanedelja.hr\/it\/pravo-na-pristup-informacijama\/","title":{"rendered":"Pravo na pristup informacijama"},"content":{"rendered":"<div     class=\"vc_row wpb_row section vc_row-fluid without-header grid_section\" style=' text-align:left;'><div class=\"section_inner clearfix\"><div class='section_inner_margin clearfix'><div class=\"wpb_column vc_column_container vc_col-sm-12\"><div class=\"vc_column-inner\"><div class=\"wpb_wrapper\">\n\t<div class=\"wpb_text_column wpb_content_element\">\n\t\t<div class=\"wpb_wrapper\">\n\t\t\t<h1>Pravo na pristup informacijama<\/h1>\n\n\t\t<\/div> \n\t<\/div> <\/div><\/div><\/div><\/div><\/div><\/div><div     class=\"vc_row wpb_row section vc_row-fluid vc_custom_1647518788064 grid_section\" style=' text-align:left;'><div class=\"section_inner clearfix\"><div class='section_inner_margin clearfix'><div class=\"wpb_column vc_column_container vc_col-sm-8\"><div class=\"vc_column-inner\"><div class=\"wpb_wrapper\">\n\t<div class=\"wpb_text_column wpb_content_element\">\n\t\t<div class=\"wpb_wrapper\">\n\t\t\t<p>Pravo na pristup informacijama koje posjeduje, kojima raspola\u017ee ili koje nadzire Turisti\u010dka zajednica Op\u0107ine Sveta Nedelja ure\u0111eno je <a href=\"https:\/\/narodne-novine.nn.hr\/clanci\/sluzbeni\/2013_02_25_403.html\" target=\"_blank\" rel=\"noopener noreferrer\">Zakonom<br \/>\no pravu na pristup informacijama (NN 25\/13)<\/a> te <a href=\"https:\/\/narodne-novine.nn.hr\/clanci\/sluzbeni\/2015_08_85_1649.html\">Zakonom o izmjenama i dopunama Zakona o pravu na pristup informacijama (NN 85\/15)<\/a>.<br \/>\nKriteriji za odre\u0111ivanje visine naknade stvarnih materijalnih tro\u0161kova i tro\u0161kova dostave informacije <a href=\"https:\/\/narodne-novine.nn.hr\/clanci\/sluzbeni\/2014_01_12_231.html\">(NN 12\/14)<\/a>; ispravak <a href=\"https:\/\/narodne-novine.nn.hr\/clanci\/sluzbeni\/2014_02_15_316.html\">(NN 15\/14).<\/a><br \/>\nZakonom se propisuju na\u010dela i prava na pristup informacijama, izuzeci od prava na pristup informacijama te postupak za ostvarivanje i za\u0161titu prava na pristup informacijama.<br \/>\nCilj Zakona je omogu\u0107iti i osigurati informaciju fizi\u010dkim i pravnim osobama putem otvorenosti i javnosti djelovanja tijela javne vlasti, sukladno Zakonu.<br \/>\nPravo na informaciju ostvaruje se podno\u0161enjem pisanog zahtjeva Turisti\u010dkoj zajednici Op\u0107ine Sveta Nedelja putem obrasca Zahtjeva za pristup informacijama.<\/p>\n<p>Obrasci:<\/p>\n<p><a href=\"https:\/\/tzosvetanedelja.hr\/wp-content\/uploads\/2025\/02\/Zahtjev_za_pristup_informacijama.pdf\">Zahtjev za pristup informacijama<\/a><\/p>\n<p><a href=\"https:\/\/tzosvetanedelja.hr\/wp-content\/uploads\/2025\/02\/Obrazac-3-Zahtjev-za-dopunu-ili-ispravak-informacije.pdf\">Obrazac Zahtjev za dopunu ili ispravak informacije<\/a><\/p>\n<p><a href=\"https:\/\/tzosvetanedelja.hr\/wp-content\/uploads\/2025\/02\/Obrazac-4-Zahtjev-za-ponovnu-uporabu-informacija__Oporavljeno_.pdf\">Obrazac Zahtjev za ponovnu uporabu informacija <\/a><\/p>\n<p>&nbsp;<\/p>\n<p>&nbsp;<\/p>\n<p>Zahtjev se mo\u017ee dostaviti:<\/p>\n<ul>\n<li>po\u0161tom na adresu: TURISTI\u010cKA ZAJEDNICE OP\u0106INE SVETA NEDELJA, Nede\u0161\u0107ina 103, 52231 Nede\u0161\u0107ina<\/li>\n<li>elektroni\u010dkom po\u0161tom na adresu: info@tzosvetanedelja.hr<\/li>\n<li>osobno u Uredu Turisti\u010dke zajednice Op\u0107ine Sveta Nedelja radnim danom od 7:00 do 15:00 sati<\/li>\n<\/ul>\n<p>Slu\u017ebenik za informiranje: Bianca Dagostin, tel.: +385 52 685-068 Prilikom podno\u0161enja zahtjeva nije potrebno platiti dodatnu naknadu uz obrazac.<\/p>\n<p>&nbsp;<\/p>\n<p><a href=\"https:\/\/tzosvetanedelja.hr\/wp-content\/uploads\/2025\/01\/Godisnje_izvjesce.pdf\">IZVJE\u0160\u0106E O PROVEDBI ZAKONA O PRAVU NA PRISTUP INFORMACIJAMA ZA 2024. GODINU<\/a><\/p>\n<p><a href=\"https:\/\/tzosvetanedelja.hr\/wp-content\/uploads\/2024\/01\/Godisnje_izvjesce-povjerenik.pdf\">IZVJE\u0160\u0106E O PROVEDBI ZAKONA O PRAVU NA PRISTUP INFORMACIJAMA ZA 2023. GODINU<\/a><\/p>\n<p><a href=\"https:\/\/tzosvetanedelja.hr\/wp-content\/uploads\/2023\/01\/Godisnje_izvjesce-2.pdf\">IZVJE\u0160\u0106E O PROVEDBI ZAKONA O PRAVU NA PRISTUP INFORMACIJAMA ZA 2022. GODINU<\/a><\/p>\n\n\t\t<\/div> \n\t<\/div> <\/div><\/div><\/div><div class=\"wpb_column vc_column_container vc_col-sm-4\"><div class=\"vc_column-inner\"><div class=\"wpb_wrapper\"><\/div><\/div><\/div><\/div><\/div><\/div>","protected":false},"excerpt":{"rendered":"Pravo na pristup informacijama Pravo na pristup informacijama koje posjeduje, kojima raspola\u017ee ili koje nadzire Turisti\u010dka zajednica Op\u0107ine Sveta Nedelja ure\u0111eno je Zakonom o pravu na pristup informacijama (NN 25\/13) te Zakonom o izmjenama i dopunama Zakona o pravu na pristup informacijama (NN 85\/15). Kriteriji...","protected":false},"author":2,"featured_media":0,"parent":0,"menu_order":0,"comment_status":"closed","ping_status":"closed","template":"","meta":[],"_links":{"self":[{"href":"https:\/\/tzosvetanedelja.hr\/it\/wp-json\/wp\/v2\/pages\/1006604"}],"collection":[{"href":"https:\/\/tzosvetanedelja.hr\/it\/wp-json\/wp\/v2\/pages"}],"about":[{"href":"https:\/\/tzosvetanedelja.hr\/it\/wp-json\/wp\/v2\/types\/page"}],"author":[{"embeddable":true,"href":"https:\/\/tzosvetanedelja.hr\/it\/wp-json\/wp\/v2\/users\/2"}],"replies":[{"embeddable":true,"href":"https:\/\/tzosvetanedelja.hr\/it\/wp-json\/wp\/v2\/comments?post=1006604"}],"version-history":[{"count":20,"href":"https:\/\/tzosvetanedelja.hr\/it\/wp-json\/wp\/v2\/pages\/1006604\/revisions"}],"predecessor-version":[{"id":1012446,"href":"https:\/\/tzosvetanedelja.hr\/it\/wp-json\/wp\/v2\/pages\/1006604\/revisions\/1012446"}],"wp:attachment":[{"href":"https:\/\/tzosvetanedelja.hr\/it\/wp-json\/wp\/v2\/media?parent=1006604"}],"curies":[{"name":"wp","href":"https:\/\/api.w.org\/{rel}","templated":true}]}}