{"id":1006961,"date":"2020-11-19T09:28:50","date_gmt":"2020-11-19T08:28:50","guid":{"rendered":"https:\/\/tzosvetanedelja.hr\/?page_id=1006961"},"modified":"2022-03-18T07:35:09","modified_gmt":"2022-03-18T06:35:09","slug":"zakonske-odredbe","status":"publish","type":"page","link":"https:\/\/tzosvetanedelja.hr\/it\/zakonske-odredbe\/","title":{"rendered":"Zakonske odredbe"},"content":{"rendered":"<div     class=\"vc_row wpb_row section vc_row-fluid without-header grid_section\" style=' text-align:left;'><div class=\"section_inner clearfix\"><div class='section_inner_margin clearfix'><div class=\"wpb_column vc_column_container vc_col-sm-8\"><div class=\"vc_column-inner\"><div class=\"wpb_wrapper\">\n\t<div class=\"wpb_text_column wpb_content_element\">\n\t\t<div class=\"wpb_wrapper\">\n\t\t\t<h1>Zakonske odredbe<\/h1>\n<p><strong>Zakon o \u010dlanarinama u turisti\u010dkim zajednicama<\/strong><br \/>\n<a href=\"https:\/\/narodne-novine.nn.hr\/clanci\/sluzbeni\/full\/2019_05_52_991.html\" target=\"_blank\" rel=\"noopener\">https:\/\/narodne-novine.nn.hr\/clanci\/sluzbeni\/full\/2019_05_52_991.html<\/a><\/p>\n<p><strong>Pravilnik o godi\u0161njem pau\u0161alnom iznosu \u010dlanarine za osobe koje pru\u017eaju ugostiteljske usluge u doma\u0107instvu i na obiteljskom poljoprivrenom gospodarstvu i o obrascima tz za pla\u0107anje \u010dlanarine turisti\u010dkoj zajednici<\/strong><br \/>\n<a href=\"https:\/\/narodne-novine.nn.hr\/clanci\/sluzbeni\/full\/2020_02_14_251.html\" target=\"_blank\" rel=\"noopener\">https:\/\/narodne-novine.nn.hr\/clanci\/sluzbeni\/full\/2020_02_14_251.html<\/a><\/p>\n<p><strong>Zakon o turisti\u010dkoj pristojbi<\/strong><\/p>\n<ul>\n<li>Zakon o turisti\u010dkoj pristojbi <a href=\"https:\/\/narodne-novine.nn.hr\/clanci\/sluzbeni\/full\/2019_05_52_992.html\" target=\"_blank\" rel=\"noopener\">(NN 52\/19)<\/a>; dopuna <a href=\"https:\/\/narodne-novine.nn.hr\/clanci\/sluzbeni\/full\/2020_03_32_701.html\" target=\"_blank\" rel=\"noopener\">(NN 32\/20)<\/a>; dopune\u00a0<a href=\"https:\/\/narodne-novine.nn.hr\/clanci\/sluzbeni\/full\/2020_04_42_886.html\" target=\"_blank\" rel=\"noopener\">(NN 42\/20)<\/a><\/li>\n<li>Pravilnik o sustavu eVisitor <a href=\"https:\/\/narodne-novine.nn.hr\/clanci\/sluzbeni\/full\/2020_04_43_897.html\" target=\"_blank\" rel=\"noopener\">(NN 43\/20)<\/a><\/li>\n<li>Pravilnik o odgodi ili osloba\u0111anju od pla\u0107anja turisti\u010dke pristojbe za osobe koje pru\u017eaju ugostiteljske usluge u doma\u0107instvu ili na obiteljskom poljoprivrednom gospodarstvu <a href=\"https:\/\/narodne-novine.nn.hr\/clanci\/sluzbeni\/full\/2020_03_36_764.html\" target=\"_blank\" rel=\"noopener\">(NN 36\/20)<\/a><\/li>\n<li>Pravilnik o najni\u017eem i najvi\u0161em iznosu turisti\u010dke pristojbe <a href=\"https:\/\/narodne-novine.nn.hr\/clanci\/sluzbeni\/full\/2019_07_71_1505.html\" target=\"_blank\" rel=\"noopener\">(NN 71\/19)<\/a><\/li>\n<\/ul>\n<p><a href=\"https:\/\/tzosvetanedelja.hr\/wp-content\/uploads\/2022\/01\/Iznosi-turisti\u010dke-pristojbe-na-podru\u010dju-Istarske-\u017eupanije_2022.pdf\" target=\"_blank\" rel=\"noopener\">Iznosi turisti\u010dke pristojbe na podru\u010dju Istarske \u017eupanije_2022<\/a><\/p>\n<p>Sve dodatne materijale vezane za propise iz turizma mo\u017eete prona\u0107i na stranicama Narodnih novina (<a href=\"http:\/\/www.nn.hr\/\" target=\"_blank\" rel=\"noopener noreferrer\">www.nn.hr<\/a>) i na stranicama Ministarstva turizma (<a href=\"https:\/\/mint.gov.hr\" target=\"_blank\" rel=\"noopener noreferrer\">mint.gov.hr<\/a>).<\/p>\n\n\t\t<\/div> \n\t<\/div> <\/div><\/div><\/div><div class=\"wpb_column vc_column_container vc_col-sm-4\"><div class=\"vc_column-inner\"><div class=\"wpb_wrapper\"><\/div><\/div><\/div><\/div><\/div><\/div>","protected":false},"excerpt":{"rendered":"Zakonske odredbe Zakon o \u010dlanarinama u turisti\u010dkim zajednicama https:\/\/narodne-novine.nn.hr\/clanci\/sluzbeni\/full\/2019_05_52_991.html Pravilnik o godi\u0161njem pau\u0161alnom iznosu \u010dlanarine za osobe koje pru\u017eaju ugostiteljske usluge u doma\u0107instvu i na obiteljskom poljoprivrenom gospodarstvu i o obrascima tz za pla\u0107anje \u010dlanarine turisti\u010dkoj zajednici https:\/\/narodne-novine.nn.hr\/clanci\/sluzbeni\/full\/2020_02_14_251.html Zakon o turisti\u010dkoj pristojbi Zakon o turisti\u010dkoj...","protected":false},"author":2,"featured_media":0,"parent":0,"menu_order":0,"comment_status":"closed","ping_status":"closed","template":"full_width.php","meta":[],"_links":{"self":[{"href":"https:\/\/tzosvetanedelja.hr\/it\/wp-json\/wp\/v2\/pages\/1006961"}],"collection":[{"href":"https:\/\/tzosvetanedelja.hr\/it\/wp-json\/wp\/v2\/pages"}],"about":[{"href":"https:\/\/tzosvetanedelja.hr\/it\/wp-json\/wp\/v2\/types\/page"}],"author":[{"embeddable":true,"href":"https:\/\/tzosvetanedelja.hr\/it\/wp-json\/wp\/v2\/users\/2"}],"replies":[{"embeddable":true,"href":"https:\/\/tzosvetanedelja.hr\/it\/wp-json\/wp\/v2\/comments?post=1006961"}],"version-history":[{"count":15,"href":"https:\/\/tzosvetanedelja.hr\/it\/wp-json\/wp\/v2\/pages\/1006961\/revisions"}],"predecessor-version":[{"id":1007333,"href":"https:\/\/tzosvetanedelja.hr\/it\/wp-json\/wp\/v2\/pages\/1006961\/revisions\/1007333"}],"wp:attachment":[{"href":"https:\/\/tzosvetanedelja.hr\/it\/wp-json\/wp\/v2\/media?parent=1006961"}],"curies":[{"name":"wp","href":"https:\/\/api.w.org\/{rel}","templated":true}]}}