{"id":1008287,"date":"2022-02-05T08:14:08","date_gmt":"2022-02-05T07:14:08","guid":{"rendered":"https:\/\/tzosvetanedelja.hr\/?page_id=1008287"},"modified":"2022-03-18T10:09:52","modified_gmt":"2022-03-18T09:09:52","slug":"medari","status":"publish","type":"page","link":"https:\/\/tzosvetanedelja.hr\/it\/produttori-di-miele\/","title":{"rendered":"Produttori di miele"},"content":{"rendered":"<div     class=\"vc_row wpb_row section vc_row-fluid header-image-logo vc_custom_1644224389090\" style='background-image:url(https:\/\/tzosvetanedelja.hr\/wp-content\/uploads\/2020\/03\/tzo-slider.jpg); text-align:left;'><div class=\"full_section_inner clearfix\"><div class=\"wpb_column vc_column_container vc_col-sm-12\"><div class=\"vc_column-inner\"><div class=\"wpb_wrapper\">\n\t<div class=\"wpb_raw_code wpb_content_element wpb_raw_html\" >\n\t\t<div class=\"wpb_wrapper\">\n\t\t\t<!-- header place holder -->\n\t\t<\/div>\n\t<\/div>\n<\/div><\/div><\/div><\/div><\/div><div     class=\"vc_row wpb_row section vc_row-fluid header-location grid_section\" style=' text-align:left;'><div class=\"section_inner clearfix\"><div class='section_inner_margin clearfix'><div class=\"wpb_column vc_column_container vc_col-sm-12\"><div class=\"vc_column-inner\"><div class=\"wpb_wrapper\">\n\t<div class=\"wpb_text_column wpb_content_element\">\n\t\t<div class=\"wpb_wrapper\">\n\t\t\t\n\t\t<\/div> \n\t<\/div> <\/div><\/div><\/div><\/div><\/div><\/div><div     class=\"vc_row wpb_row section vc_row-fluid vc_custom_1647591443372 grid_section\" style=' padding-top:80px; text-align:left;'><div class=\"section_inner clearfix\"><div class='section_inner_margin clearfix'><div class=\"wpb_column vc_column_container vc_col-sm-2\"><div class=\"vc_column-inner\"><div class=\"wpb_wrapper\"><\/div><\/div><\/div><div class=\"wpb_column vc_column_container vc_col-sm-8\"><div class=\"vc_column-inner\"><div class=\"wpb_wrapper\">\n\t<div class=\"wpb_text_column wpb_content_element\">\n\t\t<div class=\"wpb_wrapper\">\n\t\t\t<h1 style=\"text-align: center;\">Produttori di miele<\/h1>\n<p class=\"lead\" style=\"text-align: center;\">Nella zona del comune di Santa Domenica potete trovare anche del miele eccezionale come pure altri prodotti (polline, propoli, cera, pappa reale) dei nostri apicoltori che si occupano da anni di apicoltura con grande impegno e passione, partecipano a competizioni nazionali e vincono medaglie per i loro prodotti.<\/p>\n\n\t\t<\/div> \n\t<\/div> <\/div><\/div><\/div><div class=\"wpb_column vc_column_container vc_col-sm-2\"><div class=\"vc_column-inner\"><div class=\"wpb_wrapper\"><\/div><\/div><\/div><\/div><\/div><\/div><div     class=\"vc_row wpb_row section vc_row-fluid vc_custom_1647591727751 grid_section\" style=' padding-top:80px; text-align:left;'><div class=\"section_inner clearfix\"><div class='section_inner_margin clearfix'><div class=\"wpb_column vc_column_container vc_col-sm-3\"><div class=\"vc_column-inner\"><div class=\"wpb_wrapper\"><div class=\"vc_empty_space\"   style=\"height: 80px\"><span class=\"vc_empty_space_inner\"><\/span><\/div>\n\t<div class=\"wpb_text_column wpb_content_element\">\n\t\t<div class=\"wpb_wrapper\">\n\t\t\t<h2>OPG Radi\u0107anin Florian<\/h2>\n<p><strong>Florian Radi\u010danin<\/strong><\/p>\n<p>Sv. Martin 32B<br \/>\n52231 Nede\u0161\u0107ina<\/p>\n<p>T:\u00a0+385 (0)52 654 045<br \/>\nM: +385 (0)91 222 2238<\/p>\n<hr \/>\n<p><a class=\"link-icons\" title=\"Email adresa\" href=\"mailto:agroturizam.pineta@gmail.com\"><br \/>\n<i class=\"fa-solid fa-envelope\"><\/i><\/a><a class=\"link-icons\" title=\"Internet stranica\" href=\"http:\/\/www.kastel-pineta.com\/appartamenti-ristorante\" target=\"_blank\" rel=\"noopener\"><br \/>\n<i class=\"fa-solid fa-globe\"><\/i><br \/>\n<\/a><a class=\"link-icons\" title=\"Facebook\" href=\"https:\/\/www.facebook.com\/kastelpineta\" target=\"_blank\" rel=\"noopener\"><br \/>\n<i class=\"fa-brands fa-facebook-square\"><\/i><br \/>\n<\/a><a class=\"link-icons\" href=\"https:\/\/goo.gl\/maps\/KqS4V5TAyogucgWX9\" target=\"_blank\" rel=\"noopener\"><br \/>\n<i class=\"fa-solid fa-map-location-dot\" title=\"Google Maps\"><\/i><br \/>\n<\/a><\/p>\n\n\t\t<\/div> \n\t<\/div> <div class=\"vc_empty_space\"   style=\"height: 80px\"><span class=\"vc_empty_space_inner\"><\/span><\/div><\/div><\/div><\/div><div class=\"wpb_column vc_column_container vc_col-sm-9\"><div class=\"vc_column-inner\"><div class=\"wpb_wrapper\">\n<div class=\"vc_grid-container-wrapper vc_clearfix\">\n\t<div class=\"vc_grid-container vc_clearfix wpb_content_element vc_masonry_media_grid\" data-initial-loading-animation=\"zoomIn\" data-vc-grid-settings=\"{&quot;page_id&quot;:1008287,&quot;style&quot;:&quot;all-masonry&quot;,&quot;action&quot;:&quot;vc_get_vc_grid_data&quot;,&quot;shortcode_id&quot;:&quot;1647594503617-e438f2ed-6637-5&quot;,&quot;tag&quot;:&quot;vc_masonry_media_grid&quot;}\" data-vc-request=\"https:\/\/tzosvetanedelja.hr\/wp-admin\/admin-ajax.php\" data-vc-post-id=\"1008287\" data-vc-public-nonce=\"960e40619d\">\n\t\t\n\t<\/div>\n<\/div><\/div><\/div><\/div><\/div><\/div><\/div><div     class=\"vc_row wpb_row section vc_row-fluid vc_custom_1647592294380 grid_section\" style=' padding-top:80px; text-align:left;'><div class=\"section_inner clearfix\"><div class='section_inner_margin clearfix'><div class=\"wpb_column vc_column_container vc_col-sm-3\"><div class=\"vc_column-inner\"><div class=\"wpb_wrapper\"><div class=\"vc_empty_space\"   style=\"height: 80px\"><span class=\"vc_empty_space_inner\"><\/span><\/div>\n\t<div class=\"wpb_text_column wpb_content_element\">\n\t\t<div class=\"wpb_wrapper\">\n\t\t\t<h2>OPG P\u010delarstvo Licul<\/h2>\n<p><strong>Emil Licul<\/strong><\/p>\n<p>Sv. Martin 9<br \/>\n52231 Nede\u0161\u0107ina<\/p>\n<p>M: +385 (0)98 166 9960<\/p>\n<hr \/>\n<p><a class=\"link-icons\" title=\"Email adresa\" href=\"mailto:emil.licul@net.hr\"><br \/>\n<i class=\"fa-solid fa-envelope\"><\/i><\/a><a class=\"link-icons\" title=\"Facebook\" href=\"https:\/\/www.facebook.com\/Opg-P\u010delarstvo-Licul-103892187620434\" target=\"_blank\" rel=\"noopener\"><br \/>\n<i class=\"fa-brands fa-facebook-square\"><\/i><br \/>\n<\/a><\/p>\n\n\t\t<\/div> \n\t<\/div> <div class=\"vc_empty_space\"   style=\"height: 80px\"><span class=\"vc_empty_space_inner\"><\/span><\/div><\/div><\/div><\/div><div class=\"wpb_column vc_column_container vc_col-sm-9\"><div class=\"vc_column-inner\"><div class=\"wpb_wrapper\">\n<div class=\"vc_grid-container-wrapper vc_clearfix\">\n\t<div class=\"vc_grid-container vc_clearfix wpb_content_element vc_masonry_media_grid\" data-initial-loading-animation=\"zoomIn\" data-vc-grid-settings=\"{&quot;page_id&quot;:1008287,&quot;style&quot;:&quot;all-masonry&quot;,&quot;action&quot;:&quot;vc_get_vc_grid_data&quot;,&quot;shortcode_id&quot;:&quot;1647594503618-38951bf4-db5a-6&quot;,&quot;tag&quot;:&quot;vc_masonry_media_grid&quot;}\" data-vc-request=\"https:\/\/tzosvetanedelja.hr\/wp-admin\/admin-ajax.php\" data-vc-post-id=\"1008287\" data-vc-public-nonce=\"960e40619d\">\n\t\t\n\t<\/div>\n<\/div><\/div><\/div><\/div><\/div><\/div><\/div><div     class=\"vc_row wpb_row section vc_row-fluid vc_custom_1647591727751 grid_section\" style=' padding-top:80px; text-align:left;'><div class=\"section_inner clearfix\"><div class='section_inner_margin clearfix'><div class=\"wpb_column vc_column_container vc_col-sm-3\"><div class=\"vc_column-inner\"><div class=\"wpb_wrapper\"><div class=\"vc_empty_space\"   style=\"height: 80px\"><span class=\"vc_empty_space_inner\"><\/span><\/div>\n\t<div class=\"wpb_text_column wpb_content_element\">\n\t\t<div class=\"wpb_wrapper\">\n\t\t\t<h2>OPG \u010cernjuli<\/h2>\n<p><strong>Marko \u010cernjul<\/strong><\/p>\n<p>\u010cernjuli 119<br \/>\n52231 Nede\u0161\u0107ina<\/p>\n<p>M: +385 (0)98 442 785<\/p>\n<hr \/>\n<p><a class=\"link-icons\" title=\"Email adresa\" href=\"mailto:cernjul.marko@gmail.com\"><br \/>\n<i class=\"fa-solid fa-envelope\"><\/i><\/a><\/p>\n\n\t\t<\/div> \n\t<\/div> <div class=\"vc_empty_space\"   style=\"height: 80px\"><span class=\"vc_empty_space_inner\"><\/span><\/div><\/div><\/div><\/div><div class=\"wpb_column vc_column_container vc_col-sm-9\"><div class=\"vc_column-inner\"><div class=\"wpb_wrapper\">\n\t<div class=\"wpb_single_image wpb_content_element vc_align_left\">\n\t\t<div class=\"wpb_wrapper\">\n\t\t\t\n\t\t\t<a href=\"https:\/\/tzosvetanedelja.hr\/wp-content\/uploads\/2022\/03\/OPG-CERNJULI.jpg\" target=\"_self\"><div class=\"vc_single_image-wrapper   vc_box_border_grey\"><img width=\"1060\" height=\"477\" src=\"https:\/\/tzosvetanedelja.hr\/wp-content\/uploads\/2022\/03\/OPG-CERNJULI.jpg\" class=\"vc_single_image-img attachment-large\" alt=\"OPG \u010cernjuli\" loading=\"lazy\" srcset=\"https:\/\/tzosvetanedelja.hr\/wp-content\/uploads\/2022\/03\/OPG-CERNJULI.jpg 1600w, https:\/\/tzosvetanedelja.hr\/wp-content\/uploads\/2022\/03\/OPG-CERNJULI-1000x450.jpg 1000w, https:\/\/tzosvetanedelja.hr\/wp-content\/uploads\/2022\/03\/OPG-CERNJULI-768x346.jpg 768w, https:\/\/tzosvetanedelja.hr\/wp-content\/uploads\/2022\/03\/OPG-CERNJULI-1536x691.jpg 1536w, https:\/\/tzosvetanedelja.hr\/wp-content\/uploads\/2022\/03\/OPG-CERNJULI-700x315.jpg 700w, https:\/\/tzosvetanedelja.hr\/wp-content\/uploads\/2022\/03\/OPG-CERNJULI-1100x495.jpg 1100w\" sizes=\"(max-width: 1060px) 100vw, 1060px\" \/><\/div><\/a>\n\t\t<\/div>\n\t<\/div>\n<\/div><\/div><\/div><\/div><\/div><\/div>","protected":false},"excerpt":{"rendered":"Medari Na podru\u010dju op\u0107ine Sveta Nedelja mo\u017eete prona\u0107i izvrstan med i ostale proizvode (pelud, propolis, vosak, mati\u010dnu mlije\u010d) na\u0161ih p\u010delara koji ve\u0107 godinama ula\u017eu veliki trud i ljubav u p\u010delarstvo, natje\u010du se na dr\u017eavnim natjecanjima te osvajaju medalje za svoje proizvode. OPG Radi\u0107anin Florian Florian...","protected":false},"author":2,"featured_media":0,"parent":0,"menu_order":0,"comment_status":"open","ping_status":"closed","template":"full_width.php","meta":[],"_links":{"self":[{"href":"https:\/\/tzosvetanedelja.hr\/it\/wp-json\/wp\/v2\/pages\/1008287"}],"collection":[{"href":"https:\/\/tzosvetanedelja.hr\/it\/wp-json\/wp\/v2\/pages"}],"about":[{"href":"https:\/\/tzosvetanedelja.hr\/it\/wp-json\/wp\/v2\/types\/page"}],"author":[{"embeddable":true,"href":"https:\/\/tzosvetanedelja.hr\/it\/wp-json\/wp\/v2\/users\/2"}],"replies":[{"embeddable":true,"href":"https:\/\/tzosvetanedelja.hr\/it\/wp-json\/wp\/v2\/comments?post=1008287"}],"version-history":[{"count":33,"href":"https:\/\/tzosvetanedelja.hr\/it\/wp-json\/wp\/v2\/pages\/1008287\/revisions"}],"predecessor-version":[{"id":1008290,"href":"https:\/\/tzosvetanedelja.hr\/it\/wp-json\/wp\/v2\/pages\/1008287\/revisions\/1008290"}],"wp:attachment":[{"href":"https:\/\/tzosvetanedelja.hr\/it\/wp-json\/wp\/v2\/media?parent=1008287"}],"curies":[{"name":"wp","href":"https:\/\/api.w.org\/{rel}","templated":true}]}}