{"id":18626,"date":"2014-05-30T14:08:09","date_gmt":"2014-05-30T14:08:09","guid":{"rendered":"http:\/\/demo.select-themes.com\/stockholm8\/?page_id=18626"},"modified":"2022-03-30T13:15:08","modified_gmt":"2022-03-30T11:15:08","slug":"opcina-sveta-nedelja","status":"publish","type":"page","link":"https:\/\/tzosvetanedelja.hr\/it\/domenica-sveta-nedelja\/","title":{"rendered":"Comune di Santa Domenica (Sveta Nedelja)"},"content":{"rendered":"<div     class=\"vc_row wpb_row section vc_row-fluid header-image-logo\" style='background-image:url(https:\/\/tzosvetanedelja.hr\/wp-content\/uploads\/2020\/03\/tzo-slider.jpg); text-align:left;'><div class=\"full_section_inner clearfix\"><div class=\"wpb_column vc_column_container vc_col-sm-12\"><div class=\"vc_column-inner\"><div class=\"wpb_wrapper\">\n\t<div class=\"wpb_raw_code wpb_content_element wpb_raw_html\" >\n\t\t<div class=\"wpb_wrapper\">\n\t\t\t<!-- header place holder -->\n\t\t<\/div>\n\t<\/div>\n<\/div><\/div><\/div><\/div><\/div><div     class=\"vc_row wpb_row section vc_row-fluid header-location grid_section\" style=' text-align:left;'><div class=\"section_inner clearfix\"><div class='section_inner_margin clearfix'><div class=\"wpb_column vc_column_container vc_col-sm-12\"><div class=\"vc_column-inner\"><div class=\"wpb_wrapper\">\n\t<div class=\"wpb_text_column wpb_content_element\">\n\t\t<div class=\"wpb_wrapper\">\n\t\t\t<p><i class=\"fas fa-map-marker-alt\"><\/i>\u00a0\u00a0\u00a0Nede\u0161\u0107ina<\/p>\n\n\t\t<\/div> \n\t<\/div> <\/div><\/div><\/div><\/div><\/div><\/div><div     class=\"vc_row wpb_row section vc_row-fluid  grid_section\" style=' padding-top:80px; text-align:left;'><div class=\"section_inner clearfix\"><div class='section_inner_margin clearfix'><div class=\"wpb_column vc_column_container vc_col-sm-2\"><div class=\"vc_column-inner\"><div class=\"wpb_wrapper\"><\/div><\/div><\/div><div class=\"wpb_column vc_column_container vc_col-sm-8\"><div class=\"vc_column-inner\"><div class=\"wpb_wrapper\">\n\t<div class=\"wpb_text_column wpb_content_element\">\n\t\t<div class=\"wpb_wrapper\">\n\t\t\t<h1 style=\"text-align: center;\">Comune di Santa Domenica (Sveta Nedelja)<\/h1>\n<p class=\"lead\" style=\"text-align: center;\">Nella parte orientale dell\u2019Istria, su un alto plateau sopra la valle del fiume Arsa (Ra\u0161a) e nell\u2019entroterra della citt\u00e0 di Albona (Labin), si trova il peculiare comune di Santa Domenica (Sveta Nedelja).<br \/>\nLa posizione particolare, laddove la vicinanza del mare come pure dei boschi rigogliosi si riflette nel connubio olistico del verde e del blu, costituisce un forte stimolo per lo sviluppo e la qualit\u00e0 della vita degli abitanti di questo territorio, come pure dei numerosi visitatori.<\/p>\n<p style=\"text-align: center;\">Questa zona abbonda di resti architettonici in grado di narrarvi la lunga e interessante storia di questo territorio e risvegliare in voi il desiderio di ricercare e scoprire perch\u00e9 le famiglie facoltose dei tempi antichi sceglievano proprio questa zona come luogo per costruire le loro tenute di campagna.<\/p>\n\n\t\t<\/div> \n\t<\/div> <\/div><\/div><\/div><div class=\"wpb_column vc_column_container vc_col-sm-2\"><div class=\"vc_column-inner\"><div class=\"wpb_wrapper\"><\/div><\/div><\/div><\/div><\/div><\/div><div     class=\"vc_row wpb_row section vc_row-fluid  grid_section\" style=' padding-top:80px; text-align:left;'><div class=\"section_inner clearfix\"><div class='section_inner_margin clearfix'><div class=\"box-holder box-holder-grey wpb_column vc_column_container vc_col-sm-6\"><div class=\"vc_column-inner\"><div class=\"wpb_wrapper\">\n\t<div class=\"wpb_single_image wpb_content_element vc_align_left   same-height\">\n\t\t<div class=\"wpb_wrapper\">\n\t\t\t\n\t\t\t<div class=\"vc_single_image-wrapper   vc_box_border_grey\"><img width=\"1060\" height=\"706\" src=\"https:\/\/tzosvetanedelja.hr\/wp-content\/uploads\/2022\/01\/SVETI-MARTIN-13-2000x1332.jpg\" class=\"vc_single_image-img attachment-large\" alt=\"Sveti Martin\" loading=\"lazy\" srcset=\"https:\/\/tzosvetanedelja.hr\/wp-content\/uploads\/2022\/01\/SVETI-MARTIN-13-2000x1332.jpg 2000w, https:\/\/tzosvetanedelja.hr\/wp-content\/uploads\/2022\/01\/SVETI-MARTIN-13-1000x666.jpg 1000w, https:\/\/tzosvetanedelja.hr\/wp-content\/uploads\/2022\/01\/SVETI-MARTIN-13-768x512.jpg 768w, https:\/\/tzosvetanedelja.hr\/wp-content\/uploads\/2022\/01\/SVETI-MARTIN-13-1536x1023.jpg 1536w, https:\/\/tzosvetanedelja.hr\/wp-content\/uploads\/2022\/01\/SVETI-MARTIN-13-2048x1364.jpg 2048w, https:\/\/tzosvetanedelja.hr\/wp-content\/uploads\/2022\/01\/SVETI-MARTIN-13-700x466.jpg 700w, https:\/\/tzosvetanedelja.hr\/wp-content\/uploads\/2022\/01\/SVETI-MARTIN-13-1100x733.jpg 1100w\" sizes=\"(max-width: 1060px) 100vw, 1060px\" \/><\/div>\n\t\t<\/div>\n\t<\/div>\n<\/div><\/div><\/div><div class=\"box-holder box-holder-grey wpb_column vc_column_container vc_col-sm-6\"><div class=\"vc_column-inner\"><div class=\"wpb_wrapper\">\n\t<div class=\"wpb_text_column wpb_content_element  same-height\">\n\t\t<div class=\"wpb_wrapper\">\n\t\t\t<h4>Insediamenti<\/h4>\n<p>Ben 21 insediamenti fanno parte del Comune di Santa Domenica: Cere, Er\u017ei\u0161\u0107e, Fran\u010di\u0107i, Jurazini, Kraj Drage, Mali Golji, Mali Turini, Mari\u0107i, Markoci, Nede\u0161\u0107ina, Paradi\u017e, Ru\u017ei\u0107i, Santalezi, Sna\u0161i\u0107i, Sveti Martin, \u0160trmac, \u0160umber, Veli Golji, Veli Turini, Vre\u0107ari e \u017dupani\u0107i.<\/p>\n<p>Gli insediamenti di dimensioni maggiori nel Comune di Santa Domenica sono: Nede\u0161\u0107ina (centro amministrativo del comune), \u0160trmac, \u0160umber e Sveti Martin.<\/p>\n\n\t\t<\/div> \n\t<\/div> <\/div><\/div><\/div><\/div><\/div><\/div><div     class=\"vc_row wpb_row section vc_row-fluid  grid_section\" style=' padding-top:80px; text-align:left;'><div class=\"section_inner clearfix\"><div class='section_inner_margin clearfix'><div class=\"box-holder box-holder-grey wpb_column vc_column_container vc_col-sm-6\"><div class=\"vc_column-inner\"><div class=\"wpb_wrapper\">\n\t<div class=\"wpb_text_column wpb_content_element\">\n\t\t<div class=\"wpb_wrapper\">\n\t\t\t<h4>Popolazione<\/h4>\n<p>Il Comune di Santa Domenica conta 3.158 abitanti secondo il censimento del 2011. Secondo i dati statistici del 2019 sono stati registrati 12.067 arrivi e 110.266 pernottamenti nel Comune di Santa Domenica. Tale dato dimostra quanto il Comune di Santa Domenica sia diventato una destinazione desiderabile.<\/p>\n\n\t\t<\/div> \n\t<\/div> <\/div><\/div><\/div><div class=\"box-holder box-holder-grey wpb_column vc_column_container vc_col-sm-6\"><div class=\"vc_column-inner\"><div class=\"wpb_wrapper\">\n\t<div class=\"wpb_text_column wpb_content_element\">\n\t\t<div class=\"wpb_wrapper\">\n\t\t\t<h4>Posizione geografica<\/h4>\n<p>Il Comune di Santa Domenica si trova su un plateau all\u2019altezza di 250 - 300 metri sopra il livello del mare che si estende dal fiume Arsa (Ra\u0161a) fino al mare nell\u2019entroterra della citt\u00e0 di Albona (Labin). Il fiume Arsa scorre sul confine occidentale del comune e separa la parte centrale dell\u2019Istria da quella orientale. Questa zona si trova a soli dieci chilometri di distanza dal mare a Rabac, quindi in un certo senso \u00e8 un ponte tra l'Istria verde e l\u2019Istria blu.<\/p>\n\n\t\t<\/div> \n\t<\/div> <\/div><\/div><\/div><div class=\"box-holder box-holder-grey wpb_column vc_column_container vc_col-sm-6\"><div class=\"vc_column-inner\"><div class=\"wpb_wrapper\">\n\t<div class=\"wpb_text_column wpb_content_element\">\n\t\t<div class=\"wpb_wrapper\">\n\t\t\t<h4>Clima<\/h4>\n<p>Santa Domenica si trova al crocevia del clima mediterraneo e continentale con un\u2019interessante influenza marina della valle del fiume Arsa e del golfo di Fianona (Plominski zaljev). Sebbene si trovi geograficamente nell\u2019entroterra, le localit\u00e0 che sono maggiormente interessate dall\u2019Arsa e dal golfo di Fianona godono di un clima con caratteristiche mediterranee dove fiorisce la vegetazione che richiede un clima mite mentre per la vegetazione mediterranea (gli olivi ad esempio) qui l\u2019inverno \u00e8 troppo freddo. D\u2019altro canto, i luoghi che si trovano sulle zone pi\u00f9 alte o all\u2019ombra hanno spiccate caratteristiche di clima submediterraneo e di conseguenza hanno inverni pi\u00f9 aspri mentre le estati sono pi\u00f9 miti rispetto al mare. Perci\u00f2 questo posto \u00e8 eccezionale per godersi il mare e alla fine della giornata ritirarsi all\u2019ombra nell\u2019entroterra che offre vento, frescura notturna e frequenti pioggerelline estive.<\/p>\n<p>D\u2019inverno le temperature qui scendono sotto lo zero e possono verificarsi gelate di tarda primavera, anche se la neve \u00e8 molto rara. Durante l\u2019inverno questo territorio \u00e8 sferzato spesso dalla bora, un vento freddo e secco che dalle montagne e dall\u2019entroterra soffia verso il mare. La primavera e l\u2019autunno sono stagioni piovose con qualche occasionale periodo pi\u00f9 lungo di tempo pi\u00f9 stabile e pu\u00f2 essere molto nebbioso in alcuni punti. Con l\u2019autunno arriva il peculiare vento del sud o scirocco (jugo in croato) che porta un tempo nuvoloso, pi\u00f9 caldo e umido, e un cielo cupo. Le estati sono calde, terse e generalmente secche, e la quantit\u00e0 di precipitazioni aumenta in proporzione a quanto ci si sposta dal mare verso l'entroterra.<\/p>\n\n\t\t<\/div> \n\t<\/div> <\/div><\/div><\/div><div class=\"box-holder box-holder-grey wpb_column vc_column_container vc_col-sm-6\"><div class=\"vc_column-inner\"><div class=\"wpb_wrapper\">\n\t<div class=\"wpb_text_column wpb_content_element\">\n\t\t<div class=\"wpb_wrapper\">\n\t\t\t<h4>Vegetazione<\/h4>\n<p>La vegetazione in questo territorio \u00e8 tipicamente submediterranea e nel paesaggio i campi coltivati si alternano a prati e vegetazione boschiva a riprova dei diversi tipi di suolo e clima presenti. Nei boschi prevalgono le specie caducifoglie, tra cui quercia, frassino e castagno europeo. Nelle aree che si trovano ai margini delle zone maggiormente sfruttate si \u00e8 sviluppata una vegetazione ruderale tipica degli insediamenti limitrofi a cave rocciose come l\u2019Epilobio a foglie di rosmarino (Epilobium dodonaei) e la Piantaggine maggiore (Plantago major). La vegetazione boschiva lungo le pendici della valle dell\u2019Arsa si caratterizza per la vegetazione medio-alta e arbusti e alberi bassi.<\/p>\n<p>\u00c8 importante menzionare anche il parco a Nede\u0161\u0107ina, proclamato monumento all'architettura dei parchi nel 1974, situato intorno all'ex Villa Furlani, ossia l'attuale Casa di cura per adulti \"Sv. Nedelja\", che vanta un inventario di piante unico.<\/p>\n<p>Anche se la vegetazione del parco attualmente \u00e8 abbastanza trascurata, tuttora \u00e8 dimora di interessanti  piante quali:  alloro (Laurus nobilis), cedro del Libano (Cedrus libani), paulonia (Paulownia tomentosa), cipresso ( Cupressus sempervirens), robinia (Robinia pseudacacia), ippocastano (Aesculus hippocastanum), pino nero (Pinus nigra), albero di Giuda (Cercis siliquastrum), olmo (Ulmus), abete spagnolo (Abies pinsapo), tasso (Taxus baccata), pioppo bianco ( Populus alba), carpino orientale (Carpinus orientalis), carpino nero (Ostrya carpinifolia), platano orientale (Platanus orientalis) e roverella (Quercus pubescens).<\/p>\n\n\t\t<\/div> \n\t<\/div> <\/div><\/div><\/div><div class=\"box-holder box-holder-grey wpb_column vc_column_container vc_col-sm-12\"><div class=\"vc_column-inner\"><div class=\"wpb_wrapper\">\n\t<div class=\"wpb_text_column wpb_content_element\">\n\t\t<div class=\"wpb_wrapper\">\n\t\t\t<h4>Storia<\/h4>\n<p><span class=\"lead\">La storia dell\u2019Istria, come pure di questa zona, \u00e8 lunga e burrascosa, come \u00e8 facilmente intuibile gi\u00e0 solo osservando la sua posizione geografica: una sorta di crocevia naturale tra forze che si trovavano a est e ad ovest dell\u2019Istria, laddove la vicinanza del mare la poneva al centro di lotte per il controllo delle rotte marittime a fini commerciali.<\/span><\/p>\n<p>Gli insediamenti pi\u00f9 antichi nella zona di Santa Domenica risalgono all\u2019et\u00e0 del bronzo quando in quest\u2019area le trib\u00f9 illiro-celtiche costruivano castellieri o edificazioni preistoriche sulle alture. Nel IV secolo a.C. i Celti fondarono Alvona (Labin o Albona) e la limitrofa Flanona (Plomin), qualche secolo pi\u00f9 tardi, nel 177 a.C. quando i Romani assunsero il potere in Istria, il fiume Arsa divenne il confine naturale tra la zona dei Liburni (trib\u00f9 illirica) e quella dei Romani. In epoca antica Albona fu un centro di significativa importanza per un ampio territorio, solo nell\u2019VIII secolo Carlo Magno istitu\u00ec la Marca del Friuli separando Albona dalla Liburnia.<\/p>\n<p>Lo sviluppo delle localit\u00e0 nell\u2019entroterra di Albona, sopra la valle del fiume Arsa, \u00e8 strettamente legato ai possedimenti del patriarcato di Aquileia ossia successivamente dei nobili tedeschi in quest\u2019area. Con il rafforzamento del feudalesimo si ridusse l\u2019autonomia delle citt\u00e0, fu cos\u00ec che i possedimenti limitrofi finirono in mano a diverse famiglie nobili della Germania nel corso del IX e X secolo. I patriarchi di Aquileia tornarono alla guida dell\u2019Albonese dal 1207 al 1420 e Albona si svilupp\u00f2 come citt\u00e0 libera. Nell\u2019entroterra di Albona in tale periodo si formarono possedimenti feudali come il castello di Casali Sumberesi (\u0160umber).<\/p>\n<p>Dopo il 1420, con la caduta di Aquileia, Albona e Fianona rientrano sotto l\u2019amministrazione veneziana. L\u2019economia di questa zona era legata ai grandi possedimenti feudali che erano gestiti da nobili famiglie di Albona. Nei secoli XVI e XVII viene costruito il palazzo del centro storico di Albona e i castelli con le edificazioni circostanti nell\u2019entroterra.  In tale periodo nascono nuove parrocchie di piccoli insediamenti, gli attuali Nede\u0161\u0107ina, Santa Domenica e Sveti Martin.<\/p>\n<p>Questo territorio conosce un vero sviluppo nel XIX secolo con gli albori dell\u2019industria mineraria, sotto amministrazione francese e poi austriaca. Nell\u2019area di Santa Domenica si apre un pozzo minerario in localit\u00e0 \u0160trmac vicino al quale nasce anche un nuovo piccolo insediamento minerario. Nel XIX secolo Santa Domenica, il luogo che si trovava accanto all\u2019abbazia medievale benedettina della Santissima Trinit\u00e0, di cui oggi non ci sono pi\u00f9 tracce, si rafforza e cresce come centro locale e luogo di svolgimento di fiere ed altri eventi. In tale periodo viene costruita la nuova chiesa grande e comincia a delinearsi il centro della localit\u00e0 con l\u2019ampia piazza. Fino al XX secolo tutta l\u2019area ha goduto di un improvviso sviluppo legato alla produzione industriale e mineraria. Tale fase di crescita si \u00e8 interrotta intorno agli anni \u201970 e \u201880 del secolo scorso quando la significativa riduzione dell\u2019attivit\u00e0 mineraria ha comportato anche una serie di cambiamenti nello stile di vita della gente di questo territorio che ha dovuto reimpiegarsi in nuovi settori dell\u2019economia.<\/p>\n\n\t\t<\/div> \n\t<\/div> <\/div><\/div><\/div><\/div><\/div><\/div>","protected":false},"excerpt":{"rendered":"\u00a0\u00a0\u00a0Nede\u0161\u0107ina Op\u0107ina Sveta Nedelja U isto\u010dnom dijelu sredi\u0161nje Istre, na visokom platou iznad doline rijeke Ra\u0161e i u zale\u0111u grada Labina nalazi se posebna op\u0107ina Sveta Nedelja. Osebujna lokacija, blizina mora, ali i bujnih \u0161uma ozna\u010dava holisti\u010dki spoj zelenog i plavog, koji predstavlja velik potencijal...","protected":false},"author":2,"featured_media":5,"parent":0,"menu_order":0,"comment_status":"open","ping_status":"closed","template":"full_width.php","meta":[],"_links":{"self":[{"href":"https:\/\/tzosvetanedelja.hr\/it\/wp-json\/wp\/v2\/pages\/18626"}],"collection":[{"href":"https:\/\/tzosvetanedelja.hr\/it\/wp-json\/wp\/v2\/pages"}],"about":[{"href":"https:\/\/tzosvetanedelja.hr\/it\/wp-json\/wp\/v2\/types\/page"}],"author":[{"embeddable":true,"href":"https:\/\/tzosvetanedelja.hr\/it\/wp-json\/wp\/v2\/users\/2"}],"replies":[{"embeddable":true,"href":"https:\/\/tzosvetanedelja.hr\/it\/wp-json\/wp\/v2\/comments?post=18626"}],"version-history":[{"count":78,"href":"https:\/\/tzosvetanedelja.hr\/it\/wp-json\/wp\/v2\/pages\/18626\/revisions"}],"predecessor-version":[{"id":1009902,"href":"https:\/\/tzosvetanedelja.hr\/it\/wp-json\/wp\/v2\/pages\/18626\/revisions\/1009902"}],"wp:featuredmedia":[{"embeddable":true,"href":"https:\/\/tzosvetanedelja.hr\/it\/wp-json\/wp\/v2\/media\/5"}],"wp:attachment":[{"href":"https:\/\/tzosvetanedelja.hr\/it\/wp-json\/wp\/v2\/media?parent=18626"}],"curies":[{"name":"wp","href":"https:\/\/api.w.org\/{rel}","templated":true}]}}